{"id":18817,"date":"2017-11-08T05:31:41","date_gmt":"2017-11-08T05:31:41","guid":{"rendered":"https:\/\/pofo.themezaa.com\/?page_id=18817"},"modified":"2023-09-01T04:48:39","modified_gmt":"2023-09-01T04:48:39","slug":"privacy-policy-2","status":"publish","type":"page","link":"https:\/\/ostecit.com\/fr\/privacy-policy-2\/","title":{"rendered":"Privacy policy"},"content":{"rendered":"<section class=\"wpb-content-wrapper\"><section class=\"vc_row wpb_row vc_row-fluid  vc_custom_1510651119539 wow none pofo-row-responsive-69ef5082e74d7\"><div class=\"wpb_column vc_column_container vc_col-sm-2  col-xs-mobile-fullwidth\"><div class=\"vc_column-inner \"><div class=\"wpb_wrapper\">[vc_empty_space height=&#8221;&#8221;]<\/div><\/div><\/div><div class=\"wpb_column vc_column_container vc_col-sm-8  col-xs-mobile-fullwidth\"><div class=\"vc_column-inner \"><div class=\"wpb_wrapper\">[vc_empty_space height=&#8221;80px&#8221;]<div class=\"last-paragraph-no-margin\"><p><strong>Politique de confidentialit\u00e9<\/strong><\/p>\n<p>Ostec Limited exploite le site Web https:\/\/ostecit.com\/fr, qui fournit le SERVICE.<\/p>\n<p>Si vous choisissez d&#8217;utiliser notre service, vous acceptez la collecte et l&#8217;utilisation d&#8217;informations en relation avec cette politique. Les informations personnelles que nous collectons sont utilis\u00e9es pour fournir et am\u00e9liorer le service. Nous n\u2019utiliserons ni ne partagerons vos informations avec qui que ce soit, sauf dans les cas d\u00e9crits dans la pr\u00e9sente politique de confidentialit\u00e9.<\/p>\n<p>Les termes utilis\u00e9s dans la pr\u00e9sente politique de confidentialit\u00e9 ont la m\u00eame signification que dans nos conditions g\u00e9n\u00e9rales, accessibles sur https:\/\/ostecit.com\/fr, sauf indication contraire dans la pr\u00e9sente politique de confidentialit\u00e9.<\/p>\n<p><strong>Collecte et utilisation des informations<\/strong><\/p>\n<p>Pour une meilleure exp\u00e9rience lors de l&#8217;utilisation de notre Service, nous pouvons vous demander de nous fournir certaines informations personnellement identifiables, y compris, mais sans s&#8217;y limiter, votre nom, votre num\u00e9ro de t\u00e9l\u00e9phone et votre adresse postale. Les informations que nous collectons seront utilis\u00e9es pour vous contacter ou vous identifier.<\/p>\n<p><strong>Donn\u00e9es du journal<\/strong><\/p>\n<p>Nous souhaitons vous informer que chaque fois que vous visitez notre service, nous collectons des informations que votre navigateur nous envoie, appel\u00e9es donn\u00e9es de journal. Ces donn\u00e9es de journal peuvent inclure des informations telles que l&#8217;adresse de protocole Internet (\u00ab IP \u00bb) de votre ordinateur, la version du navigateur, les pages de notre service que vous visitez, l&#8217;heure et la date de votre visite, le temps pass\u00e9 sur ces pages et d&#8217;autres statistiques.<\/p>\n<p><strong>Cookies<\/strong><\/p>\n<p>Notre site Web utilise ces \u00ab cookies \u00bb pour collecter des informations et am\u00e9liorer notre service. Vous avez la possibilit\u00e9 d&#8217;accepter ou de refuser ces cookies, et de savoir quand un cookie est envoy\u00e9 sur votre ordinateur. Si vous choisissez de refuser nos cookies, vous ne pourrez peut-\u00eatre pas utiliser certaines parties de notre Service.<\/p>\n<p><strong>Les fournisseurs de services<\/strong><\/p>\n<p>Nous pouvons employer des soci\u00e9t\u00e9s tierces et des particuliers pour les raisons suivantes :<\/p>\n<p>Pour faciliter notre Service ;<\/p>\n<p>Pour fournir le Service en notre nom ;<\/p>\n<p>Pour effectuer des services li\u00e9s au Service ; ou<\/p>\n<p>Pour nous aider \u00e0 analyser comment notre Service est utilis\u00e9.<\/p>\n<p>Nous souhaitons informer les utilisateurs de nos services que ces tiers ont acc\u00e8s \u00e0 vos informations personnelles. La raison est d\u2019accomplir les t\u00e2ches qui leur sont assign\u00e9es en notre nom. Ils sont toutefois tenus de ne pas divulguer ni utiliser ces informations \u00e0 d\u2019autres fins.<\/p>\n<p><strong>S\u00e9curit\u00e9<\/strong><\/p>\n<p>Nous appr\u00e9cions la confiance que vous nous accordez en nous fournissant vos informations personnelles, c&#8217;est pourquoi nous nous effor\u00e7ons d&#8217;utiliser des moyens commercialement acceptables pour les prot\u00e9ger. Mais n\u2019oubliez pas qu\u2019aucune m\u00e9thode de transmission sur Internet ni aucune m\u00e9thode de stockage \u00e9lectronique n\u2019est s\u00fbre et fiable \u00e0 100 %, et nous ne pouvons garantir sa s\u00e9curit\u00e9 absolue.<\/p>\n<p><strong>Liens vers d&#8217;autres sites<\/strong><\/p>\n<p>Notre Service peut contenir des liens vers d&#8217;autres sites. Si vous cliquez sur un lien tiers, vous serez dirig\u00e9 vers ce site. Notez que ces sites externes ne sont pas exploit\u00e9s par nous. Par cons\u00e9quent, nous vous conseillons fortement de consulter la politique de confidentialit\u00e9 de ces sites Web. Nous n&#8217;avons aucun contr\u00f4le et n&#8217;assumons aucune responsabilit\u00e9 quant au contenu, aux politiques de confidentialit\u00e9 ou aux pratiques de tout site ou service tiers.<\/p>\n<p><strong>Confidentialit\u00e9 des enfants<\/strong><\/p>\n<p>Nos services ne s&#8217;adressent pas aux personnes de moins de 18 ans. Nous ne collectons pas sciemment d&#8217;informations personnelles identifiables aupr\u00e8s d&#8217;enfants de moins de 18 ans. Si nous d\u00e9couvrons qu&#8217;un enfant de moins de 18 ans nous a fourni des informations personnelles, nous les supprimons imm\u00e9diatement de nos serveurs. Si vous \u00eates un parent ou un tuteur et que vous savez que votre enfant nous a fourni des informations personnelles, veuillez nous contacter afin que nous puissions prendre les mesures n\u00e9cessaires.<\/p>\n<p><strong>Modifications de cette politique de confidentialit\u00e9<\/strong><\/p>\n<p>Nous pouvons mettre \u00e0 jour notre politique de confidentialit\u00e9 de temps \u00e0 autre. Ainsi, nous vous conseillons de consulter p\u00e9riodiquement cette page pour tout changement. Nous vous informerons de tout changement en publiant la nouvelle politique de confidentialit\u00e9 sur cette page. Ces modifications entrent en vigueur imm\u00e9diatement, apr\u00e8s leur publication sur cette page.<\/p>\n<p>Contactez-nous<\/p>\n<p>Si vous avez des questions ou des suggestions concernant notre politique de confidentialit\u00e9, n&#8217;h\u00e9sitez pas \u00e0 nous contacter.<\/p>\n<p><strong>S<\/strong><strong>yst\u00e8me de gestion de la s\u00e9curit\u00e9 de l&#8217;information<\/strong><\/p>\n<p>Ostec Limited s&#8217;engage via le syst\u00e8me de gestion de la s\u00e9curit\u00e9 de l&#8217;information \u00e0 prot\u00e9ger la confidentialit\u00e9, l&#8217;int\u00e9grit\u00e9 et la disponibilit\u00e9 de tous nos actifs informationnels ; respecter toutes les exigences l\u00e9gales, r\u00e9glementaires et statutaires tout en am\u00e9liorant continuellement le syst\u00e8me de gestion de la s\u00e9curit\u00e9 de l\u2019information.<\/p>\n<p><strong>D\u00c9CLARATION DE POLITIQUE DE QUALIT\u00c9<\/strong><\/p>\n<p>Ostec Limited s&#8217;engage \u00e0 satisfaire syst\u00e9matiquement les besoins et \u00e0 d\u00e9passer les attentes de ses parties prenantes sans aucun compromis, et \u00e0 am\u00e9liorer continuellement la qualit\u00e9 de son syst\u00e8me de gestion , tout en aidant les services informatiques \u00e0 tirer une plus grande valeur de leurs investissements technologiques.<\/p>\n<\/div><\/div><\/div><\/div><div class=\"wpb_column vc_column_container vc_col-sm-2  col-xs-mobile-fullwidth\"><div class=\"vc_column-inner \"><div class=\"wpb_wrapper\">[vc_empty_space height=&#8221;&#8221;]<\/div><\/div><\/div><\/section>\n<\/section>","protected":false},"excerpt":{"rendered":"[vc_empty_space height=\"\"][vc_empty_space height=\"80px\"]Politique de confidentialit\u00e9 Ostec Limited exploite le site Web https:\/\/ostecit.com\/fr, qui fournit le SERVICE. Si vous choisissez d'utiliser notre service, vous acceptez la collecte et l'utilisation d'informations en relation avec cette politique. Les informations personnelles que nous collectons sont utilis\u00e9es pour fournir et am\u00e9liorer le service. Nous n\u2019utiliserons ni ne partagerons vos informations avec qui que ce soit, sauf dans les cas d\u00e9crits dans la pr\u00e9sente politique de confidentialit\u00e9. Les termes utilis\u00e9s dans la pr\u00e9sente politique de confidentialit\u00e9 ont la m\u00eame signification que dans nos conditions g\u00e9n\u00e9rales, accessibles sur https:\/\/ostecit.com\/fr, sauf indication contraire dans la pr\u00e9sente politique de confidentialit\u00e9. Collecte et utilisation des informations Pour une meilleure exp\u00e9rience lors de l'utilisation de notre Service, nous pouvons vous demander de nous fournir certaines informations personnellement identifiables, y compris, mais sans s'y limiter, votre nom, votre num\u00e9ro de t\u00e9l\u00e9phone et votre adresse postale. Les informations que nous collectons seront utilis\u00e9es pour vous contacter ou vous identifier. Donn\u00e9es du journal Nous souhaitons vous informer que chaque fois que vous visitez notre service, nous collectons des informations que votre navigateur nous envoie, appel\u00e9es donn\u00e9es de journal. Ces donn\u00e9es de journal peuvent inclure des informations telles que l'adresse de protocole Internet (\u00ab IP...","protected":false},"author":2,"featured_media":0,"parent":0,"menu_order":0,"comment_status":"closed","ping_status":"closed","template":"","meta":{"footnotes":""},"_links":{"self":[{"href":"https:\/\/ostecit.com\/fr\/wp-json\/wp\/v2\/pages\/18817"}],"collection":[{"href":"https:\/\/ostecit.com\/fr\/wp-json\/wp\/v2\/pages"}],"about":[{"href":"https:\/\/ostecit.com\/fr\/wp-json\/wp\/v2\/types\/page"}],"author":[{"embeddable":true,"href":"https:\/\/ostecit.com\/fr\/wp-json\/wp\/v2\/users\/2"}],"replies":[{"embeddable":true,"href":"https:\/\/ostecit.com\/fr\/wp-json\/wp\/v2\/comments?post=18817"}],"version-history":[{"count":4,"href":"https:\/\/ostecit.com\/fr\/wp-json\/wp\/v2\/pages\/18817\/revisions"}],"predecessor-version":[{"id":28594,"href":"https:\/\/ostecit.com\/fr\/wp-json\/wp\/v2\/pages\/18817\/revisions\/28594"}],"wp:attachment":[{"href":"https:\/\/ostecit.com\/fr\/wp-json\/wp\/v2\/media?parent=18817"}],"curies":[{"name":"wp","href":"https:\/\/api.w.org\/{rel}","templated":true}]}}