{"id":22941,"date":"2021-08-12T15:10:12","date_gmt":"2021-08-12T15:10:12","guid":{"rendered":"https:\/\/ostecit.com\/fr\/ostec-contact-copy\/"},"modified":"2025-01-13T14:18:07","modified_gmt":"2025-01-13T14:18:07","slug":"ostec-leadership","status":"publish","type":"page","link":"https:\/\/ostecit.com\/fr\/ostec-leadership\/","title":{"rendered":"Ostec Leadership"},"content":{"rendered":"<section class=\"wpb-content-wrapper\"><section data-vc-full-width=\"true\" data-vc-full-width-init=\"false\" data-vc-stretch-content=\"true\" class=\"vc_row wpb_row vc_row-fluid vc_hidden-sm vc_hidden-xs vc_custom_1676191369522 position-relative overflow-visible cover-background bg-position-center-top vc_row-has-fill pofo-stretch-content vc_row-no-padding vc_row-o-content-middle vc_row-flex\"><div class=\"wpb_column vc_column_container vc_col-sm-12  col-xs-mobile-fullwidth\"><div class=\"vc_column-inner \"><div class=\"wpb_wrapper\">[vc_empty_space height=&#8221;180px&#8221;][vc_custom_heading text=&#8221;Direction&#8221; el_class=&#8221;service-banner-title leadership-banner-title&#8221;]<\/div><\/div><\/div><\/section><div class=\"vc_row-full-width vc_clearfix\"><\/div><section data-vc-full-width=\"true\" data-vc-full-width-init=\"false\" data-vc-stretch-content=\"true\" class=\"vc_row wpb_row vc_row-fluid vc_hidden-lg vc_hidden-md vc_custom_1676191429131 position-relative overflow-visible cover-background bg-position-center-top vc_row-has-fill pofo-stretch-content vc_row-no-padding vc_row-o-content-middle vc_row-flex\"><div class=\"wpb_column vc_column_container vc_col-sm-12  col-xs-mobile-fullwidth\"><div class=\"vc_column-inner \"><div class=\"wpb_wrapper\">[vc_empty_space height=&#8221;150px&#8221;]<\/div><\/div><\/div><\/section><div class=\"vc_row-full-width vc_clearfix\"><\/div><section data-vc-full-width=\"true\" data-vc-full-width-init=\"false\" class=\"vc_row wpb_row vc_row-fluid home-industry-row no-top-bottom-padding vc_hidden-sm vc_hidden-xs  pofo-stretch-content pofo-stretch-row-container\"><div class=\"wpb_column vc_column_container vc_col-sm-12  col-xs-mobile-fullwidth\"><div class=\"vc_column-inner \"><div class=\"wpb_wrapper\">[vc_empty_space height=&#8221;70px&#8221;][vc_custom_heading text=&#8221;Nos \u00e9quipes de direction et de gestion apportent des d\u00e9cennies d&#8217;exp\u00e9rience dans l&#8217;industrie,<br \/>\nperspective globale et une passion pour l&#8217;obtention de r\u00e9sultats.&#8221; font_container=&#8221;tag:p|font_size:16px|text_align:center|color:%23000000&#8243; google_fonts=&#8221;font_family:Roboto%3A100%2C100italic%2C300%2C300italic%2Cregular%2Citalic%2C500%2C500italic%2C700%2C700italic%2C900%2C900italic|font_style:400%20regular%3A400%3Anormal&#8221; el_class=&#8221;centered-header-text no-margin-top narrow-line-height page-section-description&#8221;][vc_empty_space height=&#8221;30px&#8221;][vc_text_separator title=&#8221;MANAGEMENT&#8221; color=&#8221;black&#8221; el_class=&#8221;strikethrough-header montserrat-font&#8221;][vc_empty_space height=&#8221;20px&#8221;]<div class=\"vc_row wpb_row vc_inner vc_row-fluid  vc_custom_1628578763546 vc_column-gap-5 vc_row-o-content-middle vc_row-flex\"><div class=\"wpb_column vc_column_container vc_col-has-fill team-member-box-container half position-relative overflow-hidden vc_col-sm-2  col-xs-mobile-fullwidth\"><div class=\"vc_column-inner vc_custom_1707254898284\"><div class=\"wpb_wrapper\"><\/div><\/div><\/div><div class=\"wpb_column vc_column_container vc_col-has-fill team-member-box-container vc_col-sm-3  col-xs-mobile-fullwidth\"><div class=\"vc_column-inner vc_custom_1630356111476\"><div class=\"wpb_wrapper\"><div class=\"team-member-box last-paragraph-no-margin\"><p><img loading=\"lazy\" decoding=\"async\" class=\"alignnone wp-image-26127 size-medium\" src=\"https:\/\/ostecit.com\/wp-content\/uploads\/2024\/02\/Jonathan-Tawiah-1-1-1.jpg\" alt=\"\" width=\"257\" height=\"300\" \/><\/p>\n<h4>Jonathan Tawiah<\/h4>\n<h5>CEO<\/h5>\n<\/div><\/div><\/div><\/div><div class=\"wpb_column vc_column_container vc_col-has-fill team-member-box-container vc_col-sm-3  col-xs-mobile-fullwidth\"><div class=\"vc_column-inner vc_custom_1630356117997\"><div class=\"wpb_wrapper\"><div class=\"team-member-box last-paragraph-no-margin\"><p><img loading=\"lazy\" decoding=\"async\" class=\"alignnone wp-image-27876 size-medium\" src=\"https:\/\/ostecit.com\/wp-content\/uploads\/2024\/02\/Efuwa-Quansah-1.jpg\" alt=\"\" width=\"257\" height=\"300\" \/><\/p>\n<h4>Efuwa Quansah<\/h4>\n<h5>Directeur Des Op\u00e9rations<\/h5>\n<\/div><\/div><\/div><\/div><div class=\"wpb_column vc_column_container vc_col-sm-3  col-xs-mobile-fullwidth\"><div class=\"vc_column-inner \"><div class=\"wpb_wrapper\"><div class=\"team-member-box last-paragraph-no-margin\"><p><img loading=\"lazy\" decoding=\"async\" class=\"alignnone wp-image-26122 size-medium\" src=\"https:\/\/ostecit.com\/wp-content\/uploads\/2024\/02\/Olumuyiwa-Arowosegbe-1-1.jpg\" alt=\"\" width=\"257\" height=\"300\" \/><\/p>\n<h4>Olumuyiwa T. Arowosegbe<\/h4>\n<h5>Directeur Technique<\/h5>\n<\/div><\/div><\/div><\/div><\/div><div class=\"vc_row wpb_row vc_inner vc_row-fluid  vc_custom_1628578763546 vc_column-gap-5 vc_row-o-content-middle vc_row-flex\"><div class=\"wpb_column vc_column_container vc_col-has-fill team-member-box-container half position-relative overflow-hidden vc_col-sm-2  col-xs-mobile-fullwidth\"><div class=\"vc_column-inner vc_custom_1707254911209\"><div class=\"wpb_wrapper\"><\/div><\/div><\/div><div class=\"wpb_column vc_column_container vc_col-has-fill team-member-box-container vc_col-sm-3  col-xs-mobile-fullwidth\"><div class=\"vc_column-inner vc_custom_1630356111476\"><div class=\"wpb_wrapper\"><div class=\"team-member-box last-paragraph-no-margin\"><p><img loading=\"lazy\" decoding=\"async\" class=\"alignnone wp-image-26120 size-medium\" src=\"https:\/\/ostecit.com\/wp-content\/uploads\/2024\/02\/Sheila-Otu-Boateng-2-1.jpg\" alt=\"\" width=\"257\" height=\"300\" \/><\/p>\n<h4>Sheila Otu-Boateng<\/h4>\n<h5>Directeur G\u00e9n\u00e9ral<\/h5>\n<\/div><\/div><\/div><\/div><div class=\"wpb_column vc_column_container vc_col-has-fill team-member-box-container vc_col-sm-3  col-xs-mobile-fullwidth\"><div class=\"vc_column-inner vc_custom_1630356117997\"><div class=\"wpb_wrapper\"><div class=\"team-member-box last-paragraph-no-margin\"><p><img loading=\"lazy\" decoding=\"async\" class=\"alignnone wp-image-26126 size-medium\" src=\"https:\/\/ostecit.com\/wp-content\/uploads\/2024\/02\/Jean-Claude-Dibi-Anebo.jpg\" alt=\"\" width=\"257\" height=\"300\" \/><\/p>\n<h4>Jean-Claude Dibi Anebo<\/h4>\n<h5>Directeur de l\u2019Expansion West and Central Africa (WCA)<\/h5>\n<\/div><\/div><\/div><\/div><div class=\"wpb_column vc_column_container team-member-box-container vc_col-sm-3  col-xs-mobile-fullwidth\"><div class=\"vc_column-inner \"><div class=\"wpb_wrapper\"><div class=\"team-member-box last-paragraph-no-margin\"><p><img loading=\"lazy\" decoding=\"async\" class=\"alignnone wp-image-26124 size-medium\" src=\"https:\/\/ostecit.com\/wp-content\/uploads\/2024\/02\/Peggy-Osafo-Yeboah-1.jpg\" alt=\"\" width=\"257\" height=\"300\" \/><\/p>\n<h4>Peggy Osafo-Yeboah<\/h4>\n<h5>Responsable de l&#8217;exp\u00e9rience Client<\/h5>\n<\/div><\/div><\/div><\/div><\/div><div class=\"vc_row wpb_row vc_inner vc_row-fluid  vc_custom_1628578763546 vc_column-gap-5 vc_row-o-content-middle vc_row-flex\"><div class=\"wpb_column vc_column_container vc_col-has-fill team-member-box-container half position-relative overflow-hidden vc_col-sm-2  col-xs-mobile-fullwidth\"><div class=\"vc_column-inner vc_custom_1707254924634\"><div class=\"wpb_wrapper\"><\/div><\/div><\/div><div class=\"wpb_column vc_column_container vc_col-has-fill team-member-box-container vc_col-sm-3  col-xs-mobile-fullwidth\"><div class=\"vc_column-inner vc_custom_1630356111476\"><div class=\"wpb_wrapper\"><div class=\"team-member-box last-paragraph-no-margin\"><p><img loading=\"lazy\" decoding=\"async\" class=\"alignnone wp-image-26126 size-medium\" src=\"https:\/\/ostecit.com\/wp-content\/uploads\/2024\/02\/Victor-Attram-1.jpg\" alt=\"\" width=\"257\" height=\"300\" \/><\/p>\n<h4>Victor Nii A. Attram<\/h4>\n<h5>Directeur Des Ventes Et Du D\u00e9veloppement Des Affaires<\/h5>\n<\/div><\/div><\/div><\/div><div class=\"wpb_column vc_column_container vc_col-has-fill team-member-box-container vc_col-sm-3  col-xs-mobile-fullwidth\"><div class=\"vc_column-inner vc_custom_1630356117997\"><div class=\"wpb_wrapper\"><div class=\"team-member-box last-paragraph-no-margin\"><p><img loading=\"lazy\" decoding=\"async\" class=\"alignnone wp-image-26125 size-medium\" src=\"https:\/\/ostecit.com\/wp-content\/uploads\/2024\/02\/Ayo-Adeneye-1-1.jpg\" alt=\"\" width=\"257\" height=\"300\" \/><\/p>\n<h4>Adeneye Oluwasueun Ayo<\/h4>\n<h5>Ing\u00e9nieur Syst\u00e8me Principal<\/h5>\n<\/div><\/div><\/div><\/div><div class=\"wpb_column vc_column_container team-member-box-container vc_col-sm-3  col-xs-mobile-fullwidth\"><div class=\"vc_column-inner \"><div class=\"wpb_wrapper\"><div class=\"team-member-box last-paragraph-no-margin\"><p><img loading=\"lazy\" decoding=\"async\" class=\"alignnone wp-image-26123 size-medium\" src=\"https:\/\/ostecit.com\/wp-content\/uploads\/2024\/02\/Dennis-Adusah-1.jpg\" alt=\"\" width=\"257\" height=\"300\" \/><\/p>\n<h4>Dennis Adusah<\/h4>\n<h5>Directeur Commercial Et D\u00e9veloppement Des Affaires<\/h5>\n<\/div><\/div><\/div><\/div><\/div>[vc_empty_space height=&#8221;100px&#8221;]<\/div><\/div><\/div><\/section><div class=\"vc_row-full-width vc_clearfix\"><\/div><section data-vc-full-width=\"true\" data-vc-full-width-init=\"false\" class=\"vc_row wpb_row vc_row-fluid no-top-bottom-padding vc_hidden-sm vc_hidden-xs vc_custom_1644824345475 cover-background bg-position-center-center vc_row-has-fill pofo-stretch-content pofo-stretch-row-container\"><div class=\"wpb_column vc_column_container vc_col-sm-12  col-xs-mobile-fullwidth\"><div class=\"vc_column-inner \"><div class=\"wpb_wrapper\">[vc_empty_space height=&#8221;77px&#8221;]<div class=\"vc_row wpb_row vc_inner vc_row-fluid   vc_row-o-content-middle vc_row-flex\"><div class=\"wpb_column vc_column_container vc_col-sm-12  col-xs-mobile-fullwidth\"><div class=\"vc_column-inner \"><div class=\"wpb_wrapper\">[vc_custom_heading text=&#8221;L&#8217;exceptionnelle synergie entre notre expertise en technologies de l&#8217;information et notre connaissance approfondie du monde des affaires nous permet d&#8217;armer nos clients pour les d\u00e9fis \u00e0 venir.&#8221; font_container=&#8221;tag:h2|font_size:23px|text_align:center|color:%23ffffff|line_height:1.5&#8243; google_fonts=&#8221;font_family:Roboto%3A100%2C100italic%2C300%2C300italic%2Cregular%2Citalic%2C500%2C500italic%2C700%2C700italic%2C900%2C900italic|font_style:300%20light%20regular%3A300%3Anormal&#8221; el_class=&#8221;poppins-font&#8221;]<\/div><\/div><\/div><\/div>[vc_empty_space height=&#8221;50px&#8221;]<\/div><\/div><\/div><\/section><div class=\"vc_row-full-width vc_clearfix\"><\/div>\n<\/section>","protected":false},"excerpt":{"rendered":"[vc_empty_space height=\"180px\"][vc_custom_heading text=\"Direction\" el_class=\"service-banner-title leadership-banner-title\"][vc_empty_space height=\"150px\"][vc_empty_space height=\"70px\"][vc_custom_heading text=\"Nos \u00e9quipes de direction et de gestion apportent des d\u00e9cennies d'exp\u00e9rience dans l'industrie, perspective globale et une passion pour l'obtention de r\u00e9sultats.\" font_container=\"tag:p|font_size:16px|text_align:center|color:%23000000\" google_fonts=\"font_family:Roboto%3A100%2C100italic%2C300%2C300italic%2Cregular%2Citalic%2C500%2C500italic%2C700%2C700italic%2C900%2C900italic|font_style:400%20regular%3A400%3Anormal\" el_class=\"centered-header-text no-margin-top narrow-line-height page-section-description\"][vc_empty_space height=\"30px\"][vc_text_separator title=\"MANAGEMENT\" color=\"black\" el_class=\"strikethrough-header montserrat-font\"][vc_empty_space height=\"20px\"] Jonathan Tawiah CEO Efuwa Quansah Directeur Des Op\u00e9rations Olumuyiwa T. Arowosegbe Directeur Technique Sheila Otu-Boateng Directeur G\u00e9n\u00e9ral Jean-Claude Dibi Anebo Directeur de l\u2019Expansion West and Central Africa (WCA) Peggy Osafo-Yeboah Responsable de l'exp\u00e9rience Client Victor Nii A. Attram Directeur Des Ventes Et Du D\u00e9veloppement Des Affaires Adeneye Oluwasueun Ayo Ing\u00e9nieur Syst\u00e8me Principal Dennis Adusah Directeur Commercial Et D\u00e9veloppement Des Affaires [vc_empty_space height=\"100px\"][vc_empty_space height=\"77px\"][vc_custom_heading text=\"L'exceptionnelle synergie entre notre expertise en technologies de l'information et notre connaissance approfondie du monde des affaires nous permet d'armer nos clients pour les d\u00e9fis \u00e0 venir.\" font_container=\"tag:h2|font_size:23px|text_align:center|color:%23ffffff|line_height:1.5\" google_fonts=\"font_family:Roboto%3A100%2C100italic%2C300%2C300italic%2Cregular%2Citalic%2C500%2C500italic%2C700%2C700italic%2C900%2C900italic|font_style:300%20light%20regular%3A300%3Anormal\" el_class=\"poppins-font\"][vc_empty_space height=\"50px\"]","protected":false},"author":2,"featured_media":0,"parent":0,"menu_order":0,"comment_status":"closed","ping_status":"closed","template":"","meta":{"footnotes":""},"_links":{"self":[{"href":"https:\/\/ostecit.com\/fr\/wp-json\/wp\/v2\/pages\/22941"}],"collection":[{"href":"https:\/\/ostecit.com\/fr\/wp-json\/wp\/v2\/pages"}],"about":[{"href":"https:\/\/ostecit.com\/fr\/wp-json\/wp\/v2\/types\/page"}],"author":[{"embeddable":true,"href":"https:\/\/ostecit.com\/fr\/wp-json\/wp\/v2\/users\/2"}],"replies":[{"embeddable":true,"href":"https:\/\/ostecit.com\/fr\/wp-json\/wp\/v2\/comments?post=22941"}],"version-history":[{"count":9,"href":"https:\/\/ostecit.com\/fr\/wp-json\/wp\/v2\/pages\/22941\/revisions"}],"predecessor-version":[{"id":28803,"href":"https:\/\/ostecit.com\/fr\/wp-json\/wp\/v2\/pages\/22941\/revisions\/28803"}],"wp:attachment":[{"href":"https:\/\/ostecit.com\/fr\/wp-json\/wp\/v2\/media?parent=22941"}],"curies":[{"name":"wp","href":"https:\/\/api.w.org\/{rel}","templated":true}]}}