{"id":25433,"date":"2021-09-06T02:15:01","date_gmt":"2021-09-06T02:15:01","guid":{"rendered":"https:\/\/ostecit.com\/fr\/ostec-what-we-do-copy\/"},"modified":"2024-06-06T18:47:52","modified_gmt":"2024-06-06T18:47:52","slug":"ostec-what-we-do","status":"publish","type":"page","link":"https:\/\/ostecit.com\/fr\/ostec-what-we-do\/","title":{"rendered":"What We Do"},"content":{"rendered":"<section class=\"wpb-content-wrapper\"><section data-vc-full-width=\"true\" data-vc-full-width-init=\"false\" class=\"vc_row wpb_row vc_row-fluid main-page-banner vc_hidden-sm vc_hidden-xs vc_custom_1644739229145 cover-background bg-position-center-center vc_row-has-fill pofo-stretch-content pofo-stretch-row-container\"><div class=\"bg-extra-dark-gray bg-overlay\" style=\"opacity:0.5; background-color:#000000; z-index:0; \"><\/div><div class=\"wpb_column vc_column_container vc_col-sm-12  col-xs-mobile-fullwidth\"><div class=\"vc_column-inner \"><div class=\"wpb_wrapper\">[vc_empty_space height=&#8221;75px&#8221;][vc_custom_heading text=&#8221;Notre expertise&#8221; font_container=&#8221;tag:h1|font_size:40pt|text_align:center|color:%23ffffff&#8221; google_fonts=&#8221;font_family:Roboto%3A100%2C100italic%2C300%2C300italic%2Cregular%2Citalic%2C500%2C500italic%2C700%2C700italic%2C900%2C900italic|font_style:500%20bold%20regular%3A500%3Anormal&#8221; css_animation=&#8221;fadeInUp&#8221; el_class=&#8221;poppins-font main-page-banner-header&#8221;][vc_custom_heading text=&#8221;Nous collaborons avec les entreprises pour d\u00e9velopper des solutions innovantes qui<br \/>\nanticipent leurs besoins et r\u00e9pondent efficacement \u00e0 leurs probl\u00e9matiques m\u00e9tiers&#8221; font_container=&#8221;tag:h1|font_size:10pt|text_align:center|color:%23ffffff&#8221; google_fonts=&#8221;font_family:Roboto%3A100%2C100italic%2C300%2C300italic%2Cregular%2Citalic%2C500%2C500italic%2C700%2C700italic%2C900%2C900italic|font_style:400%20regular%3A400%3Anormal&#8221; css_animation=&#8221;fadeInUp&#8221; el_class=&#8221;poppins-font main-page-banner-subheader&#8221;]<\/div><\/div><\/div><\/section><div class=\"vc_row-full-width vc_clearfix\"><\/div><section data-vc-full-width=\"true\" data-vc-full-width-init=\"false\" class=\"vc_row wpb_row vc_row-fluid main-page-banner vc_hidden-lg vc_hidden-md vc_custom_1644739254934 cover-background bg-position-center-center vc_row-has-fill pofo-stretch-content pofo-stretch-row-container\"><div class=\"bg-extra-dark-gray bg-overlay\" style=\"opacity:0.5; background-color:#000000; z-index:0; \"><\/div><div class=\"wpb_column vc_column_container vc_col-sm-12  col-xs-mobile-fullwidth\"><div class=\"vc_column-inner \"><div class=\"wpb_wrapper\">[vc_empty_space height=&#8221;150px&#8221;][vc_custom_heading text=&#8221;What We Do&#8221; font_container=&#8221;tag:h1|font_size:35pt|text_align:center|color:%23ffffff&#8221; google_fonts=&#8221;font_family:Roboto%3A100%2C100italic%2C300%2C300italic%2Cregular%2Citalic%2C500%2C500italic%2C700%2C700italic%2C900%2C900italic|font_style:500%20bold%20regular%3A500%3Anormal&#8221; css_animation=&#8221;fadeInUp&#8221; el_class=&#8221;poppins-font&#8221;][vc_custom_heading text=&#8221;We help businesses elevate their value by providing world class IT infrastructure and tailored support services&#8221; font_container=&#8221;tag:h2|font_size:10pt|text_align:center|color:%23ffffff|line_height:15pt&#8221; google_fonts=&#8221;font_family:Roboto%3A100%2C100italic%2C300%2C300italic%2Cregular%2Citalic%2C500%2C500italic%2C700%2C700italic%2C900%2C900italic|font_style:400%20regular%3A400%3Anormal&#8221; css_animation=&#8221;fadeInUp&#8221; el_class=&#8221;poppins-font&#8221;]<\/div><\/div><\/div><\/section><div class=\"vc_row-full-width vc_clearfix\"><\/div><section data-vc-full-width=\"true\" data-vc-full-width-init=\"false\" class=\"vc_row wpb_row vc_row-fluid no-top-bottom-padding  position-relative overflow-visible pofo-stretch-content pofo-stretch-row-container\"><div class=\"wpb_column vc_column_container vc_col-sm-12  col-xs-mobile-fullwidth\"><div class=\"vc_column-inner \"><div class=\"wpb_wrapper\">[vc_empty_space height=&#8221;80px&#8221;][vc_custom_heading text=&#8221;EXP\u00c9RIENCE, TECHNOLOGIE, EXCELLENCE&#8221; font_container=&#8221;tag:h2|font_size:14px|text_align:center|color:%23ffffff&#8221; google_fonts=&#8221;font_family:Roboto%3A100%2C100italic%2C300%2C300italic%2Cregular%2Citalic%2C500%2C500italic%2C700%2C700italic%2C900%2C900italic|font_style:400%20regular%3A400%3Anormal&#8221; el_class=&#8221;poppins-font section-pre-header no-margins no-padding&#8221;]<div class=\"home-section-2-text poppins-font last-paragraph-no-margin\" style=\"color: #000000;\"><p style=\"text-align: center;\">Nos principales comp\u00e9tences se concentrent sur trois domaines cl\u00e9s : la cybers\u00e9curit\u00e9, l&#8217;infrastructure num\u00e9rique et le Managed Services.<\/p>\n<\/div>[vc_empty_space height=&#8221;40px&#8221;][vc_empty_space height=&#8221;30px&#8221;]<\/div><\/div><\/div><\/section><div class=\"vc_row-full-width vc_clearfix\"><\/div><section data-vc-full-width=\"true\" data-vc-full-width-init=\"false\" data-parallax-background-ratio=\"0.4\" class=\"vc_row wpb_row vc_row-fluid no-top-bottom-padding home-services-box-section vc_custom_1632667683968 position-relative overflow-visible vc_row-has-fill pofo-stretch-content pofo-stretch-row-container parallax\"><div class=\"bg-extra-dark-gray bg-overlay\" style=\"opacity:0.7; background-color:#000000; z-index:0; \"><\/div><div class=\"wpb_column vc_column_container position-relative overflow-visible vc_col-sm-12  col-xs-mobile-fullwidth\"><div class=\"vc_column-inner \"><div class=\"wpb_wrapper\"><div class=\"vc_row wpb_row vc_inner vc_row-fluid  vc_custom_1630750332780\"><div class=\"wpb_column vc_column_container vc_col-sm-12  col-xs-mobile-fullwidth\"><div class=\"vc_column-inner \"><div class=\"wpb_wrapper\">[vc_custom_heading text=&#8221;Comment Ostec peut contribuer \u00e0 l&#8217;atteinte des objectifs de votre entreprise&#8221; font_container=&#8221;tag:h2|font_size:24px|text_align:center|color:%23ffffff|line_height:2&#8243; google_fonts=&#8221;font_family:Roboto%3A100%2C100italic%2C300%2C300italic%2Cregular%2Citalic%2C500%2C500italic%2C700%2C700italic%2C900%2C900italic|font_style:500%20bold%20regular%3A500%3Anormal&#8221; el_class=&#8221;no-top-bottom-padding poppins-font no-margins section-header vc_hidden-sm vc_hidden-xs&#8221;]<\/div><\/div><\/div><\/div><div class=\"vc_row wpb_row vc_inner vc_row-fluid ostec-offers-boxes-row vc_custom_1630694170493 vc_row-o-equal-height vc_row-o-content-middle vc_row-flex position-relative overflow-visible\"><div class=\"wpb_column vc_column_container vc_col-sm-3  col-xs-mobile-fullwidth\"><div class=\"vc_column-inner bg-position-center-center \"><div class=\"wpb_wrapper\"><div class=\"ostec-offers-box last-paragraph-no-margin\"><p><img loading=\"lazy\" decoding=\"async\" class=\"aligncenter wp-image-24006 size-thumbnail\" src=\"https:\/\/ostecit.com\/fr\/wp-content\/uploads\/\/2021\/08\/OSTEC-ICONS-22-150x150.png\" alt=\"\" width=\"150\" height=\"150\" \/><\/p>\n<h4 style=\"text-align: center;\">CyberS\u00e9curit\u00e9<\/h4>\n<p style=\"text-align: center;\">S\u00e9curisez vos donn\u00e9es et votre infrastructure informatique avec nos services de cybers\u00e9curit\u00e9 de nouvelle g\u00e9n\u00e9ration.<\/p>\n<div class=\"learn-more-link\"><a class=\"normal-link\" href=\"https:\/\/ostecit.com\/fr\/cyber-security\/\">En Savoir Plus<\/a><span class=\"arrow\">&gt;<\/span><\/div>\n<\/div>[vc_empty_space height=&#8221;30px&#8221;]<\/div><\/div><\/div><div class=\"wpb_column vc_column_container vc_col-sm-3  col-xs-mobile-fullwidth\"><div class=\"vc_column-inner \"><div class=\"wpb_wrapper\"><div class=\"ostec-offers-box last-paragraph-no-margin\"><p><img loading=\"lazy\" decoding=\"async\" class=\"aligncenter wp-image-26841 size-thumbnail\" src=\"https:\/\/ostecit.com\/fr\/wp-content\/uploads\/\/2022\/01\/Ostec-360-150x150.png\" alt=\"\" width=\"150\" height=\"150\" \/><\/p>\n<h4 style=\"text-align: center;\">OSTEC 360<br \/>\n<span style=\"color: #fff;\">.<\/span><\/h4>\n<p style=\"text-align: center;\">Nous fournissons un service tout-en-un simple (connectivit\u00e9 + s\u00e9curit\u00e9) \u00e0 un co\u00fbt mensuel fixe. Enti\u00e8rement g\u00e9r\u00e9 et soutenu par Ostec.<\/p>\n<div class=\"learn-more-link\"><a class=\"normal-link\" href=\"https:\/\/ostecit.com\/fr\/ostec360\/\">En Savoir Plus<\/a><span class=\"arrow\">&gt;<\/span><\/div>\n<\/div>[vc_empty_space height=&#8221;30px&#8221;]<\/div><\/div><\/div><div class=\"wpb_column vc_column_container vc_col-sm-3  col-xs-mobile-fullwidth\"><div class=\"vc_column-inner \"><div class=\"wpb_wrapper\"><div class=\"ostec-offers-box last-paragraph-no-margin\"><p><img loading=\"lazy\" decoding=\"async\" class=\"aligncenter wp-image-26838 size-thumbnail\" src=\"https:\/\/ostecit.com\/fr\/wp-content\/uploads\/\/2022\/01\/Infrastructure-as-a-service-icon-150x150.png\" alt=\"\" width=\"150\" height=\"150\" \/><\/p>\n<h4 style=\"text-align: center;\">InfraNum\u00e9rique<\/h4>\n<p style=\"text-align: center;\">Votre partenaire strat\u00e9gique pour construire l&#8217;infrastructure informatique qui lib\u00e8re la performance et d\u00e9clenche l&#8217;innovation commerciale.<\/p>\n<div class=\"learn-more-link\"><a class=\"normal-link\" href=\"https:\/\/ostecit.com\/fr\/digital-infrastructure\/\">En Savoir Plus<\/a><span class=\"arrow\">&gt;<\/span><\/div>\n<\/div>[vc_empty_space height=&#8221;30px&#8221;]<\/div><\/div><\/div><div class=\"wpb_column vc_column_container vc_col-sm-3  col-xs-mobile-fullwidth\"><div class=\"vc_column-inner \"><div class=\"wpb_wrapper\"><div class=\"ostec-offers-box last-paragraph-no-margin\"><p><img loading=\"lazy\" decoding=\"async\" class=\"aligncenter wp-image-23985 size-thumbnail\" src=\"https:\/\/ostecit.com\/fr\/wp-content\/uploads\/\/2021\/08\/OSTEC-ICONS-01-150x150.png\" alt=\"\" width=\"150\" height=\"150\" \/><\/p>\n<h4 style=\"text-align: center;\">Managed Services<\/h4>\n<p style=\"text-align: center;\">Surveillance et gestion efficaces et \u00e9conomiques des syst\u00e8mes informatiques, o\u00f9 qu&#8217;ils se trouvent.<\/p>\n<div class=\"learn-more-link\"><a class=\"normal-link\" href=\"https:\/\/ostecit.com\/fr\/enterprise\/\">En Savoir Plus<\/a><span class=\"arrow\">&gt;<\/span><\/div>\n<\/div>[vc_empty_space height=&#8221;30px&#8221;]<\/div><\/div><\/div><\/div><\/div><\/div><\/div><\/section><div class=\"vc_row-full-width vc_clearfix\"><\/div><section data-vc-full-width=\"true\" data-vc-full-width-init=\"false\" class=\"vc_row wpb_row vc_row-fluid no-top-bottom-padding vc_custom_1643129177423 overflow-visible cover-background bg-position-center-center vc_row-has-fill pofo-stretch-content pofo-stretch-row-container\"><div class=\"wpb_column vc_column_container vc_col-sm-12  col-xs-mobile-fullwidth\"><div class=\"vc_column-inner \"><div class=\"wpb_wrapper\">[vc_raw_html]JTNDZGl2JTIwaWQlM0QlMjJwYXJ0aWNsZXMtanMlMjIlM0UlM0MlMkZkaXYlM0UlMjAlMEElM0MlMjEtLSUyMHBhcnRpY2xlcy5qcyUyMGxpYiUyMC0lMjBodHRwcyUzQSUyRiUyRmdpdGh1Yi5jb20lMkZWaW5jZW50R2FycmVhdSUyRnBhcnRpY2xlcy5qcyUyMC0tJTNFJTIwJTBBJTNDc2NyaXB0JTIwc3JjJTNEJTIyaHR0cHMlM0ElMkYlMkZjZG4uanNkZWxpdnIubmV0JTJGcGFydGljbGVzLmpzJTJGMi4wLjAlMkZwYXJ0aWNsZXMubWluLmpzJTIyJTNFJTNDJTJGc2NyaXB0JTNFJTBB[\/vc_raw_html][vc_raw_js]JTNDc2NyaXB0JTNFJTBBJTBBcGFydGljbGVzSlMlMjglMjJwYXJ0aWNsZXMtanMlMjIlMkMlMjAlN0IlMjJwYXJ0aWNsZXMlMjIlM0ElN0IlMjJudW1iZXIlMjIlM0ElN0IlMjJ2YWx1ZSUyMiUzQTgwJTJDJTIyZGVuc2l0eSUyMiUzQSU3QiUyMmVuYWJsZSUyMiUzQXRydWUlMkMlMjJ2YWx1ZV9hcmVhJTIyJTNBODAwJTdEJTdEJTJDJTIyY29sb3IlMjIlM0ElN0IlMjJ2YWx1ZSUyMiUzQSUyMiUyM2NjY2NjYyUyMiU3RCUyQyUyMnNoYXBlJTIyJTNBJTdCJTIydHlwZSUyMiUzQSUyMmNpcmNsZSUyMiUyQyUyMnN0cm9rZSUyMiUzQSU3QiUyMndpZHRoJTIyJTNBMCUyQyUyMmNvbG9yJTIyJTNBJTIyJTIzMDAwMDAwJTIyJTdEJTJDJTIycG9seWdvbiUyMiUzQSU3QiUyMm5iX3NpZGVzJTIyJTNBNSU3RCUyQyUyMmltYWdlJTIyJTNBJTdCJTIyc3JjJTIyJTNBJTIyaW1nJTJGZ2l0aHViLnN2ZyUyMiUyQyUyMndpZHRoJTIyJTNBMTAwJTJDJTIyaGVpZ2h0JTIyJTNBMTAwJTdEJTdEJTJDJTIyb3BhY2l0eSUyMiUzQSU3QiUyMnZhbHVlJTIyJTNBMC41JTJDJTIycmFuZG9tJTIyJTNBZmFsc2UlMkMlMjJhbmltJTIyJTNBJTdCJTIyZW5hYmxlJTIyJTNBZmFsc2UlMkMlMjJzcGVlZCUyMiUzQTElMkMlMjJvcGFjaXR5X21pbiUyMiUzQTAuMSUyQyUyMnN5bmMlMjIlM0FmYWxzZSU3RCU3RCUyQyUyMnNpemUlMjIlM0ElN0IlMjJ2YWx1ZSUyMiUzQTMlMkMlMjJyYW5kb20lMjIlM0F0cnVlJTJDJTIyYW5pbSUyMiUzQSU3QiUyMmVuYWJsZSUyMiUzQWZhbHNlJTJDJTIyc3BlZWQlMjIlM0E0MCUyQyUyMnNpemVfbWluJTIyJTNBMC4xJTJDJTIyc3luYyUyMiUzQWZhbHNlJTdEJTdEJTJDJTIybGluZV9saW5rZWQlMjIlM0ElN0IlMjJlbmFibGUlMjIlM0F0cnVlJTJDJTIyZGlzdGFuY2UlMjIlM0ExNTAlMkMlMjJjb2xvciUyMiUzQSUyMiUyM2NjY2NjYyUyMiUyQyUyMm9wYWNpdHklMjIlM0EwLjQlMkMlMjJ3aWR0aCUyMiUzQTElN0QlMkMlMjJtb3ZlJTIyJTNBJTdCJTIyZW5hYmxlJTIyJTNBdHJ1ZSUyQyUyMnNwZWVkJTIyJTNBNiUyQyUyMmRpcmVjdGlvbiUyMiUzQSUyMm5vbmUlMjIlMkMlMjJyYW5kb20lMjIlM0FmYWxzZSUyQyUyMnN0cmFpZ2h0JTIyJTNBZmFsc2UlMkMlMjJvdXRfbW9kZSUyMiUzQSUyMm91dCUyMiUyQyUyMmJvdW5jZSUyMiUzQWZhbHNlJTJDJTIyYXR0cmFjdCUyMiUzQSU3QiUyMmVuYWJsZSUyMiUzQWZhbHNlJTJDJTIycm90YXRlWCUyMiUzQTYwMCUyQyUyMnJvdGF0ZVklMjIlM0ExMjAwJTdEJTdEJTdEJTJDJTIyaW50ZXJhY3Rpdml0eSUyMiUzQSU3QiUyMmRldGVjdF9vbiUyMiUzQSUyMmNhbnZhcyUyMiUyQyUyMmV2ZW50cyUyMiUzQSU3QiUyMm9uaG92ZXIlMjIlM0ElN0IlMjJlbmFibGUlMjIlM0F0cnVlJTJDJTIybW9kZSUyMiUzQSUyMnJlcHVsc2UlMjIlN0QlMkMlMjJvbmNsaWNrJTIyJTNBJTdCJTIyZW5hYmxlJTIyJTNBdHJ1ZSUyQyUyMm1vZGUlMjIlM0ElMjJwdXNoJTIyJTdEJTJDJTIycmVzaXplJTIyJTNBdHJ1ZSU3RCUyQyUyMm1vZGVzJTIyJTNBJTdCJTIyZ3JhYiUyMiUzQSU3QiUyMmRpc3RhbmNlJTIyJTNBNDAwJTJDJTIybGluZV9saW5rZWQlMjIlM0ElN0IlMjJvcGFjaXR5JTIyJTNBMSU3RCU3RCUyQyUyMmJ1YmJsZSUyMiUzQSU3QiUyMmRpc3RhbmNlJTIyJTNBNDAwJTJDJTIyc2l6ZSUyMiUzQTQwJTJDJTIyZHVyYXRpb24lMjIlM0EyJTJDJTIyb3BhY2l0eSUyMiUzQTglMkMlMjJzcGVlZCUyMiUzQTMlN0QlMkMlMjJyZXB1bHNlJTIyJTNBJTdCJTIyZGlzdGFuY2UlMjIlM0EyMDAlMkMlMjJkdXJhdGlvbiUyMiUzQTAuNCU3RCUyQyUyMnB1c2glMjIlM0ElN0IlMjJwYXJ0aWNsZXNfbmIlMjIlM0E0JTdEJTJDJTIycmVtb3ZlJTIyJTNBJTdCJTIycGFydGljbGVzX25iJTIyJTNBMiU3RCU3RCU3RCUyQyUyMnJldGluYV9kZXRlY3QlMjIlM0F0cnVlJTdEJTI5JTNCJTBBJTBBJTNDJTJGc2NyaXB0JTNF[\/vc_raw_js][vc_empty_space height=&#8221;100px&#8221;][vc_empty_space height=&#8221;90px&#8221; el_class=&#8221;vc_hidden-sm vc_hidden-xs&#8221;][vc_custom_heading text=&#8221;Pourquoi les entreprises choisissent-elles Ostec ?&#8221; el_class=&#8221;section-header&#8221;]<div class=\"vc_row wpb_row vc_inner vc_row-fluid what-we-do-stats-row  vc_row-o-equal-height vc_row-o-content-middle vc_row-flex position-relative overflow-visible\"><div class=\"wpb_column vc_column_container vc_col-sm-3  col-xs-mobile-fullwidth\"><div class=\"vc_column-inner bg-position-center-center vc_custom_1643340737071\"><div class=\"wpb_wrapper\"><div class=\"last-paragraph-no-margin\"><div class=\"white-border-box\">\n<div class=\"white-bg-box\">\n<p><img loading=\"lazy\" decoding=\"async\" class=\"aligncenter wp-image-27040\" src=\"https:\/\/ostecit.com\/fr\/wp-content\/uploads\/\/2022\/01\/004-team.png\" alt=\"\" width=\"50\" height=\"50\" \/><\/p>\n<h6 style=\"text-align: center;\">Partenaire avec les meilleurs \u00e9diteurs et constructeurs technologiques mondiaux.<\/h6>\n<\/div>\n<\/div>\n<\/div><\/div><\/div><\/div><div class=\"wpb_column vc_column_container vc_col-sm-3  col-xs-mobile-fullwidth\"><div class=\"vc_column-inner \"><div class=\"wpb_wrapper\"><div class=\"last-paragraph-no-margin\"><div class=\"white-border-box\">\n<div class=\"white-bg-box\">\n<p><img loading=\"lazy\" decoding=\"async\" class=\"aligncenter wp-image-27037\" src=\"https:\/\/ostecit.com\/fr\/wp-content\/uploads\/\/2022\/01\/002-link.png\" alt=\"\" width=\"50\" height=\"50\" \/><\/p>\n<h6 style=\"text-align: center;\">\u00c9quipe<br \/>\nexp\u00e9riment\u00e9e<\/h6>\n<\/div>\n<\/div>\n<\/div><\/div><\/div><\/div><div class=\"wpb_column vc_column_container vc_col-sm-3  col-xs-mobile-fullwidth\"><div class=\"vc_column-inner \"><div class=\"wpb_wrapper\"><div class=\"last-paragraph-no-margin\"><div class=\"white-border-box\">\n<div class=\"white-bg-box\">\n<p><img loading=\"lazy\" decoding=\"async\" class=\"aligncenter wp-image-26749\" src=\"https:\/\/ostecit.com\/fr\/wp-content\/uploads\/\/2021\/10\/test-300x300.png\" alt=\"\" width=\"50\" height=\"50\" \/><\/p>\n<h6 style=\"text-align: center;\">Service de livraison<br \/>\nrapide et efficace<\/h6>\n<\/div>\n<\/div>\n<\/div><\/div><\/div><\/div><div class=\"wpb_column vc_column_container vc_col-sm-3  col-xs-mobile-fullwidth\"><div class=\"vc_column-inner \"><div class=\"wpb_wrapper\"><div class=\"last-paragraph-no-margin\"><div class=\"white-border-box\">\n<div class=\"white-bg-box\">\n<p><img loading=\"lazy\" decoding=\"async\" class=\"aligncenter wp-image-27041\" src=\"https:\/\/ostecit.com\/fr\/wp-content\/uploads\/\/2022\/01\/003-iso.png\" alt=\"\" width=\"50\" height=\"50\" \/><\/p>\n<h6 style=\"text-align: center;\">Certifi\u00e9 ISO\/IEC 27001<br \/>\net ISO 9001 Certifi\u00e9<\/h6>\n<\/div>\n<\/div>\n<\/div><\/div><\/div><\/div><\/div>[vc_empty_space height=&#8221;150px&#8221;]<\/div><\/div><\/div><\/section><div class=\"vc_row-full-width vc_clearfix\"><\/div>\n<\/section>","protected":false},"excerpt":{"rendered":"[vc_empty_space height=\"75px\"][vc_custom_heading text=\"Notre expertise\" font_container=\"tag:h1|font_size:40pt|text_align:center|color:%23ffffff\" google_fonts=\"font_family:Roboto%3A100%2C100italic%2C300%2C300italic%2Cregular%2Citalic%2C500%2C500italic%2C700%2C700italic%2C900%2C900italic|font_style:500%20bold%20regular%3A500%3Anormal\" css_animation=\"fadeInUp\" el_class=\"poppins-font main-page-banner-header\"][vc_custom_heading text=\"Nous collaborons avec les entreprises pour d\u00e9velopper des solutions innovantes qui anticipent leurs besoins et r\u00e9pondent efficacement \u00e0 leurs probl\u00e9matiques m\u00e9tiers\" font_container=\"tag:h1|font_size:10pt|text_align:center|color:%23ffffff\" google_fonts=\"font_family:Roboto%3A100%2C100italic%2C300%2C300italic%2Cregular%2Citalic%2C500%2C500italic%2C700%2C700italic%2C900%2C900italic|font_style:400%20regular%3A400%3Anormal\" css_animation=\"fadeInUp\" el_class=\"poppins-font main-page-banner-subheader\"][vc_empty_space height=\"150px\"][vc_custom_heading text=\"What We Do\" font_container=\"tag:h1|font_size:35pt|text_align:center|color:%23ffffff\" google_fonts=\"font_family:Roboto%3A100%2C100italic%2C300%2C300italic%2Cregular%2Citalic%2C500%2C500italic%2C700%2C700italic%2C900%2C900italic|font_style:500%20bold%20regular%3A500%3Anormal\" css_animation=\"fadeInUp\" el_class=\"poppins-font\"][vc_custom_heading text=\"We help businesses elevate their value by providing world class IT infrastructure and tailored support services\" font_container=\"tag:h2|font_size:10pt|text_align:center|color:%23ffffff|line_height:15pt\" google_fonts=\"font_family:Roboto%3A100%2C100italic%2C300%2C300italic%2Cregular%2Citalic%2C500%2C500italic%2C700%2C700italic%2C900%2C900italic|font_style:400%20regular%3A400%3Anormal\" css_animation=\"fadeInUp\" el_class=\"poppins-font\"][vc_empty_space height=\"80px\"][vc_custom_heading text=\"EXP\u00c9RIENCE, TECHNOLOGIE, EXCELLENCE\" font_container=\"tag:h2|font_size:14px|text_align:center|color:%23ffffff\" google_fonts=\"font_family:Roboto%3A100%2C100italic%2C300%2C300italic%2Cregular%2Citalic%2C500%2C500italic%2C700%2C700italic%2C900%2C900italic|font_style:400%20regular%3A400%3Anormal\" el_class=\"poppins-font section-pre-header no-margins no-padding\"]Nos principales comp\u00e9tences se concentrent sur trois domaines cl\u00e9s : la cybers\u00e9curit\u00e9, l'infrastructure num\u00e9rique et le Managed Services. [vc_empty_space height=\"40px\"][vc_empty_space height=\"30px\"][vc_custom_heading text=\"Comment Ostec peut contribuer \u00e0 l'atteinte des objectifs de votre entreprise\" font_container=\"tag:h2|font_size:24px|text_align:center|color:%23ffffff|line_height:2\" google_fonts=\"font_family:Roboto%3A100%2C100italic%2C300%2C300italic%2Cregular%2Citalic%2C500%2C500italic%2C700%2C700italic%2C900%2C900italic|font_style:500%20bold%20regular%3A500%3Anormal\" el_class=\"no-top-bottom-padding poppins-font no-margins section-header vc_hidden-sm vc_hidden-xs\"] CyberS\u00e9curit\u00e9 S\u00e9curisez vos donn\u00e9es et votre infrastructure informatique avec nos services de cybers\u00e9curit\u00e9 de nouvelle g\u00e9n\u00e9ration. En Savoir Plus&gt; [vc_empty_space height=\"30px\"] OSTEC 360 . Nous fournissons un service tout-en-un simple (connectivit\u00e9 + s\u00e9curit\u00e9) \u00e0 un co\u00fbt mensuel fixe. Enti\u00e8rement g\u00e9r\u00e9 et soutenu par Ostec. En Savoir Plus&gt; [vc_empty_space height=\"30px\"] InfraNum\u00e9rique Votre partenaire strat\u00e9gique pour construire l'infrastructure informatique qui lib\u00e8re la performance et d\u00e9clenche l'innovation commerciale. En Savoir Plus&gt; [vc_empty_space height=\"30px\"] Managed Services Surveillance et gestion efficaces et \u00e9conomiques des syst\u00e8mes informatiques, o\u00f9 qu'ils se trouvent. En Savoir Plus&gt;...","protected":false},"author":2,"featured_media":0,"parent":0,"menu_order":0,"comment_status":"closed","ping_status":"closed","template":"","meta":{"footnotes":""},"_links":{"self":[{"href":"https:\/\/ostecit.com\/fr\/wp-json\/wp\/v2\/pages\/25433"}],"collection":[{"href":"https:\/\/ostecit.com\/fr\/wp-json\/wp\/v2\/pages"}],"about":[{"href":"https:\/\/ostecit.com\/fr\/wp-json\/wp\/v2\/types\/page"}],"author":[{"embeddable":true,"href":"https:\/\/ostecit.com\/fr\/wp-json\/wp\/v2\/users\/2"}],"replies":[{"embeddable":true,"href":"https:\/\/ostecit.com\/fr\/wp-json\/wp\/v2\/comments?post=25433"}],"version-history":[{"count":10,"href":"https:\/\/ostecit.com\/fr\/wp-json\/wp\/v2\/pages\/25433\/revisions"}],"predecessor-version":[{"id":28706,"href":"https:\/\/ostecit.com\/fr\/wp-json\/wp\/v2\/pages\/25433\/revisions\/28706"}],"wp:attachment":[{"href":"https:\/\/ostecit.com\/fr\/wp-json\/wp\/v2\/media?parent=25433"}],"curies":[{"name":"wp","href":"https:\/\/api.w.org\/{rel}","templated":true}]}}