{"id":26397,"date":"2021-09-27T15:09:49","date_gmt":"2021-09-27T15:09:49","guid":{"rendered":"https:\/\/ostecit.com\/fr\/software-and-applications-copy\/"},"modified":"2024-06-06T18:07:44","modified_gmt":"2024-06-06T18:07:44","slug":"digital-infrastructure","status":"publish","type":"page","link":"https:\/\/ostecit.com\/fr\/digital-infrastructure\/","title":{"rendered":"Digital Infrastructure"},"content":{"rendered":"<section class=\"wpb-content-wrapper\"><section data-vc-full-width=\"true\" data-vc-full-width-init=\"false\" class=\"vc_row wpb_row vc_row-fluid services-main-page-banner vc_hidden-sm vc_hidden-xs vc_custom_1644733811570 cover-background bg-position-right-bottom vc_row-has-fill pofo-stretch-content pofo-stretch-row-container\"><div class=\"wpb_column vc_column_container vc_col-sm-12  col-xs-mobile-fullwidth\"><div class=\"vc_column-inner \"><div class=\"wpb_wrapper\"><div class=\"vc_row wpb_row vc_inner vc_row-fluid who-we-are-page-banner-overlay  vc_row-o-content-middle vc_row-flex overflow-visible\"><div class=\"wpb_column vc_column_container vc_col-sm-12  col-xs-mobile-fullwidth\"><div class=\"vc_column-inner \"><div class=\"wpb_wrapper\">[vc_empty_space height=&#8221;100px&#8221;]<\/div><\/div><\/div><\/div><\/div><\/div><\/div><\/section><div class=\"vc_row-full-width vc_clearfix\"><\/div><section data-vc-full-width=\"true\" data-vc-full-width-init=\"false\" class=\"vc_row wpb_row vc_row-fluid home-industry-row no-top-bottom-padding vc_hidden-sm vc_hidden-xs vc_custom_1644733838538 position-relative overflow-visible vc_row-has-fill pofo-stretch-content pofo-stretch-row-container\"><div class=\"wpb_column vc_column_container vc_col-sm-12  col-xs-mobile-fullwidth\"><div class=\"vc_column-inner \"><div class=\"wpb_wrapper\"><div class=\"vc_row wpb_row vc_inner vc_row-fluid push-up-banner vc_custom_1630784741578 vc_row-has-fill overflow-visible bg-position-left-top\"><div class=\"wpb_column vc_column_container vc_col-has-fill who-we-are-sub-banner-image spaced-sub-banner-image vc_col-sm-8  col-xs-mobile-fullwidth\"><div class=\"vc_column-inner cover-background bg-position-right-center vc_custom_1676278527893\"><div class=\"wpb_wrapper\">[vc_empty_space height=&#8221;420px&#8221;][vc_custom_heading text=&#8221;Infrastructure Num\u00e9rique&#8221; el_class=&#8221;service-banner-title&#8221;]<\/div><\/div><\/div><div class=\"wpb_column vc_column_container vc_col-has-fill push-up-banner-title-box vc_col-sm-4  col-xs-mobile-fullwidth\"><div class=\"vc_column-inner vc_custom_1629798391728\"><div class=\"wpb_wrapper\"><div class=\"who-we-are-banner-text-box grand-text poppins-font last-paragraph-no-margin\" style=\"color: #ffffff;\"><p><span style=\"font-size: 25px; font-weight: 400; line-height: 1.2;\">Votre partenaire strat\u00e9gique pour construire l&#8217;infrastructure informatique qui lib\u00e8re la performance et d\u00e9clenche l&#8217;innovation commerciale.<\/span><\/p>\n<\/div><\/div><\/div><\/div><\/div>[vc_raw_html]JTNDZGl2JTIwaWQlM0QlMjJwYXJ0aWNsZXMtanMlMjIlM0UlM0MlMkZkaXYlM0UlMjAlMEElM0MlMjEtLSUyMHBhcnRpY2xlcy5qcyUyMGxpYiUyMC0lMjBodHRwcyUzQSUyRiUyRmdpdGh1Yi5jb20lMkZWaW5jZW50R2FycmVhdSUyRnBhcnRpY2xlcy5qcyUyMC0tJTNFJTIwJTBBJTNDc2NyaXB0JTIwc3JjJTNEJTIyaHR0cHMlM0ElMkYlMkZjZG4uanNkZWxpdnIubmV0JTJGcGFydGljbGVzLmpzJTJGMi4wLjAlMkZwYXJ0aWNsZXMubWluLmpzJTIyJTNFJTNDJTJGc2NyaXB0JTNFJTBB[\/vc_raw_html][vc_raw_js]JTNDc2NyaXB0JTNFJTBBJTBBcGFydGljbGVzSlMlMjglMjJwYXJ0aWNsZXMtanMlMjIlMkMlMjAlN0IlMjJwYXJ0aWNsZXMlMjIlM0ElN0IlMjJudW1iZXIlMjIlM0ElN0IlMjJ2YWx1ZSUyMiUzQTgwJTJDJTIyZGVuc2l0eSUyMiUzQSU3QiUyMmVuYWJsZSUyMiUzQXRydWUlMkMlMjJ2YWx1ZV9hcmVhJTIyJTNBODAwJTdEJTdEJTJDJTIyY29sb3IlMjIlM0ElN0IlMjJ2YWx1ZSUyMiUzQSUyMiUyM2NjY2NjYyUyMiU3RCUyQyUyMnNoYXBlJTIyJTNBJTdCJTIydHlwZSUyMiUzQSUyMmNpcmNsZSUyMiUyQyUyMnN0cm9rZSUyMiUzQSU3QiUyMndpZHRoJTIyJTNBMCUyQyUyMmNvbG9yJTIyJTNBJTIyJTIzMDAwMDAwJTIyJTdEJTJDJTIycG9seWdvbiUyMiUzQSU3QiUyMm5iX3NpZGVzJTIyJTNBNSU3RCUyQyUyMmltYWdlJTIyJTNBJTdCJTIyc3JjJTIyJTNBJTIyaW1nJTJGZ2l0aHViLnN2ZyUyMiUyQyUyMndpZHRoJTIyJTNBMTAwJTJDJTIyaGVpZ2h0JTIyJTNBMTAwJTdEJTdEJTJDJTIyb3BhY2l0eSUyMiUzQSU3QiUyMnZhbHVlJTIyJTNBMC41JTJDJTIycmFuZG9tJTIyJTNBZmFsc2UlMkMlMjJhbmltJTIyJTNBJTdCJTIyZW5hYmxlJTIyJTNBZmFsc2UlMkMlMjJzcGVlZCUyMiUzQTElMkMlMjJvcGFjaXR5X21pbiUyMiUzQTAuMSUyQyUyMnN5bmMlMjIlM0FmYWxzZSU3RCU3RCUyQyUyMnNpemUlMjIlM0ElN0IlMjJ2YWx1ZSUyMiUzQTMlMkMlMjJyYW5kb20lMjIlM0F0cnVlJTJDJTIyYW5pbSUyMiUzQSU3QiUyMmVuYWJsZSUyMiUzQWZhbHNlJTJDJTIyc3BlZWQlMjIlM0E0MCUyQyUyMnNpemVfbWluJTIyJTNBMC4xJTJDJTIyc3luYyUyMiUzQWZhbHNlJTdEJTdEJTJDJTIybGluZV9saW5rZWQlMjIlM0ElN0IlMjJlbmFibGUlMjIlM0F0cnVlJTJDJTIyZGlzdGFuY2UlMjIlM0ExNTAlMkMlMjJjb2xvciUyMiUzQSUyMiUyM2NjY2NjYyUyMiUyQyUyMm9wYWNpdHklMjIlM0EwLjQlMkMlMjJ3aWR0aCUyMiUzQTElN0QlMkMlMjJtb3ZlJTIyJTNBJTdCJTIyZW5hYmxlJTIyJTNBdHJ1ZSUyQyUyMnNwZWVkJTIyJTNBNiUyQyUyMmRpcmVjdGlvbiUyMiUzQSUyMm5vbmUlMjIlMkMlMjJyYW5kb20lMjIlM0FmYWxzZSUyQyUyMnN0cmFpZ2h0JTIyJTNBZmFsc2UlMkMlMjJvdXRfbW9kZSUyMiUzQSUyMm91dCUyMiUyQyUyMmJvdW5jZSUyMiUzQWZhbHNlJTJDJTIyYXR0cmFjdCUyMiUzQSU3QiUyMmVuYWJsZSUyMiUzQWZhbHNlJTJDJTIycm90YXRlWCUyMiUzQTYwMCUyQyUyMnJvdGF0ZVklMjIlM0ExMjAwJTdEJTdEJTdEJTJDJTIyaW50ZXJhY3Rpdml0eSUyMiUzQSU3QiUyMmRldGVjdF9vbiUyMiUzQSUyMmNhbnZhcyUyMiUyQyUyMmV2ZW50cyUyMiUzQSU3QiUyMm9uaG92ZXIlMjIlM0ElN0IlMjJlbmFibGUlMjIlM0F0cnVlJTJDJTIybW9kZSUyMiUzQSUyMnJlcHVsc2UlMjIlN0QlMkMlMjJvbmNsaWNrJTIyJTNBJTdCJTIyZW5hYmxlJTIyJTNBdHJ1ZSUyQyUyMm1vZGUlMjIlM0ElMjJwdXNoJTIyJTdEJTJDJTIycmVzaXplJTIyJTNBdHJ1ZSU3RCUyQyUyMm1vZGVzJTIyJTNBJTdCJTIyZ3JhYiUyMiUzQSU3QiUyMmRpc3RhbmNlJTIyJTNBNDAwJTJDJTIybGluZV9saW5rZWQlMjIlM0ElN0IlMjJvcGFjaXR5JTIyJTNBMSU3RCU3RCUyQyUyMmJ1YmJsZSUyMiUzQSU3QiUyMmRpc3RhbmNlJTIyJTNBNDAwJTJDJTIyc2l6ZSUyMiUzQTQwJTJDJTIyZHVyYXRpb24lMjIlM0EyJTJDJTIyb3BhY2l0eSUyMiUzQTglMkMlMjJzcGVlZCUyMiUzQTMlN0QlMkMlMjJyZXB1bHNlJTIyJTNBJTdCJTIyZGlzdGFuY2UlMjIlM0EyMDAlMkMlMjJkdXJhdGlvbiUyMiUzQTAuNCU3RCUyQyUyMnB1c2glMjIlM0ElN0IlMjJwYXJ0aWNsZXNfbmIlMjIlM0E0JTdEJTJDJTIycmVtb3ZlJTIyJTNBJTdCJTIycGFydGljbGVzX25iJTIyJTNBMiU3RCU3RCU3RCUyQyUyMnJldGluYV9kZXRlY3QlMjIlM0F0cnVlJTdEJTI5JTNCJTBBJTBBJTNDJTJGc2NyaXB0JTNF[\/vc_raw_js][vc_empty_space height=&#8221;90px&#8221;][vc_custom_heading text=&#8221;Infrastructure num\u00e9rique&#8221; font_container=&#8221;tag:h2|font_size:14px|text_align:center|color:%232c54c7&#8243; google_fonts=&#8221;font_family:Roboto%3A100%2C100italic%2C300%2C300italic%2Cregular%2Citalic%2C500%2C500italic%2C700%2C700italic%2C900%2C900italic|font_style:500%20bold%20regular%3A500%3Anormal&#8221; el_class=&#8221;no-margin-top no-line-height section-pre-header&#8221;][vc_custom_heading text=&#8221;Nous travaillons avec les \u00e9quipes clients pour concevoir et construire une infrastructure de calcul, de stockage et de virtualisation d\u00e9finie par logiciel afin d&#8217;acc\u00e9l\u00e9rer la transformation num\u00e9rique des services, des ressources et des informations pour les services internes et les clients.&#8221; font_container=&#8221;tag:h2|font_size:25px|text_align:center|color:%23000000|line_height:1.3&#8243; google_fonts=&#8221;font_family:Roboto%3A100%2C100italic%2C300%2C300italic%2Cregular%2Citalic%2C500%2C500italic%2C700%2C700italic%2C900%2C900italic|font_style:400%20regular%3A400%3Anormal&#8221; el_class=&#8221;no-margin-top section-header poppins-font services-page-sub-header&#8221;][vc_empty_space height=&#8221;0px&#8221;]<div class=\"vc_row wpb_row vc_inner vc_row-fluid home-industry-boxes vc_custom_1629625933586 vc_column-gap-5 vc_row-o-content-middle vc_row-flex\"><div class=\"wpb_column vc_column_container home-industry-box services-industry-box top-left-border-radius vc_col-sm-6  col-xs-mobile-fullwidth\"><div class=\"vc_column-inner vc_custom_1641427916707\"><div class=\"wpb_wrapper\"><div class=\"last-paragraph-no-margin\"><div class=\"col-md-2\">\n<p><img loading=\"lazy\" decoding=\"async\" class=\"aligncenter wp-image-28212 size-thumbnail\" src=\"https:\/\/ostecit.com\/fr\/wp-content\/uploads\/\/2023\/02\/Infrastructure-Modernization-150x150.png\" alt=\"\" width=\"150\" height=\"150\" \/><\/div>\n<div class=\"col-md-10\">\n<p><span class=\"title no-margins no-padding\">Modernisation D&#8217;infrastructure<\/span><\/div>\n<div class=\"col-md-10 description\">\n<p>Remplacez le mat\u00e9riel existant, consolidez et r\u00e9duisez l&#8217;empreinte de votre infrastructure, migrez vers des syst\u00e8mes cloud natifs nouveaux et am\u00e9lior\u00e9s et op\u00e9rez de mani\u00e8re efficace et agile.\n<\/p><\/div>\n<\/div><\/div><\/div><\/div><div class=\"wpb_column vc_column_container home-industry-box services-industry-box top-right-border-radius vc_col-sm-6  col-xs-mobile-fullwidth\"><div class=\"vc_column-inner vc_custom_1641427925785\"><div class=\"wpb_wrapper\"><div class=\"last-paragraph-no-margin\"><div class=\"col-md-2\">\n<p><img loading=\"lazy\" decoding=\"async\" class=\"aligncenter wp-image-28213 size-thumbnail\" src=\"https:\/\/ostecit.com\/fr\/wp-content\/uploads\/\/2023\/02\/Ostec-Hybrid-Cloud-150x150.png\" alt=\"\" width=\"150\" height=\"150\" \/><\/div>\n<div class=\"col-md-10\">\n<p><span class=\"title no-margins no-padding\">Ostec Cloud Hybride<\/span><\/div>\n<div class=\"col-md-10 description\">\n<p>Connectez un centre de donn\u00e9es sur site \u00e0 un cloud public. Offrez \u00e0 votre entreprise une plus grande flexibilit\u00e9 et davantage d&#8217;options de d\u00e9ploiement des donn\u00e9es. Permettez \u00e0 votre organisation de tirer le meilleur parti des mod\u00e8les de cloud priv\u00e9 et public, d&#8217;exploiter des charges de travail dans un centre de donn\u00e9es priv\u00e9 et de d\u00e9placer les donn\u00e9es vers et depuis le cloud public selon les besoins.\n<\/p><\/div>\n<\/div><\/div><\/div><\/div><\/div><div class=\"vc_row wpb_row vc_inner vc_row-fluid home-industry-boxes vc_custom_1629625933586 vc_column-gap-5 vc_row-o-content-middle vc_row-flex\"><div class=\"wpb_column vc_column_container home-industry-box services-industry-box bottom-left-border-radius vc_col-sm-6  col-xs-mobile-fullwidth\"><div class=\"vc_column-inner vc_custom_1641427892290\"><div class=\"wpb_wrapper\"><div class=\"last-paragraph-no-margin\"><div class=\"col-md-2\">\n<p><img loading=\"lazy\" decoding=\"async\" class=\"aligncenter wp-image-28214 size-thumbnail\" src=\"https:\/\/ostecit.com\/fr\/wp-content\/uploads\/\/2023\/02\/Ostec-Backup-as-a-Service-150x150.png\" alt=\"\" width=\"150\" height=\"150\" \/><\/div>\n<div class=\"col-md-10\">\n<p><span class=\"title no-margins no-padding\">Ostec Backup as a Service<br \/>\n<\/span><\/div>\n<div class=\"col-md-10 description\">\n<p>Stockez les donn\u00e9es \u00e0 distance dans le cloud, \u00e9liminez le surprovisionnement de capacit\u00e9 et les longs cycles d&#8217;achat CapEx, et passez \u00e0 la tarification des abonnements OpEx. Lib\u00e9rez les ressources de la gestion de l&#8217;infrastructure, craignez moins les attaques de ransomwares et concentrez-vous davantage sur un travail pr\u00e9cieux.\n<\/p><\/div>\n<\/div><\/div><\/div><\/div><div class=\"wpb_column vc_column_container home-industry-box services-industry-box bottom-right-border-radius vc_col-sm-6  col-xs-mobile-fullwidth\"><div class=\"vc_column-inner vc_custom_1641427903518\"><div class=\"wpb_wrapper\"><div class=\"last-paragraph-no-margin\"><div class=\"col-md-2\">\n<p><img loading=\"lazy\" decoding=\"async\" class=\"aligncenter wp-image-28215 size-thumbnail\" src=\"https:\/\/ostecit.com\/fr\/wp-content\/uploads\/\/2023\/02\/Technology-Technical-Support-150x150.png\" alt=\"\" width=\"150\" height=\"150\" \/><\/div>\n<div class=\"col-md-10\">\n<p><span class=\"title no-margins no-padding\">Technologie Et Support Technique <\/span><\/div>\n<div class=\"col-md-10 description\">\n<p>D\u00e9ploiement mat\u00e9riel et logiciel, mise en service et tests. Nous assistons le processus de r\u00e9solution des erreurs techniques ou recommandons plus de mesures \u00e0 prendre. B\u00e9n\u00e9ficiez d&#8217;une assistance technique lorsque vous avez des questions ou des d\u00e9fis techniques.\n<\/p><\/div>\n<\/div><\/div><\/div><\/div><\/div>[vc_empty_space height=&#8221;200px&#8221;]<\/div><\/div><\/div><\/section><div class=\"vc_row-full-width vc_clearfix\"><\/div><section id=\"acc-holder\" data-vc-full-width=\"true\" data-vc-full-width-init=\"false\" class=\"vc_row wpb_row vc_row-fluid no-top-bottom-padding padding-50-box vc_hidden-sm vc_hidden-xs vc_custom_1644734375486 position-relative overflow-visible pofo-stretch-content pofo-stretch-row-container\"><div class=\"wpb_column vc_column_container vc_col-sm-12  col-xs-mobile-fullwidth\"><div class=\"vc_column-inner \"><div class=\"wpb_wrapper\"><div class=\"vc_row wpb_row vc_inner vc_row-fluid who-we-are-accordion-container height-830 vc_custom_1643292449793 vc_row-has-fill position-relative cover-background bg-position-center-center\"><div class=\"wpb_column vc_column_container vc_col-has-fill who-we-are-accordion vc_col-sm-6  col-xs-mobile-fullwidth\"><div class=\"vc_column-inner vc_custom_1629789876815\"><div class=\"wpb_wrapper\">[vc_custom_heading text=&#8221;AVANTAGES&#8221; font_container=&#8221;tag:h5|font_size:38px|text_align:left|color:%23ffffff|line_height:45px&#8221; google_fonts=&#8221;font_family:Roboto%3A100%2C100italic%2C300%2C300italic%2Cregular%2Citalic%2C500%2C500italic%2C700%2C700italic%2C900%2C900italic|font_style:500%20bold%20regular%3A500%3Anormal&#8221; css=&#8221;.vc_custom_1689474144698{padding-top: 20px !important;}&#8221; el_class=&#8221;poppins-font section-pre-header no-margins industry-page&#8221;][vc_custom_heading text=&#8221;Modernisation du r\u00e9seau<br \/>\nAtouts exclusifs&#8221; font_container=&#8221;tag:h5|font_size:33px|text_align:left|color:%23ffffff|line_height:45px&#8221; google_fonts=&#8221;font_family:Roboto%3A100%2C100italic%2C300%2C300italic%2Cregular%2Citalic%2C500%2C500italic%2C700%2C700italic%2C900%2C900italic|font_style:400%20regular%3A400%3Anormal&#8221; el_class=&#8221;poppins-font&#8221;]<div class=\"panel-group accordion-style1\" id=\"accordion-1\" ><div class=\"panel text-left\">\n                                        <div class=\"panel-heading active-accordion\">\n                                            <a data-toggle=\"collapse\" data-parent=\"#accordion-1\" href=\"#accordion-one-link-1\">\n                                                <div class=\"panel-title font-weight-500 text-extra-dark-gray\" style=\"font-size: 16px; font-weight: 500; color: #ffffff;\" data-fontsize=\"16px\">\n                                                    Automatisation et Agilit\u00e9<span class=\"pull-right\"><i class=\"ti-minus\"><\/i><\/span>\n                                                <\/div>\n                                            <\/a>\n                                        <\/div>\n                                        <div id=\"accordion-one-link-1\" class=\"panel-collapse collapse in\">\n                                            <div class=\"panel-body \" style=\"font-size: 13px; color: rgba(255,255,255,0.9);\" data-fontsize=\"13px\"><p>Des plateformes num\u00e9riques qui permettront aux clients de s'adapter aux forces du march\u00e9 et d'acc\u00e9l\u00e9rer la transformation de l'entreprise.<\/p>\n<\/div>\n                                        <\/div>\n                                    <\/div><div class=\"panel text-left\">\n                                        <div class=\"panel-heading \">\n                                            <a data-toggle=\"collapse\" data-parent=\"#accordion-1\" href=\"#accordion-one-link-2\">\n                                                <div class=\"panel-title font-weight-500 text-extra-dark-gray\" style=\"font-size: 16px; font-weight: 500; color: #ffffff;\" data-fontsize=\"16px\">\n                                                    La flexibilit\u00e9<span class=\"pull-right\"><i class=\"ti-plus\"><\/i><\/span>\n                                                <\/div>\n                                            <\/a>\n                                        <\/div>\n                                        <div id=\"accordion-one-link-2\" class=\"panel-collapse collapse \">\n                                            <div class=\"panel-body \" style=\"font-size: 13px; color: rgba(255,255,255,0.9);\" data-fontsize=\"13px\"><p>Mise \u00e0 l'\u00e9chelle et fourniture de nouveaux services \u00e0 la demande<\/p>\n<\/div>\n                                        <\/div>\n                                    <\/div><div class=\"panel text-left\">\n                                        <div class=\"panel-heading \">\n                                            <a data-toggle=\"collapse\" data-parent=\"#accordion-1\" href=\"#accordion-one-link-3\">\n                                                <div class=\"panel-title font-weight-500 text-extra-dark-gray\" style=\"font-size: 16px; font-weight: 500; color: #ffffff;\" data-fontsize=\"16px\">\n                                                    Supprimer la complexit\u00e9<span class=\"pull-right\"><i class=\"ti-plus\"><\/i><\/span>\n                                                <\/div>\n                                            <\/a>\n                                        <\/div>\n                                        <div id=\"accordion-one-link-3\" class=\"panel-collapse collapse \">\n                                            <div class=\"panel-body \" style=\"font-size: 13px; color: rgba(255,255,255,0.9);\" data-fontsize=\"13px\"><p>Construire un portefeuille de services adapt\u00e9s aux divers besoins des d\u00e9partements internes et des clients externes sans ajouter de complexit\u00e9 op\u00e9rationnelle<\/p>\n<\/div>\n                                        <\/div>\n                                    <\/div><div class=\"panel text-left\">\n                                        <div class=\"panel-heading \">\n                                            <a data-toggle=\"collapse\" data-parent=\"#accordion-1\" href=\"#accordion-one-link-4\">\n                                                <div class=\"panel-title font-weight-500 text-extra-dark-gray\" style=\"font-size: 16px; font-weight: 500; color: #ffffff;\" data-fontsize=\"16px\">\n                                                    Gagnez en contr\u00f4le et en vitesse<span class=\"pull-right\"><i class=\"ti-plus\"><\/i><\/span>\n                                                <\/div>\n                                            <\/a>\n                                        <\/div>\n                                        <div id=\"accordion-one-link-4\" class=\"panel-collapse collapse \">\n                                            <div class=\"panel-body \" style=\"font-size: 13px; color: rgba(255,255,255,0.9);\" data-fontsize=\"13px\"><p>L'architecture d\u00e9finie par logiciel permet d'automatiser rapidement le provisionnement, le contr\u00f4le, la gestion et le co\u00fbt des services informatiques, en d\u00e9pla\u00e7ant l'attention du d\u00e9partement de la solution op\u00e9rationnelle vers la prise de d\u00e9cision bas\u00e9e sur des politiques<\/p>\n<\/div>\n                                        <\/div>\n                                    <\/div><\/div><\/div><\/div><\/div><div class=\"wpb_column vc_column_container vc_col-sm-6  col-xs-mobile-fullwidth\"><div class=\"vc_column-inner vc_custom_1628795059297\"><div class=\"wpb_wrapper\">[vc_empty_space]<\/div><\/div><\/div><\/div>[vc_empty_space height=&#8221;100px&#8221;]<\/div><\/div><\/div><\/section><div class=\"vc_row-full-width vc_clearfix\"><\/div>\n<\/section>","protected":false},"excerpt":{"rendered":"[vc_empty_space height=\"100px\"][vc_empty_space height=\"420px\"][vc_custom_heading text=\"Infrastructure Num\u00e9rique\" el_class=\"service-banner-title\"]Votre partenaire strat\u00e9gique pour construire l'infrastructure informatique qui lib\u00e8re la performance et d\u00e9clenche l'innovation commerciale. [vc_raw_html]JTNDZGl2JTIwaWQlM0QlMjJwYXJ0aWNsZXMtanMlMjIlM0UlM0MlMkZkaXYlM0UlMjAlMEElM0MlMjEtLSUyMHBhcnRpY2xlcy5qcyUyMGxpYiUyMC0lMjBodHRwcyUzQSUyRiUyRmdpdGh1Yi5jb20lMkZWaW5jZW50R2FycmVhdSUyRnBhcnRpY2xlcy5qcyUyMC0tJTNFJTIwJTBBJTNDc2NyaXB0JTIwc3JjJTNEJTIyaHR0cHMlM0ElMkYlMkZjZG4uanNkZWxpdnIubmV0JTJGcGFydGljbGVzLmpzJTJGMi4wLjAlMkZwYXJ0aWNsZXMubWluLmpzJTIyJTNFJTNDJTJGc2NyaXB0JTNFJTBB[\/vc_raw_html][vc_raw_js]JTNDc2NyaXB0JTNFJTBBJTBBcGFydGljbGVzSlMlMjglMjJwYXJ0aWNsZXMtanMlMjIlMkMlMjAlN0IlMjJwYXJ0aWNsZXMlMjIlM0ElN0IlMjJudW1iZXIlMjIlM0ElN0IlMjJ2YWx1ZSUyMiUzQTgwJTJDJTIyZGVuc2l0eSUyMiUzQSU3QiUyMmVuYWJsZSUyMiUzQXRydWUlMkMlMjJ2YWx1ZV9hcmVhJTIyJTNBODAwJTdEJTdEJTJDJTIyY29sb3IlMjIlM0ElN0IlMjJ2YWx1ZSUyMiUzQSUyMiUyM2NjY2NjYyUyMiU3RCUyQyUyMnNoYXBlJTIyJTNBJTdCJTIydHlwZSUyMiUzQSUyMmNpcmNsZSUyMiUyQyUyMnN0cm9rZSUyMiUzQSU3QiUyMndpZHRoJTIyJTNBMCUyQyUyMmNvbG9yJTIyJTNBJTIyJTIzMDAwMDAwJTIyJTdEJTJDJTIycG9seWdvbiUyMiUzQSU3QiUyMm5iX3NpZGVzJTIyJTNBNSU3RCUyQyUyMmltYWdlJTIyJTNBJTdCJTIyc3JjJTIyJTNBJTIyaW1nJTJGZ2l0aHViLnN2ZyUyMiUyQyUyMndpZHRoJTIyJTNBMTAwJTJDJTIyaGVpZ2h0JTIyJTNBMTAwJTdEJTdEJTJDJTIyb3BhY2l0eSUyMiUzQSU3QiUyMnZhbHVlJTIyJTNBMC41JTJDJTIycmFuZG9tJTIyJTNBZmFsc2UlMkMlMjJhbmltJTIyJTNBJTdCJTIyZW5hYmxlJTIyJTNBZmFsc2UlMkMlMjJzcGVlZCUyMiUzQTElMkMlMjJvcGFjaXR5X21pbiUyMiUzQTAuMSUyQyUyMnN5bmMlMjIlM0FmYWxzZSU3RCU3RCUyQyUyMnNpemUlMjIlM0ElN0IlMjJ2YWx1ZSUyMiUzQTMlMkMlMjJyYW5kb20lMjIlM0F0cnVlJTJDJTIyYW5pbSUyMiUzQSU3QiUyMmVuYWJsZSUyMiUzQWZhbHNlJTJDJTIyc3BlZWQlMjIlM0E0MCUyQyUyMnNpemVfbWluJTIyJTNBMC4xJTJDJTIyc3luYyUyMiUzQWZhbHNlJTdEJTdEJTJDJTIybGluZV9saW5rZWQlMjIlM0ElN0IlMjJlbmFibGUlMjIlM0F0cnVlJTJDJTIyZGlzdGFuY2UlMjIlM0ExNTAlMkMlMjJjb2xvciUyMiUzQSUyMiUyM2NjY2NjYyUyMiUyQyUyMm9wYWNpdHklMjIlM0EwLjQlMkMlMjJ3aWR0aCUyMiUzQTElN0QlMkMlMjJtb3ZlJTIyJTNBJTdCJTIyZW5hYmxlJTIyJTNBdHJ1ZSUyQyUyMnNwZWVkJTIyJTNBNiUyQyUyMmRpcmVjdGlvbiUyMiUzQSUyMm5vbmUlMjIlMkMlMjJyYW5kb20lMjIlM0FmYWxzZSUyQyUyMnN0cmFpZ2h0JTIyJTNBZmFsc2UlMkMlMjJvdXRfbW9kZSUyMiUzQSUyMm91dCUyMiUyQyUyMmJvdW5jZSUyMiUzQWZhbHNlJTJDJTIyYXR0cmFjdCUyMiUzQSU3QiUyMmVuYWJsZSUyMiUzQWZhbHNlJTJDJTIycm90YXRlWCUyMiUzQTYwMCUyQyUyMnJvdGF0ZVklMjIlM0ExMjAwJTdEJTdEJTdEJTJDJTIyaW50ZXJhY3Rpdml0eSUyMiUzQSU3QiUyMmRldGVjdF9vbiUyMiUzQSUyMmNhbnZhcyUyMiUyQyUyMmV2ZW50cyUyMiUzQSU3QiUyMm9uaG92ZXIlMjIlM0ElN0IlMjJlbmFibGUlMjIlM0F0cnVlJTJDJTIybW9kZSUyMiUzQSUyMnJlcHVsc2UlMjIlN0QlMkMlMjJvbmNsaWNrJTIyJTNBJTdCJTIyZW5hYmxlJTIyJTNBdHJ1ZSUyQyUyMm1vZGUlMjIlM0ElMjJwdXNoJTIyJTdEJTJDJTIycmVzaXplJTIyJTNBdHJ1ZSU3RCUyQyUyMm1vZGVzJTIyJTNBJTdCJTIyZ3JhYiUyMiUzQSU3QiUyMmRpc3RhbmNlJTIyJTNBNDAwJTJDJTIybGluZV9saW5rZWQlMjIlM0ElN0IlMjJvcGFjaXR5JTIyJTNBMSU3RCU3RCUyQyUyMmJ1YmJsZSUyMiUzQSU3QiUyMmRpc3RhbmNlJTIyJTNBNDAwJTJDJTIyc2l6ZSUyMiUzQTQwJTJDJTIyZHVyYXRpb24lMjIlM0EyJTJDJTIyb3BhY2l0eSUyMiUzQTglMkMlMjJzcGVlZCUyMiUzQTMlN0QlMkMlMjJyZXB1bHNlJTIyJTNBJTdCJTIyZGlzdGFuY2UlMjIlM0EyMDAlMkMlMjJkdXJhdGlvbiUyMiUzQTAuNCU3RCUyQyUyMnB1c2glMjIlM0ElN0IlMjJwYXJ0aWNsZXNfbmIlMjIlM0E0JTdEJTJDJTIycmVtb3ZlJTIyJTNBJTdCJTIycGFydGljbGVzX25iJTIyJTNBMiU3RCU3RCU3RCUyQyUyMnJldGluYV9kZXRlY3QlMjIlM0F0cnVlJTdEJTI5JTNCJTBBJTBBJTNDJTJGc2NyaXB0JTNF[\/vc_raw_js][vc_empty_space height=\"90px\"][vc_custom_heading text=\"Infrastructure num\u00e9rique\" font_container=\"tag:h2|font_size:14px|text_align:center|color:%232c54c7\" google_fonts=\"font_family:Roboto%3A100%2C100italic%2C300%2C300italic%2Cregular%2Citalic%2C500%2C500italic%2C700%2C700italic%2C900%2C900italic|font_style:500%20bold%20regular%3A500%3Anormal\" el_class=\"no-margin-top no-line-height section-pre-header\"][vc_custom_heading text=\"Nous travaillons avec les \u00e9quipes clients pour concevoir et construire une infrastructure de calcul, de stockage et de virtualisation d\u00e9finie par logiciel afin d'acc\u00e9l\u00e9rer la transformation num\u00e9rique des services, des ressources et des informations pour les services internes et les clients.\" font_container=\"tag:h2|font_size:25px|text_align:center|color:%23000000|line_height:1.3\" google_fonts=\"font_family:Roboto%3A100%2C100italic%2C300%2C300italic%2Cregular%2Citalic%2C500%2C500italic%2C700%2C700italic%2C900%2C900italic|font_style:400%20regular%3A400%3Anormal\" el_class=\"no-margin-top section-header poppins-font services-page-sub-header\"][vc_empty_space height=\"0px\"] Modernisation D'infrastructure Remplacez le mat\u00e9riel existant, consolidez et r\u00e9duisez l'empreinte de votre infrastructure, migrez vers des syst\u00e8mes cloud natifs nouveaux et am\u00e9lior\u00e9s et op\u00e9rez de mani\u00e8re efficace et agile. Ostec Cloud Hybride Connectez un centre de donn\u00e9es sur site \u00e0 un cloud public. Offrez \u00e0 votre entreprise une plus grande flexibilit\u00e9 et davantage d'options de d\u00e9ploiement des donn\u00e9es. Permettez \u00e0 votre organisation de tirer le meilleur parti des mod\u00e8les de cloud priv\u00e9 et public, d'exploiter des charges de travail dans un centre de donn\u00e9es priv\u00e9 et de d\u00e9placer les donn\u00e9es vers et depuis le cloud public selon les besoins. Ostec Backup as a Service Stockez les donn\u00e9es \u00e0 distance dans le cloud, \u00e9liminez le surprovisionnement de capacit\u00e9 et les longs cycles d'achat CapEx,...","protected":false},"author":2,"featured_media":0,"parent":0,"menu_order":0,"comment_status":"closed","ping_status":"closed","template":"","meta":{"footnotes":""},"_links":{"self":[{"href":"https:\/\/ostecit.com\/fr\/wp-json\/wp\/v2\/pages\/26397"}],"collection":[{"href":"https:\/\/ostecit.com\/fr\/wp-json\/wp\/v2\/pages"}],"about":[{"href":"https:\/\/ostecit.com\/fr\/wp-json\/wp\/v2\/types\/page"}],"author":[{"embeddable":true,"href":"https:\/\/ostecit.com\/fr\/wp-json\/wp\/v2\/users\/2"}],"replies":[{"embeddable":true,"href":"https:\/\/ostecit.com\/fr\/wp-json\/wp\/v2\/comments?post=26397"}],"version-history":[{"count":9,"href":"https:\/\/ostecit.com\/fr\/wp-json\/wp\/v2\/pages\/26397\/revisions"}],"predecessor-version":[{"id":28692,"href":"https:\/\/ostecit.com\/fr\/wp-json\/wp\/v2\/pages\/26397\/revisions\/28692"}],"wp:attachment":[{"href":"https:\/\/ostecit.com\/fr\/wp-json\/wp\/v2\/media?parent=26397"}],"curies":[{"name":"wp","href":"https:\/\/api.w.org\/{rel}","templated":true}]}}