{"id":26503,"date":"2021-10-02T14:19:08","date_gmt":"2021-10-02T14:19:08","guid":{"rendered":"https:\/\/ostecit.com\/fr\/contact-simple-copy\/"},"modified":"2023-07-17T18:24:27","modified_gmt":"2023-07-17T18:24:27","slug":"location","status":"publish","type":"page","link":"https:\/\/ostecit.com\/fr\/location\/","title":{"rendered":"Location"},"content":{"rendered":"<section class=\"wpb-content-wrapper\"><section data-vc-full-width=\"true\" data-vc-full-width-init=\"false\" data-vc-stretch-content=\"true\" class=\"vc_row wpb_row vc_row-fluid  vc_custom_1689618253240 wow fadeIn pofo-stretch-content vc_row-no-padding\"><div class=\"wpb_column vc_column_container vc_col-sm-12  col-xs-mobile-fullwidth\"><div class=\"vc_column-inner \"><div class=\"wpb_wrapper\"><div class=\" vc_custom_1675128125009 last-paragraph-no-margin\"><\/div>[vc_raw_html]JTNDaWZyYW1lJTIwc3JjJTNEJTIyaHR0cHMlM0ElMkYlMkZ3d3cuZ29vZ2xlLmNvbSUyRm1hcHMlMkZlbWJlZCUzRnBiJTNEJTIxMW0xNCUyMTFtOCUyMTFtMyUyMTFkMTU4ODMuOTc4MTI0OTMyNzU1JTIxMmQtMC4xNzIzMzglMjEzZDUuNTY3ODIzOSUyMTNtMiUyMTFpMTAyNCUyMTJpNzY4JTIxNGYxMy4xJTIxM20zJTIxMW0yJTIxMXMweGZkZjlhZmM4NjEyYjVlMSUyNTNBMHg5NDM4YTUyNzVkNzU0ZjdjJTIxMnNPc3RlYyUyNTIwTHRkJTIxNWUwJTIxM20yJTIxMXNlbiUyMTJzZ2glMjE0djE2ODk1ODI4NTM0MjklMjE1bTIlMjExc2VuJTIxMnNnaCUyMiUyMHdpZHRoJTNEJTIyNjAwJTIyJTIwaGVpZ2h0JTNEJTIyNDUwJTIyJTIwc3R5bGUlM0QlMjJib3JkZXIlM0EwJTNCJTIyJTIwYWxsb3dmdWxsc2NyZWVuJTNEJTIyJTIyJTIwbG9hZGluZyUzRCUyMmxhenklMjIlMjByZWZlcnJlcnBvbGljeSUzRCUyMm5vLXJlZmVycmVyLXdoZW4tZG93bmdyYWRlJTIyJTNFJTNDJTJGaWZyYW1lJTNF[\/vc_raw_html]<\/div><\/div><\/div><\/section><div class=\"vc_row-full-width vc_clearfix\"><\/div><section data-vc-full-width=\"true\" data-vc-full-width-init=\"false\" class=\"vc_row wpb_row vc_row-fluid   pofo-stretch-content pofo-stretch-row-container\"><div class=\"wpb_column vc_column_container vc_col-sm-1 vc_col-lg-2 vc_col-md-2 vc_hidden-xs col-xs-mobile-fullwidth\"><div class=\"vc_column-inner \"><div class=\"wpb_wrapper\"><\/div><\/div><\/div><div class=\"wpb_column vc_column_container vc_col-sm-10 vc_col-lg-8 vc_col-md-8 col-xs-mobile-fullwidth text-center\"><div class=\"vc_column-inner \"><div class=\"wpb_wrapper\"><h5 class=\"text-extra-dark-gray margin-20px-bottom font-weight-600 poppins-font display-inline-block alt-font heading-style2  heading-1\" >Plus de 20 ans d'exp\u00e9rience.....<\/h5><div class=\"poppins-font  vc_custom_1689456113960 last-paragraph-no-margin pofo-text-block-responsive-69e523080dcab\" style=\"width: 100%;\"><p>Fournir une source unique de technologie, de comp\u00e9tences et d&#8217;expertise pour aider les services informatiques \u00e0 tirer une plus grande valeur de leurs investissements technologiques.<\/p>\n<\/div><\/div><\/div><\/div><div class=\"wpb_column vc_column_container vc_col-sm-1 vc_col-lg-2 vc_col-md-2 vc_hidden-xs col-xs-mobile-fullwidth\"><div class=\"vc_column-inner \"><div class=\"wpb_wrapper\"><\/div><\/div><\/div><\/section><div class=\"vc_row-full-width vc_clearfix\"><\/div>\n<\/section>","protected":false},"excerpt":{"rendered":"[vc_raw_html]JTNDaWZyYW1lJTIwc3JjJTNEJTIyaHR0cHMlM0ElMkYlMkZ3d3cuZ29vZ2xlLmNvbSUyRm1hcHMlMkZlbWJlZCUzRnBiJTNEJTIxMW0xNCUyMTFtOCUyMTFtMyUyMTFkMTU4ODMuOTc4MTI0OTMyNzU1JTIxMmQtMC4xNzIzMzglMjEzZDUuNTY3ODIzOSUyMTNtMiUyMTFpMTAyNCUyMTJpNzY4JTIxNGYxMy4xJTIxM20zJTIxMW0yJTIxMXMweGZkZjlhZmM4NjEyYjVlMSUyNTNBMHg5NDM4YTUyNzVkNzU0ZjdjJTIxMnNPc3RlYyUyNTIwTHRkJTIxNWUwJTIxM20yJTIxMXNlbiUyMTJzZ2glMjE0djE2ODk1ODI4NTM0MjklMjE1bTIlMjExc2VuJTIxMnNnaCUyMiUyMHdpZHRoJTNEJTIyNjAwJTIyJTIwaGVpZ2h0JTNEJTIyNDUwJTIyJTIwc3R5bGUlM0QlMjJib3JkZXIlM0EwJTNCJTIyJTIwYWxsb3dmdWxsc2NyZWVuJTNEJTIyJTIyJTIwbG9hZGluZyUzRCUyMmxhenklMjIlMjByZWZlcnJlcnBvbGljeSUzRCUyMm5vLXJlZmVycmVyLXdoZW4tZG93bmdyYWRlJTIyJTNFJTNDJTJGaWZyYW1lJTNF[\/vc_raw_html]Plus de 20 ans d'exp\u00e9rience.....Fournir une source unique de technologie, de comp\u00e9tences et d'expertise pour aider les services informatiques \u00e0 tirer une plus grande valeur de leurs investissements technologiques.","protected":false},"author":2,"featured_media":0,"parent":0,"menu_order":0,"comment_status":"closed","ping_status":"closed","template":"","meta":{"footnotes":""},"_links":{"self":[{"href":"https:\/\/ostecit.com\/fr\/wp-json\/wp\/v2\/pages\/26503"}],"collection":[{"href":"https:\/\/ostecit.com\/fr\/wp-json\/wp\/v2\/pages"}],"about":[{"href":"https:\/\/ostecit.com\/fr\/wp-json\/wp\/v2\/types\/page"}],"author":[{"embeddable":true,"href":"https:\/\/ostecit.com\/fr\/wp-json\/wp\/v2\/users\/2"}],"replies":[{"embeddable":true,"href":"https:\/\/ostecit.com\/fr\/wp-json\/wp\/v2\/comments?post=26503"}],"version-history":[{"count":3,"href":"https:\/\/ostecit.com\/fr\/wp-json\/wp\/v2\/pages\/26503\/revisions"}],"predecessor-version":[{"id":28515,"href":"https:\/\/ostecit.com\/fr\/wp-json\/wp\/v2\/pages\/26503\/revisions\/28515"}],"wp:attachment":[{"href":"https:\/\/ostecit.com\/fr\/wp-json\/wp\/v2\/media?parent=26503"}],"curies":[{"name":"wp","href":"https:\/\/api.w.org\/{rel}","templated":true}]}}