{"id":26566,"date":"2021-10-17T11:31:07","date_gmt":"2021-10-17T11:31:07","guid":{"rendered":"https:\/\/ostecit.com\/fr\/privacy-policy-2-copy\/"},"modified":"2025-02-11T11:19:44","modified_gmt":"2025-02-11T11:19:44","slug":"isms-policy","status":"publish","type":"page","link":"https:\/\/ostecit.com\/fr\/isms-policy\/","title":{"rendered":"IMS Policy"},"content":{"rendered":"<section class=\"wpb-content-wrapper\"><section class=\"vc_row wpb_row vc_row-fluid  vc_custom_1510651119539 wow none pofo-row-responsive-69e73ecf3088c\"><div class=\"wpb_column vc_column_container vc_col-sm-12  col-xs-mobile-fullwidth\"><div class=\"vc_column-inner \"><div class=\"wpb_wrapper\">[vc_empty_space height=&#8221;80px&#8221;]<div class=\"last-paragraph-no-margin\"><p><strong>D\u00c9CLARATION DE POLITIQUE DU SMSI<\/strong><\/p>\n<p><strong>D\u00e9claration de politique SGSI d&#8217;Ostec<\/strong><\/p>\n<p>En tant qu&#8217;entreprise moderne et tourn\u00e9e vers l&#8217;avenir, Ostec reconna\u00eet au niveau de la direction la n\u00e9cessit\u00e9 de garantir que ses activit\u00e9s r\u00e9pondent \u00e0 des normes \u00e9lev\u00e9es et satisfont les besoins de ses clients, actionnaires et autres parties prenantes.<\/p>\n<p>Ostec a mis en place un Syst\u00e8me de Management de la Qualit\u00e9 (SMQ &#8211; ISO 9001) et un Syst\u00e8me de Management de la S\u00e9curit\u00e9 de l&#8217;Information (SMSI &#8211; ISO 27001) pour assurer un tel niveau de fonctionnement conform\u00e9ment aux normes internationales.<\/p>\n<p><strong>D\u00e9claration IMS<\/strong><\/p>\n<p>Ostec s&#8217;engage \u00e0 mettre en \u0153uvre un Syst\u00e8me de Management Int\u00e9gr\u00e9 (SMI) structur\u00e9 pour garantir que la qualit\u00e9 de ses services satisfait aux exigences l\u00e9gales, statutaires, r\u00e9glementaires, contractuelles et clients applicables, ainsi qu&#8217;\u00e0 am\u00e9liorer la satisfaction client, prot\u00e9ger la s\u00e9curit\u00e9 des informations de l&#8217;entreprise, pr\u00e9venir la d\u00e9gradation des services face aux incidents et \u00e9v\u00e9nements ind\u00e9sirables, et assurer que nos services de gestion informatique sont align\u00e9s sur les besoins de l&#8217;entreprise.<\/p>\n<p><strong>D\u00e9claration QMS<\/strong><\/p>\n<p>La qualit\u00e9 est importante pour notre entreprise car nous valorisons nos clients. Par cons\u00e9quent, nous nous effor\u00e7ons de satisfaire constamment leurs besoins et de d\u00e9passer leurs attentes sans compromettre la qualit\u00e9.<br \/>\nCette approche qui place le Client au premier plan nous permet d&#8217;assurer une croissance rentable et durable.<\/p>\n<p><strong>D\u00e9claration IMS<\/strong><\/p>\n<p>Ostec Limited s&#8217;engage \u00e0 garantir que son Syst\u00e8me de Management de la S\u00e9curit\u00e9 de l&#8217;Information est bien mis en \u0153uvre pour r\u00e9pondre aux besoins et aux attentes des parties int\u00e9ress\u00e9es et pour prot\u00e9ger de mani\u00e8re appropri\u00e9e ses actifs informationnels contre toute perte de confidentialit\u00e9, d&#8217;int\u00e9grit\u00e9 et de disponibilit\u00e9.<\/p>\n<p>Cordialement,<\/p>\n<p>Jonathan Tawiah<\/p>\n<div>\n<p><strong>CEO<\/strong><\/p>\n<\/div>\n<div><strong>Date<\/strong>: 10<sup>th<\/sup> February 2025<\/div>\n<p><strong><img loading=\"lazy\" decoding=\"async\" class=\"alignleft wp-image-26568\" src=\"https:\/\/ostecit.com\/fr\/wp-content\/uploads\/\/2021\/10\/jt-signature-150x150.png\" alt=\"\" width=\"100\" height=\"57\" \/><\/strong><\/p>\n<div>\n<p>&nbsp;<\/p>\n<p>&nbsp;<\/p>\n<p>&nbsp;<\/p>\n<\/div>\n<div><\/div>\n<\/div><\/div><\/div><\/div><\/section>\n<\/section>","protected":false},"excerpt":{"rendered":"[vc_empty_space height=\"80px\"]D\u00c9CLARATION DE POLITIQUE DU SMSI D\u00e9claration de politique SGSI d'Ostec En tant qu'entreprise moderne et tourn\u00e9e vers l'avenir, Ostec reconna\u00eet au niveau de la direction la n\u00e9cessit\u00e9 de garantir que ses activit\u00e9s r\u00e9pondent \u00e0 des normes \u00e9lev\u00e9es et satisfont les besoins de ses clients, actionnaires et autres parties prenantes. Ostec a mis en place un Syst\u00e8me de Management de la Qualit\u00e9 (SMQ - ISO 9001) et un Syst\u00e8me de Management de la S\u00e9curit\u00e9 de l'Information (SMSI - ISO 27001) pour assurer un tel niveau de fonctionnement conform\u00e9ment aux normes internationales. D\u00e9claration IMS Ostec s'engage \u00e0 mettre en \u0153uvre un Syst\u00e8me de Management Int\u00e9gr\u00e9 (SMI) structur\u00e9 pour garantir que la qualit\u00e9 de ses services satisfait aux exigences l\u00e9gales, statutaires, r\u00e9glementaires, contractuelles et clients applicables, ainsi qu'\u00e0 am\u00e9liorer la satisfaction client, prot\u00e9ger la s\u00e9curit\u00e9 des informations de l'entreprise, pr\u00e9venir la d\u00e9gradation des services face aux incidents et \u00e9v\u00e9nements ind\u00e9sirables, et assurer que nos services de gestion informatique sont align\u00e9s sur les besoins de l'entreprise. D\u00e9claration QMS La qualit\u00e9 est importante pour notre entreprise car nous valorisons nos clients. Par cons\u00e9quent, nous nous effor\u00e7ons de satisfaire constamment leurs besoins et de d\u00e9passer leurs attentes sans compromettre la qualit\u00e9. Cette approche qui place...","protected":false},"author":2,"featured_media":0,"parent":0,"menu_order":0,"comment_status":"closed","ping_status":"closed","template":"","meta":{"footnotes":""},"_links":{"self":[{"href":"https:\/\/ostecit.com\/fr\/wp-json\/wp\/v2\/pages\/26566"}],"collection":[{"href":"https:\/\/ostecit.com\/fr\/wp-json\/wp\/v2\/pages"}],"about":[{"href":"https:\/\/ostecit.com\/fr\/wp-json\/wp\/v2\/types\/page"}],"author":[{"embeddable":true,"href":"https:\/\/ostecit.com\/fr\/wp-json\/wp\/v2\/users\/2"}],"replies":[{"embeddable":true,"href":"https:\/\/ostecit.com\/fr\/wp-json\/wp\/v2\/comments?post=26566"}],"version-history":[{"count":6,"href":"https:\/\/ostecit.com\/fr\/wp-json\/wp\/v2\/pages\/26566\/revisions"}],"predecessor-version":[{"id":28810,"href":"https:\/\/ostecit.com\/fr\/wp-json\/wp\/v2\/pages\/26566\/revisions\/28810"}],"wp:attachment":[{"href":"https:\/\/ostecit.com\/fr\/wp-json\/wp\/v2\/media?parent=26566"}],"curies":[{"name":"wp","href":"https:\/\/api.w.org\/{rel}","templated":true}]}}