{"id":27955,"date":"2023-01-22T21:19:59","date_gmt":"2023-01-22T21:19:59","guid":{"rendered":"https:\/\/ostecit.com\/fr\/ostec360-soc-copy\/"},"modified":"2024-06-06T17:22:10","modified_gmt":"2024-06-06T17:22:10","slug":"ostec360-secure","status":"publish","type":"page","link":"https:\/\/ostecit.com\/fr\/ostec360-secure\/","title":{"rendered":"Ostec360 Secure"},"content":{"rendered":"<section class=\"wpb-content-wrapper\"><section data-vc-full-width=\"true\" data-vc-full-width-init=\"false\" class=\"vc_row wpb_row vc_row-fluid services-main-page-banner vc_hidden-sm vc_hidden-xs vc_custom_1644732988329 cover-background bg-position-right-bottom vc_row-has-fill pofo-stretch-content pofo-stretch-row-container\"><div class=\"wpb_column vc_column_container vc_col-sm-12  col-xs-mobile-fullwidth\"><div class=\"vc_column-inner \"><div class=\"wpb_wrapper\"><div class=\"vc_row wpb_row vc_inner vc_row-fluid who-we-are-page-banner-overlay  vc_row-o-content-middle vc_row-flex overflow-visible\"><div class=\"wpb_column vc_column_container vc_col-sm-12  col-xs-mobile-fullwidth\"><div class=\"vc_column-inner \"><div class=\"wpb_wrapper\">[vc_empty_space height=&#8221;100px&#8221;]<\/div><\/div><\/div><\/div><\/div><\/div><\/div><\/section><div class=\"vc_row-full-width vc_clearfix\"><\/div><section data-vc-full-width=\"true\" data-vc-full-width-init=\"false\" class=\"vc_row wpb_row vc_row-fluid home-industry-row no-top-bottom-padding vc_hidden-sm vc_hidden-xs vc_custom_1674215248762 position-relative overflow-visible vc_row-has-fill pofo-stretch-content pofo-stretch-row-container\"><div class=\"wpb_column vc_column_container vc_col-sm-12  col-xs-mobile-fullwidth\"><div class=\"vc_column-inner \"><div class=\"wpb_wrapper\"><div class=\"vc_row wpb_row vc_inner vc_row-fluid push-up-banner vc_custom_1630784741578 vc_row-has-fill overflow-visible bg-position-left-top\"><div class=\"wpb_column vc_column_container vc_col-has-fill who-we-are-sub-banner-image spaced-sub-banner-image vc_col-sm-8  col-xs-mobile-fullwidth\"><div class=\"vc_column-inner cover-background bg-position-left-center vc_custom_1676309427848\"><div class=\"wpb_wrapper\">[vc_empty_space height=&#8221;420px&#8221;][vc_custom_heading text=&#8221;Ostec360 Secure&#8221; el_class=&#8221;service-banner-title&#8221;]<\/div><\/div><\/div><div class=\"wpb_column vc_column_container vc_col-has-fill push-up-banner-title-box vc_col-sm-4  col-xs-mobile-fullwidth\"><div class=\"vc_column-inner vc_custom_1629798391728\"><div class=\"wpb_wrapper\"><div class=\"who-we-are-banner-text-box grand-text poppins-font last-paragraph-no-margin\" style=\"color: #ffffff;\"><p><span style=\"font-size: 36px; font-weight: 400; line-height: 1.2;\">Devenir<br \/>\nr\u00e9sistant aux<br \/>\ncyber-attaques<br \/>\nsans impacter<br \/>\nle capital<br \/>\nde votre<br \/>\nentreprise.<\/span><\/p>\n<\/div><\/div><\/div><\/div><\/div>[vc_raw_html]JTNDZGl2JTIwaWQlM0QlMjJwYXJ0aWNsZXMtanMlMjIlM0UlM0MlMkZkaXYlM0UlMjAlMEElM0MlMjEtLSUyMHBhcnRpY2xlcy5qcyUyMGxpYiUyMC0lMjBodHRwcyUzQSUyRiUyRmdpdGh1Yi5jb20lMkZWaW5jZW50R2FycmVhdSUyRnBhcnRpY2xlcy5qcyUyMC0tJTNFJTIwJTBBJTNDc2NyaXB0JTIwc3JjJTNEJTIyaHR0cHMlM0ElMkYlMkZjZG4uanNkZWxpdnIubmV0JTJGcGFydGljbGVzLmpzJTJGMi4wLjAlMkZwYXJ0aWNsZXMubWluLmpzJTIyJTNFJTNDJTJGc2NyaXB0JTNFJTBB[\/vc_raw_html][vc_raw_js]JTNDc2NyaXB0JTNFJTBBJTBBcGFydGljbGVzSlMlMjglMjJwYXJ0aWNsZXMtanMlMjIlMkMlMjAlN0IlMjJwYXJ0aWNsZXMlMjIlM0ElN0IlMjJudW1iZXIlMjIlM0ElN0IlMjJ2YWx1ZSUyMiUzQTgwJTJDJTIyZGVuc2l0eSUyMiUzQSU3QiUyMmVuYWJsZSUyMiUzQXRydWUlMkMlMjJ2YWx1ZV9hcmVhJTIyJTNBODAwJTdEJTdEJTJDJTIyY29sb3IlMjIlM0ElN0IlMjJ2YWx1ZSUyMiUzQSUyMiUyM2NjY2NjYyUyMiU3RCUyQyUyMnNoYXBlJTIyJTNBJTdCJTIydHlwZSUyMiUzQSUyMmNpcmNsZSUyMiUyQyUyMnN0cm9rZSUyMiUzQSU3QiUyMndpZHRoJTIyJTNBMCUyQyUyMmNvbG9yJTIyJTNBJTIyJTIzMDAwMDAwJTIyJTdEJTJDJTIycG9seWdvbiUyMiUzQSU3QiUyMm5iX3NpZGVzJTIyJTNBNSU3RCUyQyUyMmltYWdlJTIyJTNBJTdCJTIyc3JjJTIyJTNBJTIyaW1nJTJGZ2l0aHViLnN2ZyUyMiUyQyUyMndpZHRoJTIyJTNBMTAwJTJDJTIyaGVpZ2h0JTIyJTNBMTAwJTdEJTdEJTJDJTIyb3BhY2l0eSUyMiUzQSU3QiUyMnZhbHVlJTIyJTNBMC41JTJDJTIycmFuZG9tJTIyJTNBZmFsc2UlMkMlMjJhbmltJTIyJTNBJTdCJTIyZW5hYmxlJTIyJTNBZmFsc2UlMkMlMjJzcGVlZCUyMiUzQTElMkMlMjJvcGFjaXR5X21pbiUyMiUzQTAuMSUyQyUyMnN5bmMlMjIlM0FmYWxzZSU3RCU3RCUyQyUyMnNpemUlMjIlM0ElN0IlMjJ2YWx1ZSUyMiUzQTMlMkMlMjJyYW5kb20lMjIlM0F0cnVlJTJDJTIyYW5pbSUyMiUzQSU3QiUyMmVuYWJsZSUyMiUzQWZhbHNlJTJDJTIyc3BlZWQlMjIlM0E0MCUyQyUyMnNpemVfbWluJTIyJTNBMC4xJTJDJTIyc3luYyUyMiUzQWZhbHNlJTdEJTdEJTJDJTIybGluZV9saW5rZWQlMjIlM0ElN0IlMjJlbmFibGUlMjIlM0F0cnVlJTJDJTIyZGlzdGFuY2UlMjIlM0ExNTAlMkMlMjJjb2xvciUyMiUzQSUyMiUyM2NjY2NjYyUyMiUyQyUyMm9wYWNpdHklMjIlM0EwLjQlMkMlMjJ3aWR0aCUyMiUzQTElN0QlMkMlMjJtb3ZlJTIyJTNBJTdCJTIyZW5hYmxlJTIyJTNBdHJ1ZSUyQyUyMnNwZWVkJTIyJTNBNiUyQyUyMmRpcmVjdGlvbiUyMiUzQSUyMm5vbmUlMjIlMkMlMjJyYW5kb20lMjIlM0FmYWxzZSUyQyUyMnN0cmFpZ2h0JTIyJTNBZmFsc2UlMkMlMjJvdXRfbW9kZSUyMiUzQSUyMm91dCUyMiUyQyUyMmJvdW5jZSUyMiUzQWZhbHNlJTJDJTIyYXR0cmFjdCUyMiUzQSU3QiUyMmVuYWJsZSUyMiUzQWZhbHNlJTJDJTIycm90YXRlWCUyMiUzQTYwMCUyQyUyMnJvdGF0ZVklMjIlM0ExMjAwJTdEJTdEJTdEJTJDJTIyaW50ZXJhY3Rpdml0eSUyMiUzQSU3QiUyMmRldGVjdF9vbiUyMiUzQSUyMmNhbnZhcyUyMiUyQyUyMmV2ZW50cyUyMiUzQSU3QiUyMm9uaG92ZXIlMjIlM0ElN0IlMjJlbmFibGUlMjIlM0F0cnVlJTJDJTIybW9kZSUyMiUzQSUyMnJlcHVsc2UlMjIlN0QlMkMlMjJvbmNsaWNrJTIyJTNBJTdCJTIyZW5hYmxlJTIyJTNBdHJ1ZSUyQyUyMm1vZGUlMjIlM0ElMjJwdXNoJTIyJTdEJTJDJTIycmVzaXplJTIyJTNBdHJ1ZSU3RCUyQyUyMm1vZGVzJTIyJTNBJTdCJTIyZ3JhYiUyMiUzQSU3QiUyMmRpc3RhbmNlJTIyJTNBNDAwJTJDJTIybGluZV9saW5rZWQlMjIlM0ElN0IlMjJvcGFjaXR5JTIyJTNBMSU3RCU3RCUyQyUyMmJ1YmJsZSUyMiUzQSU3QiUyMmRpc3RhbmNlJTIyJTNBNDAwJTJDJTIyc2l6ZSUyMiUzQTQwJTJDJTIyZHVyYXRpb24lMjIlM0EyJTJDJTIyb3BhY2l0eSUyMiUzQTglMkMlMjJzcGVlZCUyMiUzQTMlN0QlMkMlMjJyZXB1bHNlJTIyJTNBJTdCJTIyZGlzdGFuY2UlMjIlM0EyMDAlMkMlMjJkdXJhdGlvbiUyMiUzQTAuNCU3RCUyQyUyMnB1c2glMjIlM0ElN0IlMjJwYXJ0aWNsZXNfbmIlMjIlM0E0JTdEJTJDJTIycmVtb3ZlJTIyJTNBJTdCJTIycGFydGljbGVzX25iJTIyJTNBMiU3RCU3RCU3RCUyQyUyMnJldGluYV9kZXRlY3QlMjIlM0F0cnVlJTdEJTI5JTNCJTBBJTBBJTNDJTJGc2NyaXB0JTNF[\/vc_raw_js][vc_empty_space height=&#8221;90px&#8221;][vc_custom_heading text=&#8221;Ostec360: Simple | Souple | Facile&#8221; font_container=&#8221;tag:h2|font_size:14px|text_align:center|color:%232c54c7&#8243; google_fonts=&#8221;font_family:Roboto%3A100%2C100italic%2C300%2C300italic%2Cregular%2Citalic%2C500%2C500italic%2C700%2C700italic%2C900%2C900italic|font_style:500%20bold%20regular%3A500%3Anormal&#8221; el_class=&#8221;no-margin-top no-line-height section-pre-header&#8221;][vc_custom_heading text=&#8221;Construisez un syst\u00e8me de cyberd\u00e9fense solide pour prot\u00e9ger vos utilisateurs,<br \/>\nterminaux et Web contre les cyber-attaquants.&#8221; font_container=&#8221;tag:h2|font_size:25px|text_align:center|color:%23000000|line_height:1.3&#8243; google_fonts=&#8221;font_family:Roboto%3A100%2C100italic%2C300%2C300italic%2Cregular%2Citalic%2C500%2C500italic%2C700%2C700italic%2C900%2C900italic|font_style:400%20regular%3A400%3Anormal&#8221; el_class=&#8221;no-margin-top section-header poppins-font services-page-sub-header&#8221;][vc_empty_space height=&#8221;0px&#8221;]<div class=\"vc_row wpb_row vc_inner vc_row-fluid home-industry-boxes vc_custom_1629625933586 vc_column-gap-5 vc_row-o-content-middle vc_row-flex\"><div class=\"wpb_column vc_column_container home-industry-box services-industry-box top-left-border-radius vc_col-sm-6  col-xs-mobile-fullwidth\"><div class=\"vc_column-inner vc_custom_1643093497138\"><div class=\"wpb_wrapper\"><div class=\"last-paragraph-no-margin\"><div class=\"col-md-2\">\n<p><img loading=\"lazy\" decoding=\"async\" class=\"aligncenter wp-image-28108 size-thumbnail\" src=\"https:\/\/ostecit.com\/fr\/wp-content\/uploads\/\/2023\/01\/Email-Security-150x150.png\" alt=\"\" width=\"150\" height=\"150\" \/><\/p>\n<\/div>\n<div class=\"col-md-10\"><span class=\"title no-margins no-padding\">S\u00e9curit\u00e9 des e-mails<\/span><\/div>\n<div class=\"col-md-10 description\">Dans le nouveau monde du travail hybride, les employ\u00e9s travaillent de partout et en tout lieu. Avec Ostec360 Secure, nous s\u00e9curisons vos communications par e-mail en bloquant les exp\u00e9diteurs frauduleux et en nous adaptant en temps r\u00e9el pour bloquer les attaques de phishing et les logiciels malveillants.<\/div>\n<\/div><\/div><\/div><\/div><div class=\"wpb_column vc_column_container home-industry-box services-industry-box top-right-border-radius vc_col-sm-6  col-xs-mobile-fullwidth\"><div class=\"vc_column-inner vc_custom_1643093484745\"><div class=\"wpb_wrapper\"><div class=\"last-paragraph-no-margin\"><div class=\"col-md-2\">\n<p><img loading=\"lazy\" decoding=\"async\" class=\"aligncenter wp-image-28109 size-thumbnail\" src=\"https:\/\/ostecit.com\/fr\/wp-content\/uploads\/\/2023\/01\/Web-Security-150x150.png\" alt=\"\" width=\"150\" height=\"150\" \/><\/p>\n<\/div>\n<div class=\"col-md-10\"><span class=\"title no-margins no-padding\">S\u00e9curit\u00e9 Internet<\/span><\/div>\n<div class=\"col-md-10 description\">Le lieu de travail a chang\u00e9 et continue de se transformer \u00e0 mesure que votre organisation s\u2019adapte \u00e0 l\u2019avenir du travail. Nous s\u00e9curisons tout et toute personne interagissant avec le Web depuis vos espaces de bureau ou \u00e0 distance.<\/div>\n<\/div><\/div><\/div><\/div><\/div><div class=\"vc_row wpb_row vc_inner vc_row-fluid home-industry-boxes vc_custom_1629625933586 vc_column-gap-5 vc_row-o-content-middle vc_row-flex\"><div class=\"wpb_column vc_column_container home-industry-box services-industry-box bottom-left-border-radius vc_col-sm-6  col-xs-mobile-fullwidth\"><div class=\"vc_column-inner vc_custom_1643093427459\"><div class=\"wpb_wrapper\"><div class=\"last-paragraph-no-margin\"><div class=\"col-md-2\">\n<p><img loading=\"lazy\" decoding=\"async\" class=\"aligncenter wp-image-28111 size-thumbnail\" src=\"https:\/\/ostecit.com\/fr\/wp-content\/uploads\/\/2023\/01\/Endpoint-Security-150x150.png\" alt=\"\" width=\"150\" height=\"150\" \/><\/p>\n<\/div>\n<div class=\"col-md-10\"><span class=\"title no-margins no-padding\">S\u00e9curit\u00e9 des terminaux<\/span><\/div>\n<div class=\"col-md-10 description\">Notre solution de s\u00e9curit\u00e9 des terminaux stoppe les attaques de ransomwares, de phishing et de malwares avanc\u00e9s dans leur \u00e9lan. Il dispose de capacit\u00e9s int\u00e9gr\u00e9es pour s\u00e9curiser les terminaux mobiles et traditionnels sur un large \u00e9ventail de plates-formes : appareils Windows 10, macOS, iOS et Android.<\/div>\n<\/div><\/div><\/div><\/div><div class=\"wpb_column vc_column_container home-industry-box services-industry-box bottom-right-border-radius vc_col-sm-6  col-xs-mobile-fullwidth\"><div class=\"vc_column-inner vc_custom_1643093450305\"><div class=\"wpb_wrapper\"><div class=\"last-paragraph-no-margin\"><div class=\"col-md-2\">\n<p><img loading=\"lazy\" decoding=\"async\" class=\"aligncenter wp-image-28112 size-thumbnail\" src=\"https:\/\/ostecit.com\/fr\/wp-content\/uploads\/\/2023\/01\/Multifactor-Authentication-150x150.png\" alt=\"\" width=\"150\" height=\"150\" \/><\/p>\n<\/div>\n<div class=\"col-md-10\"><span class=\"title no-margins no-padding\">Authentification multifacteur (MFA)<\/span><\/div>\n<div class=\"col-md-10 description\">Nous s\u00e9curisons le monde du travail sans p\u00e9rim\u00e8tre et de n&#8217;importe o\u00f9 avec notre solution facile \u00e0 utiliser. Offrez \u00e0 votre personnel une exp\u00e9rience de connexion s\u00e9curis\u00e9e et sans friction tout en le prot\u00e9geant contre les attaques de phishing.<\/div>\n<\/div><\/div><\/div><\/div><\/div>[vc_empty_space height=&#8221;90px&#8221;]<\/div><\/div><\/div><\/section><div class=\"vc_row-full-width vc_clearfix\"><\/div><section id=\"acc-holder\" data-vc-full-width=\"true\" data-vc-full-width-init=\"false\" class=\"vc_row wpb_row vc_row-fluid no-top-bottom-padding padding-50-box vc_hidden-sm vc_hidden-xs vc_custom_1644732421926 position-relative overflow-visible pofo-stretch-content pofo-stretch-row-container\"><div class=\"wpb_column vc_column_container vc_col-sm-12  col-xs-mobile-fullwidth\"><div class=\"vc_column-inner \"><div class=\"wpb_wrapper\">[vc_empty_space height=&#8221;90px&#8221;]<div class=\"vc_row wpb_row vc_inner vc_row-fluid who-we-are-accordion-container height-930 vc_custom_1675122494667 vc_row-has-fill position-relative cover-background bg-position-right-center\"><div class=\"wpb_column vc_column_container vc_col-has-fill who-we-are-accordion vc_col-sm-6  col-xs-mobile-fullwidth\"><div class=\"vc_column-inner vc_custom_1629789876815\"><div class=\"wpb_wrapper\">[vc_custom_heading text=&#8221;AVANTAGES&#8221; font_container=&#8221;tag:h5|font_size:38px|text_align:left|color:%23ffffff|line_height:45px&#8221; google_fonts=&#8221;font_family:Roboto%3A100%2C100italic%2C300%2C300italic%2Cregular%2Citalic%2C500%2C500italic%2C700%2C700italic%2C900%2C900italic|font_style:500%20bold%20regular%3A500%3Anormal&#8221; css=&#8221;.vc_custom_1689513521265{padding-top: 20px !important;}&#8221; el_class=&#8221;poppins-font section-pre-header no-margins industry-page&#8221;][vc_custom_heading text=&#8221;Ostec Secure<br \/>\nAvantages uniques&#8221; font_container=&#8221;tag:h5|font_size:33px|text_align:left|color:%23ffffff|line_height:45px&#8221; google_fonts=&#8221;font_family:Roboto%3A100%2C100italic%2C300%2C300italic%2Cregular%2Citalic%2C500%2C500italic%2C700%2C700italic%2C900%2C900italic|font_style:400%20regular%3A400%3Anormal&#8221; el_class=&#8221;poppins-font&#8221;]<div class=\"panel-group accordion-style1\" id=\"accordion-1\" ><div class=\"panel text-left\">\n                                        <div class=\"panel-heading active-accordion\">\n                                            <a data-toggle=\"collapse\" data-parent=\"#accordion-1\" href=\"#accordion-one-link-1\">\n                                                <div class=\"panel-title font-weight-500 text-extra-dark-gray\" style=\"font-size: 16px; font-weight: 500; color: #ffffff;\" data-fontsize=\"16px\">\n                                                    Expertise minimale requise<span class=\"pull-right\"><i class=\"ti-minus\"><\/i><\/span>\n                                                <\/div>\n                                            <\/a>\n                                        <\/div>\n                                        <div id=\"accordion-one-link-1\" class=\"panel-collapse collapse in\">\n                                            <div class=\"panel-body \" style=\"font-size: 13px; color: rgba(255,255,255,0.9);\" data-fontsize=\"13px\"><p>Gr\u00e2ce \u00e0 notre pool d'experts bien form\u00e9s et exp\u00e9riment\u00e9s, nous vous aiderons \u00e0 fournir toute l'expertise dont vous avez besoin afin que vous puissiez vous concentrer sur vos objectifs principaux.<\/p>\n<\/div>\n                                        <\/div>\n                                    <\/div><div class=\"panel text-left\">\n                                        <div class=\"panel-heading \">\n                                            <a data-toggle=\"collapse\" data-parent=\"#accordion-1\" href=\"#accordion-one-link-2\">\n                                                <div class=\"panel-title font-weight-500 text-extra-dark-gray\" style=\"font-size: 16px; font-weight: 500; color: #ffffff;\" data-fontsize=\"16px\">\n                                                    24x7 Service Clients<span class=\"pull-right\"><i class=\"ti-plus\"><\/i><\/span>\n                                                <\/div>\n                                            <\/a>\n                                        <\/div>\n                                        <div id=\"accordion-one-link-2\" class=\"panel-collapse collapse \">\n                                            <div class=\"panel-body \" style=\"font-size: 13px; color: rgba(255,255,255,0.9);\" data-fontsize=\"13px\"><p>Notre \u00e9quipe de service \u00e0 la client\u00e8le travaille 24 heures sur 24 pour assurer la continuit\u00e9 de votre entreprise. Avec Ostec360, nous surveillons, d\u00e9tectons et corrigeons les probl\u00e8mes avant qu'ils ne commencent \u00e0 affecter votre entreprise.<\/p>\n<\/div>\n                                        <\/div>\n                                    <\/div><div class=\"panel text-left\">\n                                        <div class=\"panel-heading \">\n                                            <a data-toggle=\"collapse\" data-parent=\"#accordion-1\" href=\"#accordion-one-link-3\">\n                                                <div class=\"panel-title font-weight-500 text-extra-dark-gray\" style=\"font-size: 16px; font-weight: 500; color: #ffffff;\" data-fontsize=\"16px\">\n                                                    Des flux de tr\u00e9sorerie<span class=\"pull-right\"><i class=\"ti-plus\"><\/i><\/span>\n                                                <\/div>\n                                            <\/a>\n                                        <\/div>\n                                        <div id=\"accordion-one-link-3\" class=\"panel-collapse collapse \">\n                                            <div class=\"panel-body \" style=\"font-size: 13px; color: rgba(255,255,255,0.9);\" data-fontsize=\"13px\"><p>Payez pour la technologie au fur et \u00e0 mesure que vous r\u00e9alisez la valeur des investissements.<\/p>\n<\/div>\n                                        <\/div>\n                                    <\/div><div class=\"panel text-left\">\n                                        <div class=\"panel-heading \">\n                                            <a data-toggle=\"collapse\" data-parent=\"#accordion-1\" href=\"#accordion-one-link-4\">\n                                                <div class=\"panel-title font-weight-500 text-extra-dark-gray\" style=\"font-size: 16px; font-weight: 500; color: #ffffff;\" data-fontsize=\"16px\">\n                                                    OpEx Cost<span class=\"pull-right\"><i class=\"ti-plus\"><\/i><\/span>\n                                                <\/div>\n                                            <\/a>\n                                        <\/div>\n                                        <div id=\"accordion-one-link-4\" class=\"panel-collapse collapse \">\n                                            <div class=\"panel-body \" style=\"font-size: 13px; color: rgba(255,255,255,0.9);\" data-fontsize=\"13px\"><p>La flexibilit\u00e9 de paiement mensuel ou trimestriel fixe fournie par Ostec360, permet de pr\u00e9voir et de g\u00e9rer votre budget sur le long terme.<\/p>\n<\/div>\n                                        <\/div>\n                                    <\/div><div class=\"panel text-left\">\n                                        <div class=\"panel-heading \">\n                                            <a data-toggle=\"collapse\" data-parent=\"#accordion-1\" href=\"#accordion-one-link-5\">\n                                                <div class=\"panel-title font-weight-500 text-extra-dark-gray\" style=\"font-size: 16px; font-weight: 500; color: #ffffff;\" data-fontsize=\"16px\">\n                                                    Optimisation des ressources financi\u00e8res<span class=\"pull-right\"><i class=\"ti-plus\"><\/i><\/span>\n                                                <\/div>\n                                            <\/a>\n                                        <\/div>\n                                        <div id=\"accordion-one-link-5\" class=\"panel-collapse collapse \">\n                                            <div class=\"panel-body \" style=\"font-size: 13px; color: rgba(255,255,255,0.9);\" data-fontsize=\"13px\"><p>Vous installez un nouveau bureau ou vous modernisez votre infrastructure informatique ? Ostec360 vous permet d'acqu\u00e9rir la technologie dont vous avez besoin sans investissement initial.<\/p>\n<\/div>\n                                        <\/div>\n                                    <\/div><\/div><\/div><\/div><\/div><div class=\"wpb_column vc_column_container vc_col-sm-6  col-xs-mobile-fullwidth\"><div class=\"vc_column-inner vc_custom_1628795059297\"><div class=\"wpb_wrapper\">[vc_empty_space]<\/div><\/div><\/div><\/div>[vc_empty_space height=&#8221;90px&#8221;]<\/div><\/div><\/div><\/section><div class=\"vc_row-full-width vc_clearfix\"><\/div>\n<\/section>","protected":false},"excerpt":{"rendered":"[vc_empty_space height=\"100px\"][vc_empty_space height=\"420px\"][vc_custom_heading text=\"Ostec360 Secure\" el_class=\"service-banner-title\"]Devenir r\u00e9sistant aux cyber-attaques sans impacter le capital de votre entreprise. [vc_raw_html]JTNDZGl2JTIwaWQlM0QlMjJwYXJ0aWNsZXMtanMlMjIlM0UlM0MlMkZkaXYlM0UlMjAlMEElM0MlMjEtLSUyMHBhcnRpY2xlcy5qcyUyMGxpYiUyMC0lMjBodHRwcyUzQSUyRiUyRmdpdGh1Yi5jb20lMkZWaW5jZW50R2FycmVhdSUyRnBhcnRpY2xlcy5qcyUyMC0tJTNFJTIwJTBBJTNDc2NyaXB0JTIwc3JjJTNEJTIyaHR0cHMlM0ElMkYlMkZjZG4uanNkZWxpdnIubmV0JTJGcGFydGljbGVzLmpzJTJGMi4wLjAlMkZwYXJ0aWNsZXMubWluLmpzJTIyJTNFJTNDJTJGc2NyaXB0JTNFJTBB[\/vc_raw_html][vc_raw_js]JTNDc2NyaXB0JTNFJTBBJTBBcGFydGljbGVzSlMlMjglMjJwYXJ0aWNsZXMtanMlMjIlMkMlMjAlN0IlMjJwYXJ0aWNsZXMlMjIlM0ElN0IlMjJudW1iZXIlMjIlM0ElN0IlMjJ2YWx1ZSUyMiUzQTgwJTJDJTIyZGVuc2l0eSUyMiUzQSU3QiUyMmVuYWJsZSUyMiUzQXRydWUlMkMlMjJ2YWx1ZV9hcmVhJTIyJTNBODAwJTdEJTdEJTJDJTIyY29sb3IlMjIlM0ElN0IlMjJ2YWx1ZSUyMiUzQSUyMiUyM2NjY2NjYyUyMiU3RCUyQyUyMnNoYXBlJTIyJTNBJTdCJTIydHlwZSUyMiUzQSUyMmNpcmNsZSUyMiUyQyUyMnN0cm9rZSUyMiUzQSU3QiUyMndpZHRoJTIyJTNBMCUyQyUyMmNvbG9yJTIyJTNBJTIyJTIzMDAwMDAwJTIyJTdEJTJDJTIycG9seWdvbiUyMiUzQSU3QiUyMm5iX3NpZGVzJTIyJTNBNSU3RCUyQyUyMmltYWdlJTIyJTNBJTdCJTIyc3JjJTIyJTNBJTIyaW1nJTJGZ2l0aHViLnN2ZyUyMiUyQyUyMndpZHRoJTIyJTNBMTAwJTJDJTIyaGVpZ2h0JTIyJTNBMTAwJTdEJTdEJTJDJTIyb3BhY2l0eSUyMiUzQSU3QiUyMnZhbHVlJTIyJTNBMC41JTJDJTIycmFuZG9tJTIyJTNBZmFsc2UlMkMlMjJhbmltJTIyJTNBJTdCJTIyZW5hYmxlJTIyJTNBZmFsc2UlMkMlMjJzcGVlZCUyMiUzQTElMkMlMjJvcGFjaXR5X21pbiUyMiUzQTAuMSUyQyUyMnN5bmMlMjIlM0FmYWxzZSU3RCU3RCUyQyUyMnNpemUlMjIlM0ElN0IlMjJ2YWx1ZSUyMiUzQTMlMkMlMjJyYW5kb20lMjIlM0F0cnVlJTJDJTIyYW5pbSUyMiUzQSU3QiUyMmVuYWJsZSUyMiUzQWZhbHNlJTJDJTIyc3BlZWQlMjIlM0E0MCUyQyUyMnNpemVfbWluJTIyJTNBMC4xJTJDJTIyc3luYyUyMiUzQWZhbHNlJTdEJTdEJTJDJTIybGluZV9saW5rZWQlMjIlM0ElN0IlMjJlbmFibGUlMjIlM0F0cnVlJTJDJTIyZGlzdGFuY2UlMjIlM0ExNTAlMkMlMjJjb2xvciUyMiUzQSUyMiUyM2NjY2NjYyUyMiUyQyUyMm9wYWNpdHklMjIlM0EwLjQlMkMlMjJ3aWR0aCUyMiUzQTElN0QlMkMlMjJtb3ZlJTIyJTNBJTdCJTIyZW5hYmxlJTIyJTNBdHJ1ZSUyQyUyMnNwZWVkJTIyJTNBNiUyQyUyMmRpcmVjdGlvbiUyMiUzQSUyMm5vbmUlMjIlMkMlMjJyYW5kb20lMjIlM0FmYWxzZSUyQyUyMnN0cmFpZ2h0JTIyJTNBZmFsc2UlMkMlMjJvdXRfbW9kZSUyMiUzQSUyMm91dCUyMiUyQyUyMmJvdW5jZSUyMiUzQWZhbHNlJTJDJTIyYXR0cmFjdCUyMiUzQSU3QiUyMmVuYWJsZSUyMiUzQWZhbHNlJTJDJTIycm90YXRlWCUyMiUzQTYwMCUyQyUyMnJvdGF0ZVklMjIlM0ExMjAwJTdEJTdEJTdEJTJDJTIyaW50ZXJhY3Rpdml0eSUyMiUzQSU3QiUyMmRldGVjdF9vbiUyMiUzQSUyMmNhbnZhcyUyMiUyQyUyMmV2ZW50cyUyMiUzQSU3QiUyMm9uaG92ZXIlMjIlM0ElN0IlMjJlbmFibGUlMjIlM0F0cnVlJTJDJTIybW9kZSUyMiUzQSUyMnJlcHVsc2UlMjIlN0QlMkMlMjJvbmNsaWNrJTIyJTNBJTdCJTIyZW5hYmxlJTIyJTNBdHJ1ZSUyQyUyMm1vZGUlMjIlM0ElMjJwdXNoJTIyJTdEJTJDJTIycmVzaXplJTIyJTNBdHJ1ZSU3RCUyQyUyMm1vZGVzJTIyJTNBJTdCJTIyZ3JhYiUyMiUzQSU3QiUyMmRpc3RhbmNlJTIyJTNBNDAwJTJDJTIybGluZV9saW5rZWQlMjIlM0ElN0IlMjJvcGFjaXR5JTIyJTNBMSU3RCU3RCUyQyUyMmJ1YmJsZSUyMiUzQSU3QiUyMmRpc3RhbmNlJTIyJTNBNDAwJTJDJTIyc2l6ZSUyMiUzQTQwJTJDJTIyZHVyYXRpb24lMjIlM0EyJTJDJTIyb3BhY2l0eSUyMiUzQTglMkMlMjJzcGVlZCUyMiUzQTMlN0QlMkMlMjJyZXB1bHNlJTIyJTNBJTdCJTIyZGlzdGFuY2UlMjIlM0EyMDAlMkMlMjJkdXJhdGlvbiUyMiUzQTAuNCU3RCUyQyUyMnB1c2glMjIlM0ElN0IlMjJwYXJ0aWNsZXNfbmIlMjIlM0E0JTdEJTJDJTIycmVtb3ZlJTIyJTNBJTdCJTIycGFydGljbGVzX25iJTIyJTNBMiU3RCU3RCU3RCUyQyUyMnJldGluYV9kZXRlY3QlMjIlM0F0cnVlJTdEJTI5JTNCJTBBJTBBJTNDJTJGc2NyaXB0JTNF[\/vc_raw_js][vc_empty_space height=\"90px\"][vc_custom_heading text=\"Ostec360: Simple | Souple | Facile\" font_container=\"tag:h2|font_size:14px|text_align:center|color:%232c54c7\" google_fonts=\"font_family:Roboto%3A100%2C100italic%2C300%2C300italic%2Cregular%2Citalic%2C500%2C500italic%2C700%2C700italic%2C900%2C900italic|font_style:500%20bold%20regular%3A500%3Anormal\" el_class=\"no-margin-top no-line-height section-pre-header\"][vc_custom_heading text=\"Construisez un syst\u00e8me de cyberd\u00e9fense solide pour prot\u00e9ger vos utilisateurs, terminaux et Web contre les cyber-attaquants.\" font_container=\"tag:h2|font_size:25px|text_align:center|color:%23000000|line_height:1.3\" google_fonts=\"font_family:Roboto%3A100%2C100italic%2C300%2C300italic%2Cregular%2Citalic%2C500%2C500italic%2C700%2C700italic%2C900%2C900italic|font_style:400%20regular%3A400%3Anormal\" el_class=\"no-margin-top section-header poppins-font services-page-sub-header\"][vc_empty_space height=\"0px\"] S\u00e9curit\u00e9 des e-mails Dans le nouveau monde du travail hybride, les employ\u00e9s travaillent de partout et en tout lieu. Avec Ostec360 Secure, nous s\u00e9curisons vos communications par e-mail en bloquant les exp\u00e9diteurs frauduleux et en nous adaptant en temps r\u00e9el pour bloquer les attaques de phishing et les logiciels malveillants. S\u00e9curit\u00e9 Internet Le lieu de travail a chang\u00e9 et continue de se transformer \u00e0 mesure que votre organisation s\u2019adapte \u00e0 l\u2019avenir du travail. Nous s\u00e9curisons tout et toute personne interagissant avec le Web depuis vos espaces de bureau ou \u00e0 distance. S\u00e9curit\u00e9 des terminaux Notre solution de s\u00e9curit\u00e9 des terminaux stoppe les attaques de ransomwares, de phishing et de malwares avanc\u00e9s dans leur \u00e9lan. Il dispose de capacit\u00e9s int\u00e9gr\u00e9es pour s\u00e9curiser les terminaux mobiles et traditionnels sur un large \u00e9ventail de plates-formes : appareils Windows 10, macOS, iOS et Android. Authentification multifacteur (MFA) Nous s\u00e9curisons le monde du...","protected":false},"author":2,"featured_media":0,"parent":0,"menu_order":0,"comment_status":"closed","ping_status":"closed","template":"","meta":{"footnotes":""},"_links":{"self":[{"href":"https:\/\/ostecit.com\/fr\/wp-json\/wp\/v2\/pages\/27955"}],"collection":[{"href":"https:\/\/ostecit.com\/fr\/wp-json\/wp\/v2\/pages"}],"about":[{"href":"https:\/\/ostecit.com\/fr\/wp-json\/wp\/v2\/types\/page"}],"author":[{"embeddable":true,"href":"https:\/\/ostecit.com\/fr\/wp-json\/wp\/v2\/users\/2"}],"replies":[{"embeddable":true,"href":"https:\/\/ostecit.com\/fr\/wp-json\/wp\/v2\/comments?post=27955"}],"version-history":[{"count":5,"href":"https:\/\/ostecit.com\/fr\/wp-json\/wp\/v2\/pages\/27955\/revisions"}],"predecessor-version":[{"id":28670,"href":"https:\/\/ostecit.com\/fr\/wp-json\/wp\/v2\/pages\/27955\/revisions\/28670"}],"wp:attachment":[{"href":"https:\/\/ostecit.com\/fr\/wp-json\/wp\/v2\/media?parent=27955"}],"curies":[{"name":"wp","href":"https:\/\/api.w.org\/{rel}","templated":true}]}}