{"id":27970,"date":"2023-01-22T23:56:41","date_gmt":"2023-01-22T23:56:41","guid":{"rendered":"https:\/\/ostecit.com\/fr\/digital-infrastructure-copy\/"},"modified":"2024-06-06T18:00:57","modified_gmt":"2024-06-06T18:00:57","slug":"network-modernisation","status":"publish","type":"page","link":"https:\/\/ostecit.com\/fr\/network-modernisation\/","title":{"rendered":"Network Modernisation"},"content":{"rendered":"<section class=\"wpb-content-wrapper\"><section data-vc-full-width=\"true\" data-vc-full-width-init=\"false\" class=\"vc_row wpb_row vc_row-fluid services-main-page-banner vc_hidden-sm vc_hidden-xs vc_custom_1644733811570 cover-background bg-position-right-bottom vc_row-has-fill pofo-stretch-content pofo-stretch-row-container\"><div class=\"wpb_column vc_column_container vc_col-sm-12  col-xs-mobile-fullwidth\"><div class=\"vc_column-inner \"><div class=\"wpb_wrapper\"><div class=\"vc_row wpb_row vc_inner vc_row-fluid who-we-are-page-banner-overlay  vc_row-o-content-middle vc_row-flex overflow-visible\"><div class=\"wpb_column vc_column_container vc_col-sm-12  col-xs-mobile-fullwidth\"><div class=\"vc_column-inner \"><div class=\"wpb_wrapper\">[vc_empty_space height=&#8221;100px&#8221;]<\/div><\/div><\/div><\/div><\/div><\/div><\/div><\/section><div class=\"vc_row-full-width vc_clearfix\"><\/div><section data-vc-full-width=\"true\" data-vc-full-width-init=\"false\" class=\"vc_row wpb_row vc_row-fluid home-industry-row no-top-bottom-padding vc_hidden-sm vc_hidden-xs vc_custom_1644733838538 position-relative overflow-visible vc_row-has-fill pofo-stretch-content pofo-stretch-row-container\"><div class=\"wpb_column vc_column_container vc_col-sm-12  col-xs-mobile-fullwidth\"><div class=\"vc_column-inner \"><div class=\"wpb_wrapper\"><div class=\"vc_row wpb_row vc_inner vc_row-fluid push-up-banner vc_custom_1630784741578 vc_row-has-fill overflow-visible bg-position-left-top\"><div class=\"wpb_column vc_column_container vc_col-has-fill who-we-are-sub-banner-image spaced-sub-banner-image vc_col-sm-8  col-xs-mobile-fullwidth\"><div class=\"vc_column-inner cover-background bg-position-right-center vc_custom_1674465690222\"><div class=\"wpb_wrapper\">[vc_empty_space height=&#8221;420px&#8221;][vc_custom_heading text=&#8221;Modernisation du r\u00e9seau&#8221; el_class=&#8221;service-banner-title&#8221;]<\/div><\/div><\/div><div class=\"wpb_column vc_column_container vc_col-has-fill push-up-banner-title-box vc_col-sm-4  col-xs-mobile-fullwidth\"><div class=\"vc_column-inner vc_custom_1629798391728\"><div class=\"wpb_wrapper\"><div class=\"who-we-are-banner-text-box grand-text poppins-font last-paragraph-no-margin\" style=\"color: #ffffff;\"><p><span style=\"font-size: 35px; font-weight: 400; line-height: 1.5;\">Innovez en toute confiance avec la puissance d&#8217;un r\u00e9seau moderne.<\/span><\/p>\n<\/div><\/div><\/div><\/div><\/div>[vc_raw_html]JTNDZGl2JTIwaWQlM0QlMjJwYXJ0aWNsZXMtanMlMjIlM0UlM0MlMkZkaXYlM0UlMjAlMEElM0MlMjEtLSUyMHBhcnRpY2xlcy5qcyUyMGxpYiUyMC0lMjBodHRwcyUzQSUyRiUyRmdpdGh1Yi5jb20lMkZWaW5jZW50R2FycmVhdSUyRnBhcnRpY2xlcy5qcyUyMC0tJTNFJTIwJTBBJTNDc2NyaXB0JTIwc3JjJTNEJTIyaHR0cHMlM0ElMkYlMkZjZG4uanNkZWxpdnIubmV0JTJGcGFydGljbGVzLmpzJTJGMi4wLjAlMkZwYXJ0aWNsZXMubWluLmpzJTIyJTNFJTNDJTJGc2NyaXB0JTNFJTBB[\/vc_raw_html][vc_raw_js]JTNDc2NyaXB0JTNFJTBBJTBBcGFydGljbGVzSlMlMjglMjJwYXJ0aWNsZXMtanMlMjIlMkMlMjAlN0IlMjJwYXJ0aWNsZXMlMjIlM0ElN0IlMjJudW1iZXIlMjIlM0ElN0IlMjJ2YWx1ZSUyMiUzQTgwJTJDJTIyZGVuc2l0eSUyMiUzQSU3QiUyMmVuYWJsZSUyMiUzQXRydWUlMkMlMjJ2YWx1ZV9hcmVhJTIyJTNBODAwJTdEJTdEJTJDJTIyY29sb3IlMjIlM0ElN0IlMjJ2YWx1ZSUyMiUzQSUyMiUyM2NjY2NjYyUyMiU3RCUyQyUyMnNoYXBlJTIyJTNBJTdCJTIydHlwZSUyMiUzQSUyMmNpcmNsZSUyMiUyQyUyMnN0cm9rZSUyMiUzQSU3QiUyMndpZHRoJTIyJTNBMCUyQyUyMmNvbG9yJTIyJTNBJTIyJTIzMDAwMDAwJTIyJTdEJTJDJTIycG9seWdvbiUyMiUzQSU3QiUyMm5iX3NpZGVzJTIyJTNBNSU3RCUyQyUyMmltYWdlJTIyJTNBJTdCJTIyc3JjJTIyJTNBJTIyaW1nJTJGZ2l0aHViLnN2ZyUyMiUyQyUyMndpZHRoJTIyJTNBMTAwJTJDJTIyaGVpZ2h0JTIyJTNBMTAwJTdEJTdEJTJDJTIyb3BhY2l0eSUyMiUzQSU3QiUyMnZhbHVlJTIyJTNBMC41JTJDJTIycmFuZG9tJTIyJTNBZmFsc2UlMkMlMjJhbmltJTIyJTNBJTdCJTIyZW5hYmxlJTIyJTNBZmFsc2UlMkMlMjJzcGVlZCUyMiUzQTElMkMlMjJvcGFjaXR5X21pbiUyMiUzQTAuMSUyQyUyMnN5bmMlMjIlM0FmYWxzZSU3RCU3RCUyQyUyMnNpemUlMjIlM0ElN0IlMjJ2YWx1ZSUyMiUzQTMlMkMlMjJyYW5kb20lMjIlM0F0cnVlJTJDJTIyYW5pbSUyMiUzQSU3QiUyMmVuYWJsZSUyMiUzQWZhbHNlJTJDJTIyc3BlZWQlMjIlM0E0MCUyQyUyMnNpemVfbWluJTIyJTNBMC4xJTJDJTIyc3luYyUyMiUzQWZhbHNlJTdEJTdEJTJDJTIybGluZV9saW5rZWQlMjIlM0ElN0IlMjJlbmFibGUlMjIlM0F0cnVlJTJDJTIyZGlzdGFuY2UlMjIlM0ExNTAlMkMlMjJjb2xvciUyMiUzQSUyMiUyM2NjY2NjYyUyMiUyQyUyMm9wYWNpdHklMjIlM0EwLjQlMkMlMjJ3aWR0aCUyMiUzQTElN0QlMkMlMjJtb3ZlJTIyJTNBJTdCJTIyZW5hYmxlJTIyJTNBdHJ1ZSUyQyUyMnNwZWVkJTIyJTNBNiUyQyUyMmRpcmVjdGlvbiUyMiUzQSUyMm5vbmUlMjIlMkMlMjJyYW5kb20lMjIlM0FmYWxzZSUyQyUyMnN0cmFpZ2h0JTIyJTNBZmFsc2UlMkMlMjJvdXRfbW9kZSUyMiUzQSUyMm91dCUyMiUyQyUyMmJvdW5jZSUyMiUzQWZhbHNlJTJDJTIyYXR0cmFjdCUyMiUzQSU3QiUyMmVuYWJsZSUyMiUzQWZhbHNlJTJDJTIycm90YXRlWCUyMiUzQTYwMCUyQyUyMnJvdGF0ZVklMjIlM0ExMjAwJTdEJTdEJTdEJTJDJTIyaW50ZXJhY3Rpdml0eSUyMiUzQSU3QiUyMmRldGVjdF9vbiUyMiUzQSUyMmNhbnZhcyUyMiUyQyUyMmV2ZW50cyUyMiUzQSU3QiUyMm9uaG92ZXIlMjIlM0ElN0IlMjJlbmFibGUlMjIlM0F0cnVlJTJDJTIybW9kZSUyMiUzQSUyMnJlcHVsc2UlMjIlN0QlMkMlMjJvbmNsaWNrJTIyJTNBJTdCJTIyZW5hYmxlJTIyJTNBdHJ1ZSUyQyUyMm1vZGUlMjIlM0ElMjJwdXNoJTIyJTdEJTJDJTIycmVzaXplJTIyJTNBdHJ1ZSU3RCUyQyUyMm1vZGVzJTIyJTNBJTdCJTIyZ3JhYiUyMiUzQSU3QiUyMmRpc3RhbmNlJTIyJTNBNDAwJTJDJTIybGluZV9saW5rZWQlMjIlM0ElN0IlMjJvcGFjaXR5JTIyJTNBMSU3RCU3RCUyQyUyMmJ1YmJsZSUyMiUzQSU3QiUyMmRpc3RhbmNlJTIyJTNBNDAwJTJDJTIyc2l6ZSUyMiUzQTQwJTJDJTIyZHVyYXRpb24lMjIlM0EyJTJDJTIyb3BhY2l0eSUyMiUzQTglMkMlMjJzcGVlZCUyMiUzQTMlN0QlMkMlMjJyZXB1bHNlJTIyJTNBJTdCJTIyZGlzdGFuY2UlMjIlM0EyMDAlMkMlMjJkdXJhdGlvbiUyMiUzQTAuNCU3RCUyQyUyMnB1c2glMjIlM0ElN0IlMjJwYXJ0aWNsZXNfbmIlMjIlM0E0JTdEJTJDJTIycmVtb3ZlJTIyJTNBJTdCJTIycGFydGljbGVzX25iJTIyJTNBMiU3RCU3RCU3RCUyQyUyMnJldGluYV9kZXRlY3QlMjIlM0F0cnVlJTdEJTI5JTNCJTBBJTBBJTNDJTJGc2NyaXB0JTNF[\/vc_raw_js][vc_empty_space height=&#8221;90px&#8221;][vc_empty_space height=&#8221;0px&#8221;]<div class=\"vc_row wpb_row vc_inner vc_row-fluid home-industry-boxes vc_custom_1629625933586 vc_column-gap-5 vc_row-o-content-middle vc_row-flex\"><div class=\"wpb_column vc_column_container home-industry-box services-industry-box top-left-border-radius vc_col-sm-6  col-xs-mobile-fullwidth\"><div class=\"vc_column-inner vc_custom_1641427916707\"><div class=\"wpb_wrapper\"><div class=\"last-paragraph-no-margin\"><div class=\"col-md-2\">\n<p><img loading=\"lazy\" decoding=\"async\" class=\"aligncenter wp-image-28090 size-thumbnail\" src=\"https:\/\/ostecit.com\/fr\/wp-content\/uploads\/\/2023\/01\/Wireless-Mobility-150x150.png\" alt=\"\" width=\"150\" height=\"150\" \/><\/p>\n<\/div>\n<div class=\"col-md-10\">\n<p><span class=\"title no-margins no-padding\">Sans Fil Et Mobilit\u00e9<\/span><\/p>\n<\/div>\n<div class=\"col-md-10 description\">\n<p>Le Wi-Fi 6E r\u00e9volutionne l&#8217;exp\u00e9rience sans fil dans les environnements de travail hybrides. Nos solutions sans fil sont r\u00e9silientes, disposent de la s\u00e9curit\u00e9 int\u00e9gr\u00e9e dont vous avez besoin et utilisent une intelligence adaptative et perspicace fournissant des informations utiles sur votre r\u00e9seau.<\/p>\n<\/div>\n<\/div><\/div><\/div><\/div><div class=\"wpb_column vc_column_container home-industry-box services-industry-box top-right-border-radius vc_col-sm-6  col-xs-mobile-fullwidth\"><div class=\"vc_column-inner vc_custom_1641427925785\"><div class=\"wpb_wrapper\"><div class=\"last-paragraph-no-margin\"><div class=\"col-md-2\">\n<p><img loading=\"lazy\" decoding=\"async\" class=\"wp-image-28088 size-thumbnail aligncenter\" src=\"https:\/\/ostecit.com\/fr\/wp-content\/uploads\/\/2023\/01\/OSTEC-360-SDWAN-150x150.png\" alt=\"\" width=\"150\" height=\"150\" \/><\/p>\n<\/div>\n<div class=\"col-md-10\">\n<p><span class=\"title no-margins no-padding\">SDWAN<\/span><\/p>\n<\/div>\n<div class=\"col-md-10 description\">\n<p>Connectez n&#8217;importe quel utilisateur \u00e0 n&#8217;importe quelle application avec des fonctionnalit\u00e9s int\u00e9gr\u00e9es pour le multicloud, la s\u00e9curit\u00e9 et l&#8217;optimisation des applications, le tout sur une architecture compatible SASE. \u00c9tendez la visibilit\u00e9 de votre r\u00e9seau, identifiez rapidement les probl\u00e8mes, obtenez une r\u00e9solution plus rapide et g\u00e9rez activement les performances de ce qui compte. Vous obtiendrez des informations exploitables pour vous aider \u00e0 transformer les op\u00e9rations r\u00e9seau d&#8217;un mod\u00e8le r\u00e9actif en un mod\u00e8le hautement proactif.<\/p>\n<\/div>\n<\/div><\/div><\/div><\/div><\/div><div class=\"vc_row wpb_row vc_inner vc_row-fluid home-industry-boxes vc_custom_1629625933586 vc_column-gap-5 vc_row-o-content-middle vc_row-flex\"><div class=\"wpb_column vc_column_container home-industry-box services-industry-box bottom-left-border-radius vc_col-sm-6  col-xs-mobile-fullwidth\"><div class=\"vc_column-inner vc_custom_1641427892290\"><div class=\"wpb_wrapper\"><div class=\"last-paragraph-no-margin\"><div class=\"col-md-2\">\n<p><img loading=\"lazy\" decoding=\"async\" class=\"aligncenter wp-image-28092 size-thumbnail\" src=\"https:\/\/ostecit.com\/fr\/wp-content\/uploads\/\/2023\/01\/Hybrid-cloud-networking-150x150.png\" alt=\"\" width=\"150\" height=\"150\" \/><\/p>\n<\/div>\n<div class=\"col-md-10\">\n<p><span class=\"title no-margins no-padding\">Le r\u00e9seautage en cloud hybride<\/span><\/p>\n<\/div>\n<div class=\"col-md-10 description\">\n<p>Vos donn\u00e9es, charges de travail et applications restent s\u00e9curis\u00e9es et connect\u00e9es \u00e0 travers le centre de donn\u00e9es, le cloud public et l&#8217;infrastructure en p\u00e9riph\u00e9rie. Connectez les \u00e9quipes et les technologies pour construire votre mod\u00e8le d&#8217;exploitation en cloud hybride. \u00c9tendez et connectez de mani\u00e8re s\u00e9curis\u00e9e vos environnements cloud priv\u00e9s et publics pour garantir une exp\u00e9rience applicative coh\u00e9rente. Cela permet \u00e9galement de g\u00e9rer l&#8217;ensemble du r\u00e9seau comme une entit\u00e9 unique \u00e0 partir d&#8217;une interface unifi\u00e9e.<\/p>\n<\/div>\n<\/div><\/div><\/div><\/div><div class=\"wpb_column vc_column_container home-industry-box services-industry-box bottom-right-border-radius vc_col-sm-6  col-xs-mobile-fullwidth\"><div class=\"vc_column-inner vc_custom_1641427903518\"><div class=\"wpb_wrapper\"><div class=\"last-paragraph-no-margin\"><div class=\"col-md-2\">\n<p><img loading=\"lazy\" decoding=\"async\" class=\"aligncenter wp-image-28091 size-thumbnail\" src=\"https:\/\/ostecit.com\/fr\/wp-content\/uploads\/\/2023\/01\/Cloud-managed-networking-150x150.png\" alt=\"\" width=\"150\" height=\"150\" \/><\/p>\n<\/div>\n<div class=\"col-md-10\">\n<p><span class=\"title no-margins no-padding\">R\u00e9seau G\u00e9r\u00e9 Dans Le Cloud<\/span><\/p>\n<\/div>\n<div class=\"col-md-10 description\">\n<p>D\u00e8s le premier jour notre solution technologique acc\u00e9l\u00e8re la transformation de l\u2019entreprise gr\u00e2ce \u00e0 des technologies de mise en r\u00e9seau cloud faciles \u00e0 utiliser qui offrent des exp\u00e9riences client s\u00e9curis\u00e9es et d\u00e9passent les attentes des employ\u00e9s.<br \/>\nG\u00e9rez l\u2019ensemble de votre infrastructure de r\u00e9seau distribu\u00e9 dans une seule interface. R\u00e9solvez les probl\u00e8mes \u00e0 distance et prenez en charge un r\u00e9seau distribu\u00e9 \u00e0 l\u2019\u00e9chelle mondiale.<\/p>\n<\/div>\n<\/div><\/div><\/div><\/div><\/div>[vc_empty_space height=&#8221;200px&#8221;]<\/div><\/div><\/div><\/section><div class=\"vc_row-full-width vc_clearfix\"><\/div><section id=\"acc-holder\" data-vc-full-width=\"true\" data-vc-full-width-init=\"false\" class=\"vc_row wpb_row vc_row-fluid no-top-bottom-padding padding-50-box vc_hidden-sm vc_hidden-xs vc_custom_1644734375486 position-relative overflow-visible pofo-stretch-content pofo-stretch-row-container\"><div class=\"wpb_column vc_column_container vc_col-sm-12  col-xs-mobile-fullwidth\"><div class=\"vc_column-inner \"><div class=\"wpb_wrapper\"><div class=\"vc_row wpb_row vc_inner vc_row-fluid who-we-are-accordion-container height-830 vc_custom_1675127459466 vc_row-has-fill position-relative cover-background bg-position-center-center\"><div class=\"wpb_column vc_column_container vc_col-has-fill who-we-are-accordion vc_col-sm-6  col-xs-mobile-fullwidth\"><div class=\"vc_column-inner vc_custom_1629789876815\"><div class=\"wpb_wrapper\">[vc_custom_heading text=&#8221;AVANTAGES&#8221; font_container=&#8221;tag:h5|font_size:38px|text_align:left|color:%23ffffff|line_height:45px&#8221; google_fonts=&#8221;font_family:Roboto%3A100%2C100italic%2C300%2C300italic%2Cregular%2Citalic%2C500%2C500italic%2C700%2C700italic%2C900%2C900italic|font_style:500%20bold%20regular%3A500%3Anormal&#8221; css=&#8221;.vc_custom_1689497864721{padding-top: 20px !important;}&#8221; el_class=&#8221;poppins-font section-pre-header no-margins industry-page&#8221;][vc_custom_heading text=&#8221;Modernisation du r\u00e9seau<br \/>\nAtouts exclusifs&#8221; font_container=&#8221;tag:h5|font_size:33px|text_align:left|color:%23ffffff|line_height:45px&#8221; google_fonts=&#8221;font_family:Roboto%3A100%2C100italic%2C300%2C300italic%2Cregular%2Citalic%2C500%2C500italic%2C700%2C700italic%2C900%2C900italic|font_style:400%20regular%3A400%3Anormal&#8221; el_class=&#8221;poppins-font&#8221;]<div class=\"panel-group accordion-style1\" id=\"accordion-1\" ><div class=\"panel text-left\">\n                                        <div class=\"panel-heading active-accordion\">\n                                            <a data-toggle=\"collapse\" data-parent=\"#accordion-1\" href=\"#accordion-one-link-1\">\n                                                <div class=\"panel-title font-weight-500 text-extra-dark-gray\" style=\"font-size: 16px; font-weight: 500; color: #ffffff;\" data-fontsize=\"16px\">\n                                                    Automatisation et Agilit\u00e9<span class=\"pull-right\"><i class=\"ti-minus\"><\/i><\/span>\n                                                <\/div>\n                                            <\/a>\n                                        <\/div>\n                                        <div id=\"accordion-one-link-1\" class=\"panel-collapse collapse in\">\n                                            <div class=\"panel-body \" style=\"font-size: 13px; color: rgba(255,255,255,0.9);\" data-fontsize=\"13px\"><p>Des plateformes num\u00e9riques qui permettront aux clients de s'adapter aux forces du march\u00e9 et d'acc\u00e9l\u00e9rer la transformation de l'entreprise.<\/p>\n<\/div>\n                                        <\/div>\n                                    <\/div><div class=\"panel text-left\">\n                                        <div class=\"panel-heading \">\n                                            <a data-toggle=\"collapse\" data-parent=\"#accordion-1\" href=\"#accordion-one-link-2\">\n                                                <div class=\"panel-title font-weight-500 text-extra-dark-gray\" style=\"font-size: 16px; font-weight: 500; color: #ffffff;\" data-fontsize=\"16px\">\n                                                    La flexibilit\u00e9<span class=\"pull-right\"><i class=\"ti-plus\"><\/i><\/span>\n                                                <\/div>\n                                            <\/a>\n                                        <\/div>\n                                        <div id=\"accordion-one-link-2\" class=\"panel-collapse collapse \">\n                                            <div class=\"panel-body \" style=\"font-size: 13px; color: rgba(255,255,255,0.9);\" data-fontsize=\"13px\"><p>Mise \u00e0 l'\u00e9chelle et fourniture de nouveaux services \u00e0 la demande.<\/p>\n<\/div>\n                                        <\/div>\n                                    <\/div><div class=\"panel text-left\">\n                                        <div class=\"panel-heading \">\n                                            <a data-toggle=\"collapse\" data-parent=\"#accordion-1\" href=\"#accordion-one-link-3\">\n                                                <div class=\"panel-title font-weight-500 text-extra-dark-gray\" style=\"font-size: 16px; font-weight: 500; color: #ffffff;\" data-fontsize=\"16px\">\n                                                    Supprimer la complexit\u00e9<span class=\"pull-right\"><i class=\"ti-plus\"><\/i><\/span>\n                                                <\/div>\n                                            <\/a>\n                                        <\/div>\n                                        <div id=\"accordion-one-link-3\" class=\"panel-collapse collapse \">\n                                            <div class=\"panel-body \" style=\"font-size: 13px; color: rgba(255,255,255,0.9);\" data-fontsize=\"13px\"><p>Construire un portefeuille de services adapt\u00e9s aux divers besoins des d\u00e9partements internes et des clients externes sans ajouter de complexit\u00e9 op\u00e9rationnelle.<\/p>\n<\/div>\n                                        <\/div>\n                                    <\/div><div class=\"panel text-left\">\n                                        <div class=\"panel-heading \">\n                                            <a data-toggle=\"collapse\" data-parent=\"#accordion-1\" href=\"#accordion-one-link-4\">\n                                                <div class=\"panel-title font-weight-500 text-extra-dark-gray\" style=\"font-size: 16px; font-weight: 500; color: #ffffff;\" data-fontsize=\"16px\">\n                                                    Gagnez en contr\u00f4le et en vitesse<span class=\"pull-right\"><i class=\"ti-plus\"><\/i><\/span>\n                                                <\/div>\n                                            <\/a>\n                                        <\/div>\n                                        <div id=\"accordion-one-link-4\" class=\"panel-collapse collapse \">\n                                            <div class=\"panel-body \" style=\"font-size: 13px; color: rgba(255,255,255,0.9);\" data-fontsize=\"13px\"><p>L'architecture d\u00e9finie par logiciel permet d'automatiser rapidement le provisionnement, le contr\u00f4le, la gestion et le co\u00fbt des services informatiques, en d\u00e9pla\u00e7ant l'attention du d\u00e9partement de la solution op\u00e9rationnelle vers la prise de d\u00e9cision bas\u00e9e sur des politiques<\/p>\n<\/div>\n                                        <\/div>\n                                    <\/div><\/div><\/div><\/div><\/div><div class=\"wpb_column vc_column_container vc_col-sm-6  col-xs-mobile-fullwidth\"><div class=\"vc_column-inner vc_custom_1628795059297\"><div class=\"wpb_wrapper\">[vc_empty_space]<\/div><\/div><\/div><\/div>[vc_empty_space height=&#8221;100px&#8221;]<\/div><\/div><\/div><\/section><div class=\"vc_row-full-width vc_clearfix\"><\/div>\n<\/section>","protected":false},"excerpt":{"rendered":"[vc_empty_space height=\"100px\"][vc_empty_space height=\"420px\"][vc_custom_heading text=\"Modernisation du r\u00e9seau\" el_class=\"service-banner-title\"]Innovez en toute confiance avec la puissance d'un r\u00e9seau moderne. [vc_raw_html]JTNDZGl2JTIwaWQlM0QlMjJwYXJ0aWNsZXMtanMlMjIlM0UlM0MlMkZkaXYlM0UlMjAlMEElM0MlMjEtLSUyMHBhcnRpY2xlcy5qcyUyMGxpYiUyMC0lMjBodHRwcyUzQSUyRiUyRmdpdGh1Yi5jb20lMkZWaW5jZW50R2FycmVhdSUyRnBhcnRpY2xlcy5qcyUyMC0tJTNFJTIwJTBBJTNDc2NyaXB0JTIwc3JjJTNEJTIyaHR0cHMlM0ElMkYlMkZjZG4uanNkZWxpdnIubmV0JTJGcGFydGljbGVzLmpzJTJGMi4wLjAlMkZwYXJ0aWNsZXMubWluLmpzJTIyJTNFJTNDJTJGc2NyaXB0JTNFJTBB[\/vc_raw_html][vc_raw_js]JTNDc2NyaXB0JTNFJTBBJTBBcGFydGljbGVzSlMlMjglMjJwYXJ0aWNsZXMtanMlMjIlMkMlMjAlN0IlMjJwYXJ0aWNsZXMlMjIlM0ElN0IlMjJudW1iZXIlMjIlM0ElN0IlMjJ2YWx1ZSUyMiUzQTgwJTJDJTIyZGVuc2l0eSUyMiUzQSU3QiUyMmVuYWJsZSUyMiUzQXRydWUlMkMlMjJ2YWx1ZV9hcmVhJTIyJTNBODAwJTdEJTdEJTJDJTIyY29sb3IlMjIlM0ElN0IlMjJ2YWx1ZSUyMiUzQSUyMiUyM2NjY2NjYyUyMiU3RCUyQyUyMnNoYXBlJTIyJTNBJTdCJTIydHlwZSUyMiUzQSUyMmNpcmNsZSUyMiUyQyUyMnN0cm9rZSUyMiUzQSU3QiUyMndpZHRoJTIyJTNBMCUyQyUyMmNvbG9yJTIyJTNBJTIyJTIzMDAwMDAwJTIyJTdEJTJDJTIycG9seWdvbiUyMiUzQSU3QiUyMm5iX3NpZGVzJTIyJTNBNSU3RCUyQyUyMmltYWdlJTIyJTNBJTdCJTIyc3JjJTIyJTNBJTIyaW1nJTJGZ2l0aHViLnN2ZyUyMiUyQyUyMndpZHRoJTIyJTNBMTAwJTJDJTIyaGVpZ2h0JTIyJTNBMTAwJTdEJTdEJTJDJTIyb3BhY2l0eSUyMiUzQSU3QiUyMnZhbHVlJTIyJTNBMC41JTJDJTIycmFuZG9tJTIyJTNBZmFsc2UlMkMlMjJhbmltJTIyJTNBJTdCJTIyZW5hYmxlJTIyJTNBZmFsc2UlMkMlMjJzcGVlZCUyMiUzQTElMkMlMjJvcGFjaXR5X21pbiUyMiUzQTAuMSUyQyUyMnN5bmMlMjIlM0FmYWxzZSU3RCU3RCUyQyUyMnNpemUlMjIlM0ElN0IlMjJ2YWx1ZSUyMiUzQTMlMkMlMjJyYW5kb20lMjIlM0F0cnVlJTJDJTIyYW5pbSUyMiUzQSU3QiUyMmVuYWJsZSUyMiUzQWZhbHNlJTJDJTIyc3BlZWQlMjIlM0E0MCUyQyUyMnNpemVfbWluJTIyJTNBMC4xJTJDJTIyc3luYyUyMiUzQWZhbHNlJTdEJTdEJTJDJTIybGluZV9saW5rZWQlMjIlM0ElN0IlMjJlbmFibGUlMjIlM0F0cnVlJTJDJTIyZGlzdGFuY2UlMjIlM0ExNTAlMkMlMjJjb2xvciUyMiUzQSUyMiUyM2NjY2NjYyUyMiUyQyUyMm9wYWNpdHklMjIlM0EwLjQlMkMlMjJ3aWR0aCUyMiUzQTElN0QlMkMlMjJtb3ZlJTIyJTNBJTdCJTIyZW5hYmxlJTIyJTNBdHJ1ZSUyQyUyMnNwZWVkJTIyJTNBNiUyQyUyMmRpcmVjdGlvbiUyMiUzQSUyMm5vbmUlMjIlMkMlMjJyYW5kb20lMjIlM0FmYWxzZSUyQyUyMnN0cmFpZ2h0JTIyJTNBZmFsc2UlMkMlMjJvdXRfbW9kZSUyMiUzQSUyMm91dCUyMiUyQyUyMmJvdW5jZSUyMiUzQWZhbHNlJTJDJTIyYXR0cmFjdCUyMiUzQSU3QiUyMmVuYWJsZSUyMiUzQWZhbHNlJTJDJTIycm90YXRlWCUyMiUzQTYwMCUyQyUyMnJvdGF0ZVklMjIlM0ExMjAwJTdEJTdEJTdEJTJDJTIyaW50ZXJhY3Rpdml0eSUyMiUzQSU3QiUyMmRldGVjdF9vbiUyMiUzQSUyMmNhbnZhcyUyMiUyQyUyMmV2ZW50cyUyMiUzQSU3QiUyMm9uaG92ZXIlMjIlM0ElN0IlMjJlbmFibGUlMjIlM0F0cnVlJTJDJTIybW9kZSUyMiUzQSUyMnJlcHVsc2UlMjIlN0QlMkMlMjJvbmNsaWNrJTIyJTNBJTdCJTIyZW5hYmxlJTIyJTNBdHJ1ZSUyQyUyMm1vZGUlMjIlM0ElMjJwdXNoJTIyJTdEJTJDJTIycmVzaXplJTIyJTNBdHJ1ZSU3RCUyQyUyMm1vZGVzJTIyJTNBJTdCJTIyZ3JhYiUyMiUzQSU3QiUyMmRpc3RhbmNlJTIyJTNBNDAwJTJDJTIybGluZV9saW5rZWQlMjIlM0ElN0IlMjJvcGFjaXR5JTIyJTNBMSU3RCU3RCUyQyUyMmJ1YmJsZSUyMiUzQSU3QiUyMmRpc3RhbmNlJTIyJTNBNDAwJTJDJTIyc2l6ZSUyMiUzQTQwJTJDJTIyZHVyYXRpb24lMjIlM0EyJTJDJTIyb3BhY2l0eSUyMiUzQTglMkMlMjJzcGVlZCUyMiUzQTMlN0QlMkMlMjJyZXB1bHNlJTIyJTNBJTdCJTIyZGlzdGFuY2UlMjIlM0EyMDAlMkMlMjJkdXJhdGlvbiUyMiUzQTAuNCU3RCUyQyUyMnB1c2glMjIlM0ElN0IlMjJwYXJ0aWNsZXNfbmIlMjIlM0E0JTdEJTJDJTIycmVtb3ZlJTIyJTNBJTdCJTIycGFydGljbGVzX25iJTIyJTNBMiU3RCU3RCU3RCUyQyUyMnJldGluYV9kZXRlY3QlMjIlM0F0cnVlJTdEJTI5JTNCJTBBJTBBJTNDJTJGc2NyaXB0JTNF[\/vc_raw_js][vc_empty_space height=\"90px\"][vc_empty_space height=\"0px\"] Sans Fil Et Mobilit\u00e9 Le Wi-Fi 6E r\u00e9volutionne l'exp\u00e9rience sans fil dans les environnements de travail hybrides. Nos solutions sans fil sont r\u00e9silientes, disposent de la s\u00e9curit\u00e9 int\u00e9gr\u00e9e dont vous avez besoin et utilisent une intelligence adaptative et perspicace fournissant des informations utiles sur votre r\u00e9seau. SDWAN Connectez n'importe quel utilisateur \u00e0 n'importe quelle application avec des fonctionnalit\u00e9s int\u00e9gr\u00e9es pour le multicloud, la s\u00e9curit\u00e9 et l'optimisation des applications, le tout sur une architecture compatible SASE. \u00c9tendez la visibilit\u00e9 de votre r\u00e9seau, identifiez rapidement les probl\u00e8mes, obtenez une r\u00e9solution plus rapide et g\u00e9rez activement les performances de ce qui compte. Vous obtiendrez des informations exploitables pour vous aider \u00e0 transformer les op\u00e9rations r\u00e9seau d'un mod\u00e8le r\u00e9actif en un mod\u00e8le hautement proactif. Le r\u00e9seautage en cloud hybride Vos donn\u00e9es, charges de travail et applications restent s\u00e9curis\u00e9es et connect\u00e9es \u00e0 travers le centre de donn\u00e9es, le cloud public et l'infrastructure en p\u00e9riph\u00e9rie. Connectez les \u00e9quipes et les technologies pour construire votre mod\u00e8le d'exploitation en cloud hybride. \u00c9tendez et connectez de mani\u00e8re s\u00e9curis\u00e9e vos environnements cloud priv\u00e9s et publics pour garantir une exp\u00e9rience applicative coh\u00e9rente....","protected":false},"author":2,"featured_media":0,"parent":0,"menu_order":0,"comment_status":"closed","ping_status":"closed","template":"","meta":{"footnotes":""},"_links":{"self":[{"href":"https:\/\/ostecit.com\/fr\/wp-json\/wp\/v2\/pages\/27970"}],"collection":[{"href":"https:\/\/ostecit.com\/fr\/wp-json\/wp\/v2\/pages"}],"about":[{"href":"https:\/\/ostecit.com\/fr\/wp-json\/wp\/v2\/types\/page"}],"author":[{"embeddable":true,"href":"https:\/\/ostecit.com\/fr\/wp-json\/wp\/v2\/users\/2"}],"replies":[{"embeddable":true,"href":"https:\/\/ostecit.com\/fr\/wp-json\/wp\/v2\/comments?post=27970"}],"version-history":[{"count":7,"href":"https:\/\/ostecit.com\/fr\/wp-json\/wp\/v2\/pages\/27970\/revisions"}],"predecessor-version":[{"id":28687,"href":"https:\/\/ostecit.com\/fr\/wp-json\/wp\/v2\/pages\/27970\/revisions\/28687"}],"wp:attachment":[{"href":"https:\/\/ostecit.com\/fr\/wp-json\/wp\/v2\/media?parent=27970"}],"curies":[{"name":"wp","href":"https:\/\/api.w.org\/{rel}","templated":true}]}}