{"id":27983,"date":"2023-01-23T00:39:55","date_gmt":"2023-01-23T00:39:55","guid":{"rendered":"https:\/\/ostecit.com\/fr\/ostec360-copy\/"},"modified":"2024-06-06T17:35:57","modified_gmt":"2024-06-06T17:35:57","slug":"ostec360-connect","status":"publish","type":"page","link":"https:\/\/ostecit.com\/fr\/ostec360-connect\/","title":{"rendered":"Ostec360 Connect"},"content":{"rendered":"<section class=\"wpb-content-wrapper\"><section data-vc-full-width=\"true\" data-vc-full-width-init=\"false\" class=\"vc_row wpb_row vc_row-fluid services-main-page-banner vc_hidden-sm vc_hidden-xs vc_custom_1644732988329 cover-background bg-position-right-bottom vc_row-has-fill pofo-stretch-content pofo-stretch-row-container\"><div class=\"wpb_column vc_column_container vc_col-sm-12  col-xs-mobile-fullwidth\"><div class=\"vc_column-inner \"><div class=\"wpb_wrapper\"><div class=\"vc_row wpb_row vc_inner vc_row-fluid who-we-are-page-banner-overlay  vc_row-o-content-middle vc_row-flex overflow-visible\"><div class=\"wpb_column vc_column_container vc_col-sm-12  col-xs-mobile-fullwidth\"><div class=\"vc_column-inner \"><div class=\"wpb_wrapper\">[vc_empty_space height=&#8221;100px&#8221;]<\/div><\/div><\/div><\/div><\/div><\/div><\/div><\/section><div class=\"vc_row-full-width vc_clearfix\"><\/div><section data-vc-full-width=\"true\" data-vc-full-width-init=\"false\" class=\"vc_row wpb_row vc_row-fluid home-industry-row no-top-bottom-padding vc_hidden-sm vc_hidden-xs vc_custom_1644733515308 position-relative overflow-visible vc_row-has-fill pofo-stretch-content pofo-stretch-row-container\"><div class=\"wpb_column vc_column_container vc_col-sm-12  col-xs-mobile-fullwidth\"><div class=\"vc_column-inner \"><div class=\"wpb_wrapper\"><div class=\"vc_row wpb_row vc_inner vc_row-fluid push-up-banner vc_custom_1630784741578 vc_row-has-fill overflow-visible bg-position-left-top\"><div class=\"wpb_column vc_column_container vc_col-has-fill who-we-are-sub-banner-image spaced-sub-banner-image vc_col-sm-8  col-xs-mobile-fullwidth\"><div class=\"vc_column-inner cover-background bg-position-left-center vc_custom_1676230663604\"><div class=\"wpb_wrapper\">[vc_empty_space height=&#8221;420px&#8221;][vc_custom_heading text=&#8221;Ostec360 Connect&#8221; el_class=&#8221;service-banner-title&#8221;]<\/div><\/div><\/div><div class=\"wpb_column vc_column_container vc_col-has-fill push-up-banner-title-box vc_col-sm-4  col-xs-mobile-fullwidth\"><div class=\"vc_column-inner vc_custom_1629798391728\"><div class=\"wpb_wrapper\"><div class=\"who-we-are-banner-text-box grand-text poppins-font last-paragraph-no-margin\" style=\"color: #ffffff;\"><p><span style=\"font-size: 35px; font-weight: 400; line-height: 1.5;\">Brisez la<br \/>\ncomplexit\u00e9 et soyez pr\u00eats pour les d\u00e9fis futurs du monde professionnel.<\/span><\/p>\n<\/div><\/div><\/div><\/div><\/div>[vc_raw_html]JTNDZGl2JTIwaWQlM0QlMjJwYXJ0aWNsZXMtanMlMjIlM0UlM0MlMkZkaXYlM0UlMjAlMEElM0MlMjEtLSUyMHBhcnRpY2xlcy5qcyUyMGxpYiUyMC0lMjBodHRwcyUzQSUyRiUyRmdpdGh1Yi5jb20lMkZWaW5jZW50R2FycmVhdSUyRnBhcnRpY2xlcy5qcyUyMC0tJTNFJTIwJTBBJTNDc2NyaXB0JTIwc3JjJTNEJTIyaHR0cHMlM0ElMkYlMkZjZG4uanNkZWxpdnIubmV0JTJGcGFydGljbGVzLmpzJTJGMi4wLjAlMkZwYXJ0aWNsZXMubWluLmpzJTIyJTNFJTNDJTJGc2NyaXB0JTNFJTBB[\/vc_raw_html][vc_raw_js]JTNDc2NyaXB0JTNFJTBBJTBBcGFydGljbGVzSlMlMjglMjJwYXJ0aWNsZXMtanMlMjIlMkMlMjAlN0IlMjJwYXJ0aWNsZXMlMjIlM0ElN0IlMjJudW1iZXIlMjIlM0ElN0IlMjJ2YWx1ZSUyMiUzQTgwJTJDJTIyZGVuc2l0eSUyMiUzQSU3QiUyMmVuYWJsZSUyMiUzQXRydWUlMkMlMjJ2YWx1ZV9hcmVhJTIyJTNBODAwJTdEJTdEJTJDJTIyY29sb3IlMjIlM0ElN0IlMjJ2YWx1ZSUyMiUzQSUyMiUyM2NjY2NjYyUyMiU3RCUyQyUyMnNoYXBlJTIyJTNBJTdCJTIydHlwZSUyMiUzQSUyMmNpcmNsZSUyMiUyQyUyMnN0cm9rZSUyMiUzQSU3QiUyMndpZHRoJTIyJTNBMCUyQyUyMmNvbG9yJTIyJTNBJTIyJTIzMDAwMDAwJTIyJTdEJTJDJTIycG9seWdvbiUyMiUzQSU3QiUyMm5iX3NpZGVzJTIyJTNBNSU3RCUyQyUyMmltYWdlJTIyJTNBJTdCJTIyc3JjJTIyJTNBJTIyaW1nJTJGZ2l0aHViLnN2ZyUyMiUyQyUyMndpZHRoJTIyJTNBMTAwJTJDJTIyaGVpZ2h0JTIyJTNBMTAwJTdEJTdEJTJDJTIyb3BhY2l0eSUyMiUzQSU3QiUyMnZhbHVlJTIyJTNBMC41JTJDJTIycmFuZG9tJTIyJTNBZmFsc2UlMkMlMjJhbmltJTIyJTNBJTdCJTIyZW5hYmxlJTIyJTNBZmFsc2UlMkMlMjJzcGVlZCUyMiUzQTElMkMlMjJvcGFjaXR5X21pbiUyMiUzQTAuMSUyQyUyMnN5bmMlMjIlM0FmYWxzZSU3RCU3RCUyQyUyMnNpemUlMjIlM0ElN0IlMjJ2YWx1ZSUyMiUzQTMlMkMlMjJyYW5kb20lMjIlM0F0cnVlJTJDJTIyYW5pbSUyMiUzQSU3QiUyMmVuYWJsZSUyMiUzQWZhbHNlJTJDJTIyc3BlZWQlMjIlM0E0MCUyQyUyMnNpemVfbWluJTIyJTNBMC4xJTJDJTIyc3luYyUyMiUzQWZhbHNlJTdEJTdEJTJDJTIybGluZV9saW5rZWQlMjIlM0ElN0IlMjJlbmFibGUlMjIlM0F0cnVlJTJDJTIyZGlzdGFuY2UlMjIlM0ExNTAlMkMlMjJjb2xvciUyMiUzQSUyMiUyM2NjY2NjYyUyMiUyQyUyMm9wYWNpdHklMjIlM0EwLjQlMkMlMjJ3aWR0aCUyMiUzQTElN0QlMkMlMjJtb3ZlJTIyJTNBJTdCJTIyZW5hYmxlJTIyJTNBdHJ1ZSUyQyUyMnNwZWVkJTIyJTNBNiUyQyUyMmRpcmVjdGlvbiUyMiUzQSUyMm5vbmUlMjIlMkMlMjJyYW5kb20lMjIlM0FmYWxzZSUyQyUyMnN0cmFpZ2h0JTIyJTNBZmFsc2UlMkMlMjJvdXRfbW9kZSUyMiUzQSUyMm91dCUyMiUyQyUyMmJvdW5jZSUyMiUzQWZhbHNlJTJDJTIyYXR0cmFjdCUyMiUzQSU3QiUyMmVuYWJsZSUyMiUzQWZhbHNlJTJDJTIycm90YXRlWCUyMiUzQTYwMCUyQyUyMnJvdGF0ZVklMjIlM0ExMjAwJTdEJTdEJTdEJTJDJTIyaW50ZXJhY3Rpdml0eSUyMiUzQSU3QiUyMmRldGVjdF9vbiUyMiUzQSUyMmNhbnZhcyUyMiUyQyUyMmV2ZW50cyUyMiUzQSU3QiUyMm9uaG92ZXIlMjIlM0ElN0IlMjJlbmFibGUlMjIlM0F0cnVlJTJDJTIybW9kZSUyMiUzQSUyMnJlcHVsc2UlMjIlN0QlMkMlMjJvbmNsaWNrJTIyJTNBJTdCJTIyZW5hYmxlJTIyJTNBdHJ1ZSUyQyUyMm1vZGUlMjIlM0ElMjJwdXNoJTIyJTdEJTJDJTIycmVzaXplJTIyJTNBdHJ1ZSU3RCUyQyUyMm1vZGVzJTIyJTNBJTdCJTIyZ3JhYiUyMiUzQSU3QiUyMmRpc3RhbmNlJTIyJTNBNDAwJTJDJTIybGluZV9saW5rZWQlMjIlM0ElN0IlMjJvcGFjaXR5JTIyJTNBMSU3RCU3RCUyQyUyMmJ1YmJsZSUyMiUzQSU3QiUyMmRpc3RhbmNlJTIyJTNBNDAwJTJDJTIyc2l6ZSUyMiUzQTQwJTJDJTIyZHVyYXRpb24lMjIlM0EyJTJDJTIyb3BhY2l0eSUyMiUzQTglMkMlMjJzcGVlZCUyMiUzQTMlN0QlMkMlMjJyZXB1bHNlJTIyJTNBJTdCJTIyZGlzdGFuY2UlMjIlM0EyMDAlMkMlMjJkdXJhdGlvbiUyMiUzQTAuNCU3RCUyQyUyMnB1c2glMjIlM0ElN0IlMjJwYXJ0aWNsZXNfbmIlMjIlM0E0JTdEJTJDJTIycmVtb3ZlJTIyJTNBJTdCJTIycGFydGljbGVzX25iJTIyJTNBMiU3RCU3RCU3RCUyQyUyMnJldGluYV9kZXRlY3QlMjIlM0F0cnVlJTdEJTI5JTNCJTBBJTBBJTNDJTJGc2NyaXB0JTNF[\/vc_raw_js][vc_empty_space height=&#8221;90px&#8221;][vc_custom_heading text=&#8221;Ostec360: Simple | Souple | Facile&#8221; font_container=&#8221;tag:h2|font_size:14px|text_align:center|color:%232c54c7&#8243; google_fonts=&#8221;font_family:Roboto%3A100%2C100italic%2C300%2C300italic%2Cregular%2Citalic%2C500%2C500italic%2C700%2C700italic%2C900%2C900italic|font_style:500%20bold%20regular%3A500%3Anormal&#8221; el_class=&#8221;no-margin-top no-line-height section-pre-header&#8221;][vc_custom_heading text=&#8221;Acqu\u00e9rir la technologie dont votre entreprise a besoin pour se d\u00e9velopper<br \/>\net prosp\u00e9rer aujourd&#8217;hui et payer au fur et \u00e0 mesure.&#8221; font_container=&#8221;tag:h2|font_size:25px|text_align:center|color:%23000000|line_height:1.3&#8243; google_fonts=&#8221;font_family:Roboto%3A100%2C100italic%2C300%2C300italic%2Cregular%2Citalic%2C500%2C500italic%2C700%2C700italic%2C900%2C900italic|font_style:400%20regular%3A400%3Anormal&#8221; el_class=&#8221;no-margin-top section-header poppins-font services-page-sub-header&#8221;][vc_empty_space height=&#8221;0px&#8221;]<div class=\"vc_row wpb_row vc_inner vc_row-fluid home-industry-boxes vc_custom_1629625933586 vc_column-gap-5 vc_row-o-content-middle vc_row-flex\"><div class=\"wpb_column vc_column_container home-industry-box services-industry-box top-left-border-radius vc_col-sm-6  col-xs-mobile-fullwidth\"><div class=\"vc_column-inner vc_custom_1643093497138\"><div class=\"wpb_wrapper\"><div class=\"last-paragraph-no-margin\"><div class=\"row serv-ind-box-height-20p\">\n<div class=\"col-md-2\"><img loading=\"lazy\" decoding=\"async\" class=\"aligncenter wp-image-28103 size-thumbnail\" src=\"https:\/\/ostecit.com\/fr\/wp-content\/uploads\/\/2023\/01\/Cloud-managed-access-150x150.png\" alt=\"\" width=\"150\" height=\"150\" \/><\/div>\n<div class=\"col-md-10\"><span class=\"title no-margins no-padding\">Cloud-managed access<\/span><\/div>\n<\/div>\n<div class=\"row serv-ind-box-height-70p\">\n<div class=\"col-md-2\"><\/div>\n<div class=\"col-md-10 description\">Fournissez un acc\u00e8s \u00e0 n&#8217;importe quel utilisateur, appareil ou application, de la p\u00e9riph\u00e9rie au cloud, tout en maintenant une s\u00e9curit\u00e9 renforc\u00e9e. Combinez des points d&#8217;acc\u00e8s Wi-Fi de pointe avec de puissantes capacit\u00e9s de commutation et de gestion des appareils mobiles (MDM).<\/div>\n<\/div>\n<\/div><\/div><\/div><\/div><div class=\"wpb_column vc_column_container home-industry-box services-industry-box top-right-border-radius vc_col-sm-6  col-xs-mobile-fullwidth\"><div class=\"vc_column-inner vc_custom_1643093484745\"><div class=\"wpb_wrapper\"><div class=\"last-paragraph-no-margin\"><div class=\"row serv-ind-box-height-20p\">\n<div class=\"col-md-2\"><img loading=\"lazy\" decoding=\"async\" class=\"aligncenter wp-image-28104 size-thumbnail\" src=\"https:\/\/ostecit.com\/fr\/wp-content\/uploads\/\/2023\/01\/Marketplace-150x150.png\" alt=\"\" width=\"150\" height=\"150\" \/><\/div>\n<div class=\"col-md-10\"><span class=\"title no-margins no-padding\">Marketplace<\/span><\/div>\n<\/div>\n<div class=\"row serv-ind-box-height-70p\">\n<div class=\"col-md-2\"><\/div>\n<div class=\"col-md-10 description\">D\u00e9couvrez des solutions pour le travail hybride, les environnements s\u00e9curis\u00e9s ou les espaces intelligents tels que la reconnaissance des plaques d&#8217;immatriculation des v\u00e9hicules, le suivi des actifs, les points de vente et bien plus encore, qui peuvent \u00eatre intelligemment int\u00e9gr\u00e9s.<\/div>\n<\/div>\n<\/div><\/div><\/div><\/div><\/div><div class=\"vc_row wpb_row vc_inner vc_row-fluid home-industry-boxes vc_custom_1629625933586 vc_column-gap-5 vc_row-o-content-middle vc_row-flex\"><div class=\"wpb_column vc_column_container home-industry-box services-industry-box bottom-left-border-radius vc_col-sm-6  col-xs-mobile-fullwidth\"><div class=\"vc_column-inner vc_custom_1643093427459\"><div class=\"wpb_wrapper\"><div class=\"last-paragraph-no-margin\"><div class=\"row serv-ind-box-height-20p\">\n<div class=\"col-md-2\"><img loading=\"lazy\" decoding=\"async\" class=\"aligncenter wp-image-28105 size-thumbnail\" src=\"https:\/\/ostecit.com\/fr\/wp-content\/uploads\/\/2023\/01\/Cloud-managed-IT-150x150.png\" alt=\"\" width=\"150\" height=\"150\" \/><\/div>\n<div class=\"col-md-10\"><span class=\"title no-margins no-padding\">Cloud-managed IT<\/span><\/div>\n<\/div>\n<div class=\"row serv-ind-box-height-70p\">\n<div class=\"col-md-2\"><\/div>\n<div class=\"col-md-10 description\">Administrez votre r\u00e9seau avec rapidit\u00e9 et s\u00e9curit\u00e9, depuis la configuration initiale jusqu&#8217;aux alertes intelligentes, o\u00f9 que vous soyez et sur n\u2019importe quel appareil. Connectez-vous \u00e0 la plateforme informatique cloud de r\u00e9f\u00e9rence du secteur, gr\u00e2ce \u00e0 une interface web intuitive et interactive qui vous permet de g\u00e9rer ais\u00e9ment vos effectifs et vos espaces de travail.<\/div>\n<\/div>\n<\/div><\/div><\/div><\/div><div class=\"wpb_column vc_column_container home-industry-box services-industry-box bottom-right-border-radius vc_col-sm-6  col-xs-mobile-fullwidth\"><div class=\"vc_column-inner vc_custom_1643093450305\"><div class=\"wpb_wrapper\"><div class=\"last-paragraph-no-margin\"><div class=\"row serv-ind-box-height-20p\">\n<div class=\"col-md-2\"><img loading=\"lazy\" decoding=\"async\" class=\"aligncenter wp-image-28106 size-thumbnail\" src=\"https:\/\/ostecit.com\/fr\/wp-content\/uploads\/\/2023\/01\/Network-as-a-Service-150x150.png\" alt=\"\" width=\"150\" height=\"150\" \/><\/div>\n<div class=\"col-md-10\"><span class=\"title no-margins no-padding\">Network-as-a-Service (NaaS)<\/span><\/div>\n<\/div>\n<div class=\"row serv-ind-box-height-70p\">\n<div class=\"col-md-2\"><\/div>\n<div class=\"col-md-10 description\">Il offre aux organisations des moyens plus flexibles d&#8217;acqu\u00e9rir des technologies de r\u00e9seau ainsi que des solutions technologiques existantes avec notre mod\u00e8le OpEx. Notre \u00e9quipe d&#8217;experts vous aide \u00e0 int\u00e9grer, contr\u00f4ler, mettre \u00e0 jour et r\u00e9soudre avec succ\u00e8s les probl\u00e8mes de r\u00e9seau afin que votre \u00e9quipe puisse recentrer ses \u00e9nergies sur l&#8217;innovation et les nouveaux projets.<\/div>\n<\/div>\n<\/div><\/div><\/div><\/div><\/div>[vc_empty_space height=&#8221;200px&#8221;]<\/div><\/div><\/div><\/section><div class=\"vc_row-full-width vc_clearfix\"><\/div><section id=\"acc-holder\" data-vc-full-width=\"true\" data-vc-full-width-init=\"false\" class=\"vc_row wpb_row vc_row-fluid no-top-bottom-padding padding-50-box vc_hidden-sm vc_hidden-xs vc_custom_1644732421926 position-relative overflow-visible pofo-stretch-content pofo-stretch-row-container\"><div class=\"wpb_column vc_column_container vc_col-sm-12  col-xs-mobile-fullwidth\"><div class=\"vc_column-inner \"><div class=\"wpb_wrapper\"><div class=\"vc_row wpb_row vc_inner vc_row-fluid who-we-are-accordion-container height-930 vc_custom_1675122252843 vc_row-has-fill position-relative cover-background bg-position-right-center\"><div class=\"wpb_column vc_column_container vc_col-has-fill who-we-are-accordion vc_col-sm-6  col-xs-mobile-fullwidth\"><div class=\"vc_column-inner vc_custom_1629789876815\"><div class=\"wpb_wrapper\">[vc_custom_heading text=&#8221;AVANTAGES&#8221; font_container=&#8221;tag:h5|font_size:38px|text_align:left|color:%23ffffff|line_height:45px&#8221; google_fonts=&#8221;font_family:Roboto%3A100%2C100italic%2C300%2C300italic%2Cregular%2Citalic%2C500%2C500italic%2C700%2C700italic%2C900%2C900italic|font_style:500%20bold%20regular%3A500%3Anormal&#8221; css=&#8221;.vc_custom_1689514187288{padding-top: 20px !important;}&#8221; el_class=&#8221;poppins-font section-pre-header no-margins industry-page&#8221;][vc_custom_heading text=&#8221;Ostec360 Connect des avantages uniques&#8221; font_container=&#8221;tag:h5|font_size:33px|text_align:left|color:%23ffffff|line_height:45px&#8221; google_fonts=&#8221;font_family:Roboto%3A100%2C100italic%2C300%2C300italic%2Cregular%2Citalic%2C500%2C500italic%2C700%2C700italic%2C900%2C900italic|font_style:400%20regular%3A400%3Anormal&#8221; el_class=&#8221;poppins-font&#8221;]<div class=\"panel-group accordion-style1\" id=\"accordion-1\" ><div class=\"panel text-left\">\n                                        <div class=\"panel-heading active-accordion\">\n                                            <a data-toggle=\"collapse\" data-parent=\"#accordion-1\" href=\"#accordion-one-link-1\">\n                                                <div class=\"panel-title font-weight-500 text-extra-dark-gray\" style=\"font-size: 16px; font-weight: 500; color: #ffffff;\" data-fontsize=\"16px\">\n                                                    Expertise minimale requise<span class=\"pull-right\"><i class=\"ti-minus\"><\/i><\/span>\n                                                <\/div>\n                                            <\/a>\n                                        <\/div>\n                                        <div id=\"accordion-one-link-1\" class=\"panel-collapse collapse in\">\n                                            <div class=\"panel-body \" style=\"font-size: 13px; color: rgba(255,255,255,0.9);\" data-fontsize=\"13px\"><p>Gr\u00e2ce \u00e0 notre pool d'experts bien form\u00e9s et exp\u00e9riment\u00e9s, nous vous aiderons \u00e0 fournir toute l'expertise dont vous avez besoin afin que vous puissiez vous concentrer sur vos objectifs principaux.<\/p>\n<\/div>\n                                        <\/div>\n                                    <\/div><div class=\"panel text-left\">\n                                        <div class=\"panel-heading \">\n                                            <a data-toggle=\"collapse\" data-parent=\"#accordion-1\" href=\"#accordion-one-link-2\">\n                                                <div class=\"panel-title font-weight-500 text-extra-dark-gray\" style=\"font-size: 16px; font-weight: 500; color: #ffffff;\" data-fontsize=\"16px\">\n                                                    24x7 Service Clients<span class=\"pull-right\"><i class=\"ti-plus\"><\/i><\/span>\n                                                <\/div>\n                                            <\/a>\n                                        <\/div>\n                                        <div id=\"accordion-one-link-2\" class=\"panel-collapse collapse \">\n                                            <div class=\"panel-body \" style=\"font-size: 13px; color: rgba(255,255,255,0.9);\" data-fontsize=\"13px\"><p>Notre \u00e9quipe de service \u00e0 la client\u00e8le travaille 24 heures sur 24 pour assurer la continuit\u00e9 de votre entreprise. Avec Ostec360, nous surveillons, d\u00e9tectons et corrigeons les probl\u00e8mes avant qu'ils ne commencent \u00e0 affecter votre entreprise.<\/p>\n<\/div>\n                                        <\/div>\n                                    <\/div><div class=\"panel text-left\">\n                                        <div class=\"panel-heading \">\n                                            <a data-toggle=\"collapse\" data-parent=\"#accordion-1\" href=\"#accordion-one-link-3\">\n                                                <div class=\"panel-title font-weight-500 text-extra-dark-gray\" style=\"font-size: 16px; font-weight: 500; color: #ffffff;\" data-fontsize=\"16px\">\n                                                    Des flux de tr\u00e9sorerie<span class=\"pull-right\"><i class=\"ti-plus\"><\/i><\/span>\n                                                <\/div>\n                                            <\/a>\n                                        <\/div>\n                                        <div id=\"accordion-one-link-3\" class=\"panel-collapse collapse \">\n                                            <div class=\"panel-body \" style=\"font-size: 13px; color: rgba(255,255,255,0.9);\" data-fontsize=\"13px\"><p>Payez pour la technologie au fur et \u00e0 mesure que vous r\u00e9alisez la valeur des investissements.<\/p>\n<\/div>\n                                        <\/div>\n                                    <\/div><div class=\"panel text-left\">\n                                        <div class=\"panel-heading \">\n                                            <a data-toggle=\"collapse\" data-parent=\"#accordion-1\" href=\"#accordion-one-link-4\">\n                                                <div class=\"panel-title font-weight-500 text-extra-dark-gray\" style=\"font-size: 16px; font-weight: 500; color: #ffffff;\" data-fontsize=\"16px\">\n                                                    OpEx Cost<span class=\"pull-right\"><i class=\"ti-plus\"><\/i><\/span>\n                                                <\/div>\n                                            <\/a>\n                                        <\/div>\n                                        <div id=\"accordion-one-link-4\" class=\"panel-collapse collapse \">\n                                            <div class=\"panel-body \" style=\"font-size: 13px; color: rgba(255,255,255,0.9);\" data-fontsize=\"13px\"><p>La flexibilit\u00e9 de paiement mensuel ou trimestriel fixe fournie par Ostec360, permet de pr\u00e9voir et de g\u00e9rer votre budget sur le long terme.<\/p>\n<\/div>\n                                        <\/div>\n                                    <\/div><div class=\"panel text-left\">\n                                        <div class=\"panel-heading \">\n                                            <a data-toggle=\"collapse\" data-parent=\"#accordion-1\" href=\"#accordion-one-link-5\">\n                                                <div class=\"panel-title font-weight-500 text-extra-dark-gray\" style=\"font-size: 16px; font-weight: 500; color: #ffffff;\" data-fontsize=\"16px\">\n                                                    Optimisation des ressources financi\u00e8res<span class=\"pull-right\"><i class=\"ti-plus\"><\/i><\/span>\n                                                <\/div>\n                                            <\/a>\n                                        <\/div>\n                                        <div id=\"accordion-one-link-5\" class=\"panel-collapse collapse \">\n                                            <div class=\"panel-body \" style=\"font-size: 13px; color: rgba(255,255,255,0.9);\" data-fontsize=\"13px\"><p>Vous installez un nouveau bureau ou vous modernisez votre infrastructure informatique ? Ostec360 vous permet d'acqu\u00e9rir la technologie dont vous avez besoin sans investissement initial.<\/p>\n<\/div>\n                                        <\/div>\n                                    <\/div><\/div><\/div><\/div><\/div><div class=\"wpb_column vc_column_container vc_col-sm-6  col-xs-mobile-fullwidth\"><div class=\"vc_column-inner vc_custom_1628795059297\"><div class=\"wpb_wrapper\">[vc_empty_space]<\/div><\/div><\/div><\/div>[vc_empty_space height=&#8221;90px&#8221;]<\/div><\/div><\/div><\/section><div class=\"vc_row-full-width vc_clearfix\"><\/div>\n<\/section>","protected":false},"excerpt":{"rendered":"[vc_empty_space height=\"100px\"][vc_empty_space height=\"420px\"][vc_custom_heading text=\"Ostec360 Connect\" el_class=\"service-banner-title\"]Brisez la complexit\u00e9 et soyez pr\u00eats pour les d\u00e9fis futurs du monde professionnel. [vc_raw_html]JTNDZGl2JTIwaWQlM0QlMjJwYXJ0aWNsZXMtanMlMjIlM0UlM0MlMkZkaXYlM0UlMjAlMEElM0MlMjEtLSUyMHBhcnRpY2xlcy5qcyUyMGxpYiUyMC0lMjBodHRwcyUzQSUyRiUyRmdpdGh1Yi5jb20lMkZWaW5jZW50R2FycmVhdSUyRnBhcnRpY2xlcy5qcyUyMC0tJTNFJTIwJTBBJTNDc2NyaXB0JTIwc3JjJTNEJTIyaHR0cHMlM0ElMkYlMkZjZG4uanNkZWxpdnIubmV0JTJGcGFydGljbGVzLmpzJTJGMi4wLjAlMkZwYXJ0aWNsZXMubWluLmpzJTIyJTNFJTNDJTJGc2NyaXB0JTNFJTBB[\/vc_raw_html][vc_raw_js]JTNDc2NyaXB0JTNFJTBBJTBBcGFydGljbGVzSlMlMjglMjJwYXJ0aWNsZXMtanMlMjIlMkMlMjAlN0IlMjJwYXJ0aWNsZXMlMjIlM0ElN0IlMjJudW1iZXIlMjIlM0ElN0IlMjJ2YWx1ZSUyMiUzQTgwJTJDJTIyZGVuc2l0eSUyMiUzQSU3QiUyMmVuYWJsZSUyMiUzQXRydWUlMkMlMjJ2YWx1ZV9hcmVhJTIyJTNBODAwJTdEJTdEJTJDJTIyY29sb3IlMjIlM0ElN0IlMjJ2YWx1ZSUyMiUzQSUyMiUyM2NjY2NjYyUyMiU3RCUyQyUyMnNoYXBlJTIyJTNBJTdCJTIydHlwZSUyMiUzQSUyMmNpcmNsZSUyMiUyQyUyMnN0cm9rZSUyMiUzQSU3QiUyMndpZHRoJTIyJTNBMCUyQyUyMmNvbG9yJTIyJTNBJTIyJTIzMDAwMDAwJTIyJTdEJTJDJTIycG9seWdvbiUyMiUzQSU3QiUyMm5iX3NpZGVzJTIyJTNBNSU3RCUyQyUyMmltYWdlJTIyJTNBJTdCJTIyc3JjJTIyJTNBJTIyaW1nJTJGZ2l0aHViLnN2ZyUyMiUyQyUyMndpZHRoJTIyJTNBMTAwJTJDJTIyaGVpZ2h0JTIyJTNBMTAwJTdEJTdEJTJDJTIyb3BhY2l0eSUyMiUzQSU3QiUyMnZhbHVlJTIyJTNBMC41JTJDJTIycmFuZG9tJTIyJTNBZmFsc2UlMkMlMjJhbmltJTIyJTNBJTdCJTIyZW5hYmxlJTIyJTNBZmFsc2UlMkMlMjJzcGVlZCUyMiUzQTElMkMlMjJvcGFjaXR5X21pbiUyMiUzQTAuMSUyQyUyMnN5bmMlMjIlM0FmYWxzZSU3RCU3RCUyQyUyMnNpemUlMjIlM0ElN0IlMjJ2YWx1ZSUyMiUzQTMlMkMlMjJyYW5kb20lMjIlM0F0cnVlJTJDJTIyYW5pbSUyMiUzQSU3QiUyMmVuYWJsZSUyMiUzQWZhbHNlJTJDJTIyc3BlZWQlMjIlM0E0MCUyQyUyMnNpemVfbWluJTIyJTNBMC4xJTJDJTIyc3luYyUyMiUzQWZhbHNlJTdEJTdEJTJDJTIybGluZV9saW5rZWQlMjIlM0ElN0IlMjJlbmFibGUlMjIlM0F0cnVlJTJDJTIyZGlzdGFuY2UlMjIlM0ExNTAlMkMlMjJjb2xvciUyMiUzQSUyMiUyM2NjY2NjYyUyMiUyQyUyMm9wYWNpdHklMjIlM0EwLjQlMkMlMjJ3aWR0aCUyMiUzQTElN0QlMkMlMjJtb3ZlJTIyJTNBJTdCJTIyZW5hYmxlJTIyJTNBdHJ1ZSUyQyUyMnNwZWVkJTIyJTNBNiUyQyUyMmRpcmVjdGlvbiUyMiUzQSUyMm5vbmUlMjIlMkMlMjJyYW5kb20lMjIlM0FmYWxzZSUyQyUyMnN0cmFpZ2h0JTIyJTNBZmFsc2UlMkMlMjJvdXRfbW9kZSUyMiUzQSUyMm91dCUyMiUyQyUyMmJvdW5jZSUyMiUzQWZhbHNlJTJDJTIyYXR0cmFjdCUyMiUzQSU3QiUyMmVuYWJsZSUyMiUzQWZhbHNlJTJDJTIycm90YXRlWCUyMiUzQTYwMCUyQyUyMnJvdGF0ZVklMjIlM0ExMjAwJTdEJTdEJTdEJTJDJTIyaW50ZXJhY3Rpdml0eSUyMiUzQSU3QiUyMmRldGVjdF9vbiUyMiUzQSUyMmNhbnZhcyUyMiUyQyUyMmV2ZW50cyUyMiUzQSU3QiUyMm9uaG92ZXIlMjIlM0ElN0IlMjJlbmFibGUlMjIlM0F0cnVlJTJDJTIybW9kZSUyMiUzQSUyMnJlcHVsc2UlMjIlN0QlMkMlMjJvbmNsaWNrJTIyJTNBJTdCJTIyZW5hYmxlJTIyJTNBdHJ1ZSUyQyUyMm1vZGUlMjIlM0ElMjJwdXNoJTIyJTdEJTJDJTIycmVzaXplJTIyJTNBdHJ1ZSU3RCUyQyUyMm1vZGVzJTIyJTNBJTdCJTIyZ3JhYiUyMiUzQSU3QiUyMmRpc3RhbmNlJTIyJTNBNDAwJTJDJTIybGluZV9saW5rZWQlMjIlM0ElN0IlMjJvcGFjaXR5JTIyJTNBMSU3RCU3RCUyQyUyMmJ1YmJsZSUyMiUzQSU3QiUyMmRpc3RhbmNlJTIyJTNBNDAwJTJDJTIyc2l6ZSUyMiUzQTQwJTJDJTIyZHVyYXRpb24lMjIlM0EyJTJDJTIyb3BhY2l0eSUyMiUzQTglMkMlMjJzcGVlZCUyMiUzQTMlN0QlMkMlMjJyZXB1bHNlJTIyJTNBJTdCJTIyZGlzdGFuY2UlMjIlM0EyMDAlMkMlMjJkdXJhdGlvbiUyMiUzQTAuNCU3RCUyQyUyMnB1c2glMjIlM0ElN0IlMjJwYXJ0aWNsZXNfbmIlMjIlM0E0JTdEJTJDJTIycmVtb3ZlJTIyJTNBJTdCJTIycGFydGljbGVzX25iJTIyJTNBMiU3RCU3RCU3RCUyQyUyMnJldGluYV9kZXRlY3QlMjIlM0F0cnVlJTdEJTI5JTNCJTBBJTBBJTNDJTJGc2NyaXB0JTNF[\/vc_raw_js][vc_empty_space height=\"90px\"][vc_custom_heading text=\"Ostec360: Simple | Souple | Facile\" font_container=\"tag:h2|font_size:14px|text_align:center|color:%232c54c7\" google_fonts=\"font_family:Roboto%3A100%2C100italic%2C300%2C300italic%2Cregular%2Citalic%2C500%2C500italic%2C700%2C700italic%2C900%2C900italic|font_style:500%20bold%20regular%3A500%3Anormal\" el_class=\"no-margin-top no-line-height section-pre-header\"][vc_custom_heading text=\"Acqu\u00e9rir la technologie dont votre entreprise a besoin pour se d\u00e9velopper et prosp\u00e9rer aujourd'hui et payer au fur et \u00e0 mesure.\" font_container=\"tag:h2|font_size:25px|text_align:center|color:%23000000|line_height:1.3\" google_fonts=\"font_family:Roboto%3A100%2C100italic%2C300%2C300italic%2Cregular%2Citalic%2C500%2C500italic%2C700%2C700italic%2C900%2C900italic|font_style:400%20regular%3A400%3Anormal\" el_class=\"no-margin-top section-header poppins-font services-page-sub-header\"][vc_empty_space height=\"0px\"] Cloud-managed access Fournissez un acc\u00e8s \u00e0 n'importe quel utilisateur, appareil ou application, de la p\u00e9riph\u00e9rie au cloud, tout en maintenant une s\u00e9curit\u00e9 renforc\u00e9e. Combinez des points d'acc\u00e8s Wi-Fi de pointe avec de puissantes capacit\u00e9s de commutation et de gestion des appareils mobiles (MDM). Marketplace D\u00e9couvrez des solutions pour le travail hybride, les environnements s\u00e9curis\u00e9s ou les espaces intelligents tels que la reconnaissance des plaques d'immatriculation des v\u00e9hicules, le suivi des actifs, les points de vente et bien plus encore, qui peuvent \u00eatre intelligemment int\u00e9gr\u00e9s. Cloud-managed IT Administrez votre r\u00e9seau avec rapidit\u00e9 et s\u00e9curit\u00e9, depuis la configuration initiale jusqu'aux alertes intelligentes, o\u00f9 que vous soyez et sur n\u2019importe quel appareil. Connectez-vous \u00e0 la plateforme informatique cloud de r\u00e9f\u00e9rence du secteur, gr\u00e2ce \u00e0 une interface web intuitive et interactive qui vous permet de g\u00e9rer ais\u00e9ment vos effectifs et vos espaces de travail. Network-as-a-Service...","protected":false},"author":2,"featured_media":0,"parent":0,"menu_order":0,"comment_status":"closed","ping_status":"closed","template":"","meta":{"footnotes":""},"_links":{"self":[{"href":"https:\/\/ostecit.com\/fr\/wp-json\/wp\/v2\/pages\/27983"}],"collection":[{"href":"https:\/\/ostecit.com\/fr\/wp-json\/wp\/v2\/pages"}],"about":[{"href":"https:\/\/ostecit.com\/fr\/wp-json\/wp\/v2\/types\/page"}],"author":[{"embeddable":true,"href":"https:\/\/ostecit.com\/fr\/wp-json\/wp\/v2\/users\/2"}],"replies":[{"embeddable":true,"href":"https:\/\/ostecit.com\/fr\/wp-json\/wp\/v2\/comments?post=27983"}],"version-history":[{"count":7,"href":"https:\/\/ostecit.com\/fr\/wp-json\/wp\/v2\/pages\/27983\/revisions"}],"predecessor-version":[{"id":28441,"href":"https:\/\/ostecit.com\/fr\/wp-json\/wp\/v2\/pages\/27983\/revisions\/28441"}],"wp:attachment":[{"href":"https:\/\/ostecit.com\/fr\/wp-json\/wp\/v2\/media?parent=27983"}],"curies":[{"name":"wp","href":"https:\/\/api.w.org\/{rel}","templated":true}]}}