{"id":28267,"date":"2023-03-12T19:53:36","date_gmt":"2023-03-12T19:53:36","guid":{"rendered":"https:\/\/ostecit.com\/fr\/ostec360-copy\/"},"modified":"2024-06-06T17:14:09","modified_gmt":"2024-06-06T17:14:09","slug":"ostec360-sdwan","status":"publish","type":"page","link":"https:\/\/ostecit.com\/fr\/ostec360-sdwan\/","title":{"rendered":"Ostec360 SDWAN"},"content":{"rendered":"<section class=\"wpb-content-wrapper\"><section data-vc-full-width=\"true\" data-vc-full-width-init=\"false\" class=\"vc_row wpb_row vc_row-fluid services-main-page-banner vc_hidden-sm vc_hidden-xs vc_custom_1644732988329 cover-background bg-position-right-bottom vc_row-has-fill pofo-stretch-content pofo-stretch-row-container\"><div class=\"wpb_column vc_column_container vc_col-sm-12  col-xs-mobile-fullwidth\"><div class=\"vc_column-inner \"><div class=\"wpb_wrapper\"><div class=\"vc_row wpb_row vc_inner vc_row-fluid who-we-are-page-banner-overlay  vc_row-o-content-middle vc_row-flex overflow-visible\"><div class=\"wpb_column vc_column_container vc_col-sm-12  col-xs-mobile-fullwidth\"><div class=\"vc_column-inner \"><div class=\"wpb_wrapper\">[vc_empty_space height=&#8221;100px&#8221;]<\/div><\/div><\/div><\/div><\/div><\/div><\/div><\/section><div class=\"vc_row-full-width vc_clearfix\"><\/div><section data-vc-full-width=\"true\" data-vc-full-width-init=\"false\" class=\"vc_row wpb_row vc_row-fluid home-industry-row no-top-bottom-padding vc_hidden-sm vc_hidden-xs vc_custom_1644733515308 position-relative overflow-visible vc_row-has-fill pofo-stretch-content pofo-stretch-row-container\"><div class=\"wpb_column vc_column_container vc_col-sm-12  col-xs-mobile-fullwidth\"><div class=\"vc_column-inner \"><div class=\"wpb_wrapper\"><div class=\"vc_row wpb_row vc_inner vc_row-fluid push-up-banner vc_custom_1630784741578 vc_row-has-fill overflow-visible bg-position-left-top\"><div class=\"wpb_column vc_column_container vc_col-has-fill who-we-are-sub-banner-image spaced-sub-banner-image vc_col-sm-8  col-xs-mobile-fullwidth\"><div class=\"vc_column-inner cover-background bg-position-left-center vc_custom_1678653959055\"><div class=\"wpb_wrapper\">[vc_empty_space height=&#8221;420px&#8221;][vc_custom_heading text=&#8221;Ostec360 SDWAN&#8221; el_class=&#8221;service-banner-title&#8221;]<\/div><\/div><\/div><div class=\"wpb_column vc_column_container vc_col-has-fill push-up-banner-title-box vc_col-sm-4  col-xs-mobile-fullwidth\"><div class=\"vc_column-inner vc_custom_1629798391728\"><div class=\"wpb_wrapper\"><div class=\"who-we-are-banner-text-box grand-text poppins-font last-paragraph-no-margin\" style=\"color: #ffffff;\"><p><span style=\"font-size: 36px; font-weight: 400; line-height: 1.2;\">Adoptez en toute confiance la technologie dont vous avez besoin pour \u00eatre comp\u00e9titif, rentable et efficace.<\/span><\/p>\n<\/div><\/div><\/div><\/div><\/div>[vc_raw_html]JTNDZGl2JTIwaWQlM0QlMjJwYXJ0aWNsZXMtanMlMjIlM0UlM0MlMkZkaXYlM0UlMjAlMEElM0MlMjEtLSUyMHBhcnRpY2xlcy5qcyUyMGxpYiUyMC0lMjBodHRwcyUzQSUyRiUyRmdpdGh1Yi5jb20lMkZWaW5jZW50R2FycmVhdSUyRnBhcnRpY2xlcy5qcyUyMC0tJTNFJTIwJTBBJTNDc2NyaXB0JTIwc3JjJTNEJTIyaHR0cHMlM0ElMkYlMkZjZG4uanNkZWxpdnIubmV0JTJGcGFydGljbGVzLmpzJTJGMi4wLjAlMkZwYXJ0aWNsZXMubWluLmpzJTIyJTNFJTNDJTJGc2NyaXB0JTNFJTBB[\/vc_raw_html][vc_raw_js]JTNDc2NyaXB0JTNFJTBBJTBBcGFydGljbGVzSlMlMjglMjJwYXJ0aWNsZXMtanMlMjIlMkMlMjAlN0IlMjJwYXJ0aWNsZXMlMjIlM0ElN0IlMjJudW1iZXIlMjIlM0ElN0IlMjJ2YWx1ZSUyMiUzQTgwJTJDJTIyZGVuc2l0eSUyMiUzQSU3QiUyMmVuYWJsZSUyMiUzQXRydWUlMkMlMjJ2YWx1ZV9hcmVhJTIyJTNBODAwJTdEJTdEJTJDJTIyY29sb3IlMjIlM0ElN0IlMjJ2YWx1ZSUyMiUzQSUyMiUyM2NjY2NjYyUyMiU3RCUyQyUyMnNoYXBlJTIyJTNBJTdCJTIydHlwZSUyMiUzQSUyMmNpcmNsZSUyMiUyQyUyMnN0cm9rZSUyMiUzQSU3QiUyMndpZHRoJTIyJTNBMCUyQyUyMmNvbG9yJTIyJTNBJTIyJTIzMDAwMDAwJTIyJTdEJTJDJTIycG9seWdvbiUyMiUzQSU3QiUyMm5iX3NpZGVzJTIyJTNBNSU3RCUyQyUyMmltYWdlJTIyJTNBJTdCJTIyc3JjJTIyJTNBJTIyaW1nJTJGZ2l0aHViLnN2ZyUyMiUyQyUyMndpZHRoJTIyJTNBMTAwJTJDJTIyaGVpZ2h0JTIyJTNBMTAwJTdEJTdEJTJDJTIyb3BhY2l0eSUyMiUzQSU3QiUyMnZhbHVlJTIyJTNBMC41JTJDJTIycmFuZG9tJTIyJTNBZmFsc2UlMkMlMjJhbmltJTIyJTNBJTdCJTIyZW5hYmxlJTIyJTNBZmFsc2UlMkMlMjJzcGVlZCUyMiUzQTElMkMlMjJvcGFjaXR5X21pbiUyMiUzQTAuMSUyQyUyMnN5bmMlMjIlM0FmYWxzZSU3RCU3RCUyQyUyMnNpemUlMjIlM0ElN0IlMjJ2YWx1ZSUyMiUzQTMlMkMlMjJyYW5kb20lMjIlM0F0cnVlJTJDJTIyYW5pbSUyMiUzQSU3QiUyMmVuYWJsZSUyMiUzQWZhbHNlJTJDJTIyc3BlZWQlMjIlM0E0MCUyQyUyMnNpemVfbWluJTIyJTNBMC4xJTJDJTIyc3luYyUyMiUzQWZhbHNlJTdEJTdEJTJDJTIybGluZV9saW5rZWQlMjIlM0ElN0IlMjJlbmFibGUlMjIlM0F0cnVlJTJDJTIyZGlzdGFuY2UlMjIlM0ExNTAlMkMlMjJjb2xvciUyMiUzQSUyMiUyM2NjY2NjYyUyMiUyQyUyMm9wYWNpdHklMjIlM0EwLjQlMkMlMjJ3aWR0aCUyMiUzQTElN0QlMkMlMjJtb3ZlJTIyJTNBJTdCJTIyZW5hYmxlJTIyJTNBdHJ1ZSUyQyUyMnNwZWVkJTIyJTNBNiUyQyUyMmRpcmVjdGlvbiUyMiUzQSUyMm5vbmUlMjIlMkMlMjJyYW5kb20lMjIlM0FmYWxzZSUyQyUyMnN0cmFpZ2h0JTIyJTNBZmFsc2UlMkMlMjJvdXRfbW9kZSUyMiUzQSUyMm91dCUyMiUyQyUyMmJvdW5jZSUyMiUzQWZhbHNlJTJDJTIyYXR0cmFjdCUyMiUzQSU3QiUyMmVuYWJsZSUyMiUzQWZhbHNlJTJDJTIycm90YXRlWCUyMiUzQTYwMCUyQyUyMnJvdGF0ZVklMjIlM0ExMjAwJTdEJTdEJTdEJTJDJTIyaW50ZXJhY3Rpdml0eSUyMiUzQSU3QiUyMmRldGVjdF9vbiUyMiUzQSUyMmNhbnZhcyUyMiUyQyUyMmV2ZW50cyUyMiUzQSU3QiUyMm9uaG92ZXIlMjIlM0ElN0IlMjJlbmFibGUlMjIlM0F0cnVlJTJDJTIybW9kZSUyMiUzQSUyMnJlcHVsc2UlMjIlN0QlMkMlMjJvbmNsaWNrJTIyJTNBJTdCJTIyZW5hYmxlJTIyJTNBdHJ1ZSUyQyUyMm1vZGUlMjIlM0ElMjJwdXNoJTIyJTdEJTJDJTIycmVzaXplJTIyJTNBdHJ1ZSU3RCUyQyUyMm1vZGVzJTIyJTNBJTdCJTIyZ3JhYiUyMiUzQSU3QiUyMmRpc3RhbmNlJTIyJTNBNDAwJTJDJTIybGluZV9saW5rZWQlMjIlM0ElN0IlMjJvcGFjaXR5JTIyJTNBMSU3RCU3RCUyQyUyMmJ1YmJsZSUyMiUzQSU3QiUyMmRpc3RhbmNlJTIyJTNBNDAwJTJDJTIyc2l6ZSUyMiUzQTQwJTJDJTIyZHVyYXRpb24lMjIlM0EyJTJDJTIyb3BhY2l0eSUyMiUzQTglMkMlMjJzcGVlZCUyMiUzQTMlN0QlMkMlMjJyZXB1bHNlJTIyJTNBJTdCJTIyZGlzdGFuY2UlMjIlM0EyMDAlMkMlMjJkdXJhdGlvbiUyMiUzQTAuNCU3RCUyQyUyMnB1c2glMjIlM0ElN0IlMjJwYXJ0aWNsZXNfbmIlMjIlM0E0JTdEJTJDJTIycmVtb3ZlJTIyJTNBJTdCJTIycGFydGljbGVzX25iJTIyJTNBMiU3RCU3RCU3RCUyQyUyMnJldGluYV9kZXRlY3QlMjIlM0F0cnVlJTdEJTI5JTNCJTBBJTBBJTNDJTJGc2NyaXB0JTNF[\/vc_raw_js][vc_empty_space height=&#8221;90px&#8221;][vc_custom_heading text=&#8221;Ostec360 : Simple I Souple I Facile&#8221; font_container=&#8221;tag:h2|font_size:14px|text_align:center|color:%232c54c7&#8243; google_fonts=&#8221;font_family:Roboto%3A100%2C100italic%2C300%2C300italic%2Cregular%2Citalic%2C500%2C500italic%2C700%2C700italic%2C900%2C900italic|font_style:500%20bold%20regular%3A500%3Anormal&#8221; el_class=&#8221;no-margin-top no-line-height section-pre-header&#8221;][vc_custom_heading text=&#8221;Rationalisez et s\u00e9curisez votre r\u00e9seau avec notre solution bas\u00e9e sur le cloud,<br \/>\nfournissant des fonctionnalit\u00e9s de s\u00e9curit\u00e9 avanc\u00e9es, la consolidation de la technologie et<br \/>\noptimisation sup\u00e9rieure des performances.&#8221; font_container=&#8221;tag:h2|font_size:25px|text_align:center|color:%23000000|line_height:1.3&#8243; google_fonts=&#8221;font_family:Roboto%3A100%2C100italic%2C300%2C300italic%2Cregular%2Citalic%2C500%2C500italic%2C700%2C700italic%2C900%2C900italic|font_style:400%20regular%3A400%3Anormal&#8221; el_class=&#8221;no-margin-top section-header poppins-font services-page-sub-header&#8221;][vc_empty_space height=&#8221;0px&#8221;]<div class=\"vc_row wpb_row vc_inner vc_row-fluid home-industry-boxes vc_custom_1629625933586 vc_column-gap-5 vc_row-o-content-middle vc_row-flex\"><div class=\"wpb_column vc_column_container home-industry-box services-industry-box top-bottom-left-border-radius vc_col-sm-6  col-xs-mobile-fullwidth\"><div class=\"vc_column-inner vc_custom_1678652800454\"><div class=\"wpb_wrapper\"><div class=\"last-paragraph-no-margin\"><div class=\"row serv-ind-box-height-20p\">\n<div class=\"col-md-2\"><img loading=\"lazy\" decoding=\"async\" class=\"aligncenter wp-image-26956 size-thumbnail\" src=\"https:\/\/ostecit.com\/fr\/wp-content\/uploads\/\/2022\/01\/OSTEC-360-SDWAN-150x150.png\" alt=\"\" width=\"150\" height=\"150\" \/><\/div>\n<div class=\"col-md-10\"><span class=\"title no-margins no-padding\">SDWAN<\/span><\/div>\n<\/div>\n<div class=\"row serv-ind-box-height-70p\">\n<div class=\"col-md-2\"><\/div>\n<div class=\"col-md-10 description\">SD-WAN est une solution logicielle qui permet aux entreprises de g\u00e9rer plusieurs connexions r\u00e9seau sur un site. Il permet aux administrateurs de hi\u00e9rarchiser les applications en fonction des performances. Notre solution SD-WAN est rentable et facile \u00e0 d\u00e9ployer, avec des analyses avanc\u00e9es et une s\u00e9lection de chemin intelligente pour des performances optimales. Avec Ostec360, les clients peuvent commencer \u00e0 utiliser le SD-WAN via un mod\u00e8le de paiement mensuel ou trimestriel.<\/div>\n<\/div>\n<\/div><\/div><\/div><\/div><div class=\"wpb_column vc_column_container home-industry-box services-industry-box top-bottom-right-border-radius vc_col-sm-6  col-xs-mobile-fullwidth\"><div class=\"vc_column-inner vc_custom_1678652822414\"><div class=\"wpb_wrapper\"><div class=\"last-paragraph-no-margin\"><div class=\"row serv-ind-box-height-20p\">\n<div class=\"col-md-2\"><img loading=\"lazy\" decoding=\"async\" class=\"aligncenter wp-image-28273 size-thumbnail\" src=\"https:\/\/ostecit.com\/fr\/wp-content\/uploads\/\/2023\/03\/SASE-as-a-service-150x150.png\" alt=\"\" width=\"150\" height=\"150\" \/><\/div>\n<div class=\"col-md-10\"><span class=\"title no-margins no-padding\">SASE as a service<\/span><\/div>\n<\/div>\n<div class=\"row serv-ind-box-height-70p\">\n<div class=\"col-md-2\"><\/div>\n<div class=\"col-md-10 description\">SASE combine la modernisation du r\u00e9seau et la s\u00e9curit\u00e9 dans le cloud, r\u00e9pondant aux d\u00e9fis tels que les co\u00fbts \u00e9lev\u00e9s, les inefficacit\u00e9s op\u00e9rationnelles et les menaces en cybers\u00e9curit\u00e9 pour les organisations modernes. Il compl\u00e8te le SD-WAN et consolide les technologies de s\u00e9curit\u00e9 r\u00e9seau, \u00e9liminant le besoin de VPN traditionnels. Notre service d&#8217;infrastructure cloud, h\u00e9berg\u00e9 dans le datacenter d&#8217;Ostec, fournit une architecture SD-WAN et SASE pr\u00e9-d\u00e9ploy\u00e9e, que les clients peuvent utiliser sous forme de service avec des paiements mensuels ou trimestriels.<\/div>\n<\/div>\n<\/div><\/div><\/div><\/div><\/div>[vc_empty_space height=&#8221;200px&#8221;]<\/div><\/div><\/div><\/section><div class=\"vc_row-full-width vc_clearfix\"><\/div><section id=\"acc-holder\" data-vc-full-width=\"true\" data-vc-full-width-init=\"false\" class=\"vc_row wpb_row vc_row-fluid no-top-bottom-padding padding-50-box vc_hidden-sm vc_hidden-xs vc_custom_1644732421926 position-relative overflow-visible pofo-stretch-content pofo-stretch-row-container\"><div class=\"wpb_column vc_column_container vc_col-sm-12  col-xs-mobile-fullwidth\"><div class=\"vc_column-inner \"><div class=\"wpb_wrapper\"><div class=\"vc_row wpb_row vc_inner vc_row-fluid who-we-are-accordion-container height-930 vc_custom_1643247742511 vc_row-has-fill position-relative cover-background bg-position-right-center\"><div class=\"wpb_column vc_column_container vc_col-has-fill who-we-are-accordion vc_col-sm-6  col-xs-mobile-fullwidth\"><div class=\"vc_column-inner vc_custom_1629789876815\"><div class=\"wpb_wrapper\">[vc_custom_heading text=&#8221;AVANTAGES&#8221; font_container=&#8221;tag:h5|font_size:38px|text_align:left|color:%23ffffff|line_height:45px&#8221; google_fonts=&#8221;font_family:Roboto%3A100%2C100italic%2C300%2C300italic%2Cregular%2Citalic%2C500%2C500italic%2C700%2C700italic%2C900%2C900italic|font_style:500%20bold%20regular%3A500%3Anormal&#8221; css=&#8221;.vc_custom_1689511623633{padding-top: 20px !important;}&#8221; el_class=&#8221;poppins-font section-pre-header no-margins industry-page&#8221;][vc_custom_heading text=&#8221;Avantages uniques d&#8217;Ostec360 SDWAN&#8221; font_container=&#8221;tag:h5|font_size:33px|text_align:left|color:%23ffffff|line_height:45px&#8221; google_fonts=&#8221;font_family:Roboto%3A100%2C100italic%2C300%2C300italic%2Cregular%2Citalic%2C500%2C500italic%2C700%2C700italic%2C900%2C900italic|font_style:400%20regular%3A400%3Anormal&#8221; el_class=&#8221;poppins-font&#8221;]<div class=\"panel-group accordion-style1\" id=\"accordion-1\" ><div class=\"panel text-left\">\n                                        <div class=\"panel-heading active-accordion\">\n                                            <a data-toggle=\"collapse\" data-parent=\"#accordion-1\" href=\"#accordion-one-link-1\">\n                                                <div class=\"panel-title font-weight-500 text-extra-dark-gray\" style=\"font-size: 16px; font-weight: 500; color: #ffffff;\" data-fontsize=\"16px\">\n                                                    Expertise minimale requise<span class=\"pull-right\"><i class=\"ti-minus\"><\/i><\/span>\n                                                <\/div>\n                                            <\/a>\n                                        <\/div>\n                                        <div id=\"accordion-one-link-1\" class=\"panel-collapse collapse in\">\n                                            <div class=\"panel-body \" style=\"font-size: 13px; color: rgba(255,255,255,0.9);\" data-fontsize=\"13px\"><p>Gr\u00e2ce \u00e0 notre pool d'experts bien form\u00e9s et exp\u00e9riment\u00e9s, nous vous fournirons toute l'expertise n\u00e9cessaire afin que vous puissiez vous concentrer sur vos objectifs principaux.<\/p>\n<\/div>\n                                        <\/div>\n                                    <\/div><div class=\"panel text-left\">\n                                        <div class=\"panel-heading \">\n                                            <a data-toggle=\"collapse\" data-parent=\"#accordion-1\" href=\"#accordion-one-link-2\">\n                                                <div class=\"panel-title font-weight-500 text-extra-dark-gray\" style=\"font-size: 16px; font-weight: 500; color: #ffffff;\" data-fontsize=\"16px\">\n                                                    24x7 Service Clients<span class=\"pull-right\"><i class=\"ti-plus\"><\/i><\/span>\n                                                <\/div>\n                                            <\/a>\n                                        <\/div>\n                                        <div id=\"accordion-one-link-2\" class=\"panel-collapse collapse \">\n                                            <div class=\"panel-body \" style=\"font-size: 13px; color: rgba(255,255,255,0.9);\" data-fontsize=\"13px\"><p>Notre \u00e9quipe de service \u00e0 la client\u00e8le travaille 24 heures sur 24 pour assurer la continuit\u00e9 de votre entreprise. Avec Ostec360, nous surveillons, d\u00e9tectons et corrigeons les probl\u00e8mes avant qu'ils ne commencent \u00e0 affecter votre entreprise.<\/p>\n<\/div>\n                                        <\/div>\n                                    <\/div><div class=\"panel text-left\">\n                                        <div class=\"panel-heading \">\n                                            <a data-toggle=\"collapse\" data-parent=\"#accordion-1\" href=\"#accordion-one-link-3\">\n                                                <div class=\"panel-title font-weight-500 text-extra-dark-gray\" style=\"font-size: 16px; font-weight: 500; color: #ffffff;\" data-fontsize=\"16px\">\n                                                    Des flux de tr\u00e9sorerie<span class=\"pull-right\"><i class=\"ti-plus\"><\/i><\/span>\n                                                <\/div>\n                                            <\/a>\n                                        <\/div>\n                                        <div id=\"accordion-one-link-3\" class=\"panel-collapse collapse \">\n                                            <div class=\"panel-body \" style=\"font-size: 13px; color: rgba(255,255,255,0.9);\" data-fontsize=\"13px\"><p>Payez pour la technologie au fur et \u00e0 mesure que vous r\u00e9alisez la valeur des investissements.<\/p>\n<\/div>\n                                        <\/div>\n                                    <\/div><div class=\"panel text-left\">\n                                        <div class=\"panel-heading \">\n                                            <a data-toggle=\"collapse\" data-parent=\"#accordion-1\" href=\"#accordion-one-link-4\">\n                                                <div class=\"panel-title font-weight-500 text-extra-dark-gray\" style=\"font-size: 16px; font-weight: 500; color: #ffffff;\" data-fontsize=\"16px\">\n                                                    OpEx Co\u00fbt<span class=\"pull-right\"><i class=\"ti-plus\"><\/i><\/span>\n                                                <\/div>\n                                            <\/a>\n                                        <\/div>\n                                        <div id=\"accordion-one-link-4\" class=\"panel-collapse collapse \">\n                                            <div class=\"panel-body \" style=\"font-size: 13px; color: rgba(255,255,255,0.9);\" data-fontsize=\"13px\"><p>La flexibilit\u00e9 de paiement mensuel ou trimestriel fixe fournie par Ostec360, permet de pr\u00e9voir et de g\u00e9rer votre budget sur le long terme.<\/p>\n<\/div>\n                                        <\/div>\n                                    <\/div><div class=\"panel text-left\">\n                                        <div class=\"panel-heading \">\n                                            <a data-toggle=\"collapse\" data-parent=\"#accordion-1\" href=\"#accordion-one-link-5\">\n                                                <div class=\"panel-title font-weight-500 text-extra-dark-gray\" style=\"font-size: 16px; font-weight: 500; color: #ffffff;\" data-fontsize=\"16px\">\n                                                    Tr\u00e9sorerie Pr\u00e9cieuse<span class=\"pull-right\"><i class=\"ti-plus\"><\/i><\/span>\n                                                <\/div>\n                                            <\/a>\n                                        <\/div>\n                                        <div id=\"accordion-one-link-5\" class=\"panel-collapse collapse \">\n                                            <div class=\"panel-body \" style=\"font-size: 13px; color: rgba(255,255,255,0.9);\" data-fontsize=\"13px\"><p>Vous installez un nouveau bureau ou vous modernisez votre infrastructure informatique? Ostec360 vous permet d'acqu\u00e9rir la technologie dont vous avez besoin sans investissement initial.<\/p>\n<\/div>\n                                        <\/div>\n                                    <\/div><\/div><\/div><\/div><\/div><div class=\"wpb_column vc_column_container vc_col-sm-6  col-xs-mobile-fullwidth\"><div class=\"vc_column-inner vc_custom_1628795059297\"><div class=\"wpb_wrapper\">[vc_empty_space]<\/div><\/div><\/div><\/div>[vc_empty_space height=&#8221;90px&#8221;]<\/div><\/div><\/div><\/section><div class=\"vc_row-full-width vc_clearfix\"><\/div>\n<\/section>","protected":false},"excerpt":{"rendered":"[vc_empty_space height=\"100px\"][vc_empty_space height=\"420px\"][vc_custom_heading text=\"Ostec360 SDWAN\" el_class=\"service-banner-title\"]Adoptez en toute confiance la technologie dont vous avez besoin pour \u00eatre comp\u00e9titif, rentable et efficace. [vc_raw_html]JTNDZGl2JTIwaWQlM0QlMjJwYXJ0aWNsZXMtanMlMjIlM0UlM0MlMkZkaXYlM0UlMjAlMEElM0MlMjEtLSUyMHBhcnRpY2xlcy5qcyUyMGxpYiUyMC0lMjBodHRwcyUzQSUyRiUyRmdpdGh1Yi5jb20lMkZWaW5jZW50R2FycmVhdSUyRnBhcnRpY2xlcy5qcyUyMC0tJTNFJTIwJTBBJTNDc2NyaXB0JTIwc3JjJTNEJTIyaHR0cHMlM0ElMkYlMkZjZG4uanNkZWxpdnIubmV0JTJGcGFydGljbGVzLmpzJTJGMi4wLjAlMkZwYXJ0aWNsZXMubWluLmpzJTIyJTNFJTNDJTJGc2NyaXB0JTNFJTBB[\/vc_raw_html][vc_raw_js]JTNDc2NyaXB0JTNFJTBBJTBBcGFydGljbGVzSlMlMjglMjJwYXJ0aWNsZXMtanMlMjIlMkMlMjAlN0IlMjJwYXJ0aWNsZXMlMjIlM0ElN0IlMjJudW1iZXIlMjIlM0ElN0IlMjJ2YWx1ZSUyMiUzQTgwJTJDJTIyZGVuc2l0eSUyMiUzQSU3QiUyMmVuYWJsZSUyMiUzQXRydWUlMkMlMjJ2YWx1ZV9hcmVhJTIyJTNBODAwJTdEJTdEJTJDJTIyY29sb3IlMjIlM0ElN0IlMjJ2YWx1ZSUyMiUzQSUyMiUyM2NjY2NjYyUyMiU3RCUyQyUyMnNoYXBlJTIyJTNBJTdCJTIydHlwZSUyMiUzQSUyMmNpcmNsZSUyMiUyQyUyMnN0cm9rZSUyMiUzQSU3QiUyMndpZHRoJTIyJTNBMCUyQyUyMmNvbG9yJTIyJTNBJTIyJTIzMDAwMDAwJTIyJTdEJTJDJTIycG9seWdvbiUyMiUzQSU3QiUyMm5iX3NpZGVzJTIyJTNBNSU3RCUyQyUyMmltYWdlJTIyJTNBJTdCJTIyc3JjJTIyJTNBJTIyaW1nJTJGZ2l0aHViLnN2ZyUyMiUyQyUyMndpZHRoJTIyJTNBMTAwJTJDJTIyaGVpZ2h0JTIyJTNBMTAwJTdEJTdEJTJDJTIyb3BhY2l0eSUyMiUzQSU3QiUyMnZhbHVlJTIyJTNBMC41JTJDJTIycmFuZG9tJTIyJTNBZmFsc2UlMkMlMjJhbmltJTIyJTNBJTdCJTIyZW5hYmxlJTIyJTNBZmFsc2UlMkMlMjJzcGVlZCUyMiUzQTElMkMlMjJvcGFjaXR5X21pbiUyMiUzQTAuMSUyQyUyMnN5bmMlMjIlM0FmYWxzZSU3RCU3RCUyQyUyMnNpemUlMjIlM0ElN0IlMjJ2YWx1ZSUyMiUzQTMlMkMlMjJyYW5kb20lMjIlM0F0cnVlJTJDJTIyYW5pbSUyMiUzQSU3QiUyMmVuYWJsZSUyMiUzQWZhbHNlJTJDJTIyc3BlZWQlMjIlM0E0MCUyQyUyMnNpemVfbWluJTIyJTNBMC4xJTJDJTIyc3luYyUyMiUzQWZhbHNlJTdEJTdEJTJDJTIybGluZV9saW5rZWQlMjIlM0ElN0IlMjJlbmFibGUlMjIlM0F0cnVlJTJDJTIyZGlzdGFuY2UlMjIlM0ExNTAlMkMlMjJjb2xvciUyMiUzQSUyMiUyM2NjY2NjYyUyMiUyQyUyMm9wYWNpdHklMjIlM0EwLjQlMkMlMjJ3aWR0aCUyMiUzQTElN0QlMkMlMjJtb3ZlJTIyJTNBJTdCJTIyZW5hYmxlJTIyJTNBdHJ1ZSUyQyUyMnNwZWVkJTIyJTNBNiUyQyUyMmRpcmVjdGlvbiUyMiUzQSUyMm5vbmUlMjIlMkMlMjJyYW5kb20lMjIlM0FmYWxzZSUyQyUyMnN0cmFpZ2h0JTIyJTNBZmFsc2UlMkMlMjJvdXRfbW9kZSUyMiUzQSUyMm91dCUyMiUyQyUyMmJvdW5jZSUyMiUzQWZhbHNlJTJDJTIyYXR0cmFjdCUyMiUzQSU3QiUyMmVuYWJsZSUyMiUzQWZhbHNlJTJDJTIycm90YXRlWCUyMiUzQTYwMCUyQyUyMnJvdGF0ZVklMjIlM0ExMjAwJTdEJTdEJTdEJTJDJTIyaW50ZXJhY3Rpdml0eSUyMiUzQSU3QiUyMmRldGVjdF9vbiUyMiUzQSUyMmNhbnZhcyUyMiUyQyUyMmV2ZW50cyUyMiUzQSU3QiUyMm9uaG92ZXIlMjIlM0ElN0IlMjJlbmFibGUlMjIlM0F0cnVlJTJDJTIybW9kZSUyMiUzQSUyMnJlcHVsc2UlMjIlN0QlMkMlMjJvbmNsaWNrJTIyJTNBJTdCJTIyZW5hYmxlJTIyJTNBdHJ1ZSUyQyUyMm1vZGUlMjIlM0ElMjJwdXNoJTIyJTdEJTJDJTIycmVzaXplJTIyJTNBdHJ1ZSU3RCUyQyUyMm1vZGVzJTIyJTNBJTdCJTIyZ3JhYiUyMiUzQSU3QiUyMmRpc3RhbmNlJTIyJTNBNDAwJTJDJTIybGluZV9saW5rZWQlMjIlM0ElN0IlMjJvcGFjaXR5JTIyJTNBMSU3RCU3RCUyQyUyMmJ1YmJsZSUyMiUzQSU3QiUyMmRpc3RhbmNlJTIyJTNBNDAwJTJDJTIyc2l6ZSUyMiUzQTQwJTJDJTIyZHVyYXRpb24lMjIlM0EyJTJDJTIyb3BhY2l0eSUyMiUzQTglMkMlMjJzcGVlZCUyMiUzQTMlN0QlMkMlMjJyZXB1bHNlJTIyJTNBJTdCJTIyZGlzdGFuY2UlMjIlM0EyMDAlMkMlMjJkdXJhdGlvbiUyMiUzQTAuNCU3RCUyQyUyMnB1c2glMjIlM0ElN0IlMjJwYXJ0aWNsZXNfbmIlMjIlM0E0JTdEJTJDJTIycmVtb3ZlJTIyJTNBJTdCJTIycGFydGljbGVzX25iJTIyJTNBMiU3RCU3RCU3RCUyQyUyMnJldGluYV9kZXRlY3QlMjIlM0F0cnVlJTdEJTI5JTNCJTBBJTBBJTNDJTJGc2NyaXB0JTNF[\/vc_raw_js][vc_empty_space height=\"90px\"][vc_custom_heading text=\"Ostec360 : Simple I Souple I Facile\" font_container=\"tag:h2|font_size:14px|text_align:center|color:%232c54c7\" google_fonts=\"font_family:Roboto%3A100%2C100italic%2C300%2C300italic%2Cregular%2Citalic%2C500%2C500italic%2C700%2C700italic%2C900%2C900italic|font_style:500%20bold%20regular%3A500%3Anormal\" el_class=\"no-margin-top no-line-height section-pre-header\"][vc_custom_heading text=\"Rationalisez et s\u00e9curisez votre r\u00e9seau avec notre solution bas\u00e9e sur le cloud, fournissant des fonctionnalit\u00e9s de s\u00e9curit\u00e9 avanc\u00e9es, la consolidation de la technologie et optimisation sup\u00e9rieure des performances.\" font_container=\"tag:h2|font_size:25px|text_align:center|color:%23000000|line_height:1.3\" google_fonts=\"font_family:Roboto%3A100%2C100italic%2C300%2C300italic%2Cregular%2Citalic%2C500%2C500italic%2C700%2C700italic%2C900%2C900italic|font_style:400%20regular%3A400%3Anormal\" el_class=\"no-margin-top section-header poppins-font services-page-sub-header\"][vc_empty_space height=\"0px\"] SDWAN SD-WAN est une solution logicielle qui permet aux entreprises de g\u00e9rer plusieurs connexions r\u00e9seau sur un site. Il permet aux administrateurs de hi\u00e9rarchiser les applications en fonction des performances. Notre solution SD-WAN est rentable et facile \u00e0 d\u00e9ployer, avec des analyses avanc\u00e9es et une s\u00e9lection de chemin intelligente pour des performances optimales. Avec Ostec360, les clients peuvent commencer \u00e0 utiliser le SD-WAN via un mod\u00e8le de paiement mensuel ou trimestriel. SASE as a service SASE combine la modernisation du r\u00e9seau et la s\u00e9curit\u00e9 dans le cloud, r\u00e9pondant aux d\u00e9fis tels que les co\u00fbts \u00e9lev\u00e9s, les inefficacit\u00e9s op\u00e9rationnelles et les menaces en cybers\u00e9curit\u00e9 pour les organisations modernes. Il compl\u00e8te le SD-WAN et consolide les technologies de s\u00e9curit\u00e9 r\u00e9seau, \u00e9liminant le besoin de VPN traditionnels. Notre service d'infrastructure cloud, h\u00e9berg\u00e9 dans...","protected":false},"author":2,"featured_media":0,"parent":0,"menu_order":0,"comment_status":"closed","ping_status":"closed","template":"","meta":{"footnotes":""},"_links":{"self":[{"href":"https:\/\/ostecit.com\/fr\/wp-json\/wp\/v2\/pages\/28267"}],"collection":[{"href":"https:\/\/ostecit.com\/fr\/wp-json\/wp\/v2\/pages"}],"about":[{"href":"https:\/\/ostecit.com\/fr\/wp-json\/wp\/v2\/types\/page"}],"author":[{"embeddable":true,"href":"https:\/\/ostecit.com\/fr\/wp-json\/wp\/v2\/users\/2"}],"replies":[{"embeddable":true,"href":"https:\/\/ostecit.com\/fr\/wp-json\/wp\/v2\/comments?post=28267"}],"version-history":[{"count":3,"href":"https:\/\/ostecit.com\/fr\/wp-json\/wp\/v2\/pages\/28267\/revisions"}],"predecessor-version":[{"id":28668,"href":"https:\/\/ostecit.com\/fr\/wp-json\/wp\/v2\/pages\/28267\/revisions\/28668"}],"wp:attachment":[{"href":"https:\/\/ostecit.com\/fr\/wp-json\/wp\/v2\/media?parent=28267"}],"curies":[{"name":"wp","href":"https:\/\/api.w.org\/{rel}","templated":true}]}}