{"id":28724,"date":"2024-06-10T12:43:26","date_gmt":"2024-06-10T12:43:26","guid":{"rendered":"https:\/\/ostecit.com\/fr\/?page_id=28724"},"modified":"2024-07-15T10:02:29","modified_gmt":"2024-07-15T10:02:29","slug":"transformation-numerique","status":"publish","type":"page","link":"https:\/\/ostecit.com\/fr\/transformation-numerique\/","title":{"rendered":"Transformation num\u00e9rique"},"content":{"rendered":"<section class=\"wpb-content-wrapper\"><section data-vc-full-width=\"true\" data-vc-full-width-init=\"false\" class=\"vc_row wpb_row vc_row-fluid no-top-bottom-padding vc_custom_1716969492202 position-relative overflow-visible vc_row-has-fill pofo-stretch-content pofo-stretch-row-container\"><div class=\"wpb_column vc_column_container vc_col-sm-12  col-xs-mobile-fullwidth\"><div class=\"vc_column-inner \"><div class=\"wpb_wrapper\">[vc_empty_space height=&#8221;220px&#8221;]<div class=\"vc_row wpb_row vc_inner vc_row-fluid\"><div class=\"wpb_column vc_column_container vc_col-sm-2  col-xs-mobile-fullwidth\"><div class=\"vc_column-inner \"><div class=\"wpb_wrapper\">[vc_empty_space height=&#8221;60px&#8221;]<\/div><\/div><\/div><div class=\"wpb_column vc_column_container vc_col-sm-8  col-xs-mobile-fullwidth\"><div class=\"vc_column-inner vc_custom_1716904023226\"><div class=\"wpb_wrapper\">[vc_custom_heading text=&#8221;Transformation<br \/>\nNum\u00e9rique&#8221; font_container=&#8221;tag:h2|font_size:62px|text_align:left|color:%23ffffff|line_height:80px&#8221; google_fonts=&#8221;font_family:Roboto%3A100%2C100italic%2C300%2C300italic%2Cregular%2Citalic%2C500%2C500italic%2C700%2C700italic%2C900%2C900italic|font_style:500%20bold%20regular%3A500%3Anormal&#8221; el_class=&#8221;poppins-font no-margins no-padding weight-500 free-trial-button&#8221; css=&#8221;.vc_custom_1718022937034{border-top-width: 0px !important;border-right-width: 0px !important;border-bottom-width: 0px !important;border-left-width: 0px !important;border-left-style: none !important;border-right-style: none !important;border-top-style: none !important;border-bottom-style: none !important;}&#8221;][vc_custom_heading text=&#8221;Responsabiliser les institutions gr\u00e2ce \u00e0 la transformation num\u00e9rique&#8221; font_container=&#8221;tag:p|font_size:27px|text_align:left|color:%23ffffff|line_height:50px&#8221; google_fonts=&#8221;font_family:Roboto%3A100%2C100italic%2C300%2C300italic%2Cregular%2Citalic%2C500%2C500italic%2C700%2C700italic%2C900%2C900italic|font_style:300%20light%20regular%3A300%3Anormal&#8221;]<\/div><\/div><\/div><div class=\"wpb_column vc_column_container vc_col-sm-2  col-xs-mobile-fullwidth\"><div class=\"vc_column-inner \"><div class=\"wpb_wrapper\">[vc_empty_space height=&#8221;60px&#8221;]<\/div><\/div><\/div><\/div>[vc_empty_space height=&#8221;50px&#8221;]<\/div><\/div><\/div><\/section><div class=\"vc_row-full-width vc_clearfix\"><\/div><section data-vc-full-width=\"true\" data-vc-full-width-init=\"false\" class=\"vc_row wpb_row vc_row-fluid no-top-bottom-padding home-services-box-section vc_custom_1716635811774 vc_row-has-fill pofo-stretch-content pofo-stretch-row-container\"><div class=\"wpb_column vc_column_container vc_col-sm-12  col-xs-mobile-fullwidth\"><div class=\"vc_column-inner \"><div class=\"wpb_wrapper\">[vc_empty_space height=&#8221;40px&#8221;]<div class=\"vc_row wpb_row vc_inner vc_row-fluid\"><div class=\"wpb_column vc_column_container vc_col-sm-12  col-xs-mobile-fullwidth\"><div class=\"vc_column-inner \"><div class=\"wpb_wrapper\">[vc_empty_space height=&#8221;60px&#8221;]<div class=\"digit-box-container black-back last-paragraph-no-margin\"><p><img loading=\"lazy\" decoding=\"async\" class=\"digit-img alignright wp-image-28688 size-full\" src=\"https:\/\/ostecit.com\/wp-content\/uploads\/2024\/06\/Digital-Transformation-B-1-1.jpg\" alt=\"\" width=\"2309\" height=\"1299\" \/><\/p>\n<p><span class=\"digit-text\">Transformer pour parvenir \u00e0 une meilleure int\u00e9gration entre les minist\u00e8res, d\u00e9partements et agences pour le gouvernement du Ghana<\/span><\/p>\n<p><span class=\"digit-cta-more\"><a href=\"\/fr\/transformer-pour-parvenir-a-une-meilleure-integration-entre-les-ministeres-departements-et-agences-pour-le-gouvernement-du-ghana\/\">En Savoir Plus \u2192<\/a><\/span><\/p>\n<\/div>[vc_empty_space height=&#8221;60px&#8221;]<\/div><\/div><\/div><\/div><div class=\"vc_row wpb_row vc_inner vc_row-fluid\"><div class=\"wpb_column vc_column_container vc_col-sm-12  col-xs-mobile-fullwidth\"><div class=\"vc_column-inner \"><div class=\"wpb_wrapper\">[vc_empty_space height=&#8221;30px&#8221;]<div class=\"digit-box-container teal-back last-paragraph-no-margin\"><p><img loading=\"lazy\" decoding=\"async\" class=\"digit-img alignnone wp-image-28645 size-full\" src=\"https:\/\/ostecit.com\/fr\/wp-content\/uploads\/sites\/2\/2024\/07\/Central-bank-1-scaled.jpg\" alt=\"\" width=\"930\" height=\"558\" \/><\/p>\n<p><span class=\"digit-text\">Transformer l&#8217;infrastructure informatique pour permettre la croissance et l&#8217;innovation pour une banque centrale<\/span><\/p>\n<p><span class=\"digit-cta-more\"><a href=\"\/fr\/transformer-linfrastructure-informatique-pour-permettre-la-croissance-et-linnovation-pour-une-banque-centrale\/\">En Savoir Plus \u2192<\/a><\/span><\/p>\n<\/div>[vc_empty_space height=&#8221;60px&#8221;]<\/div><\/div><\/div><\/div><div class=\"vc_row wpb_row vc_inner vc_row-fluid\"><div class=\"wpb_column vc_column_container vc_col-sm-12  col-xs-mobile-fullwidth\"><div class=\"vc_column-inner \"><div class=\"wpb_wrapper\">[vc_empty_space height=&#8221;30px&#8221;]<div class=\"digit-box-container black-back last-paragraph-no-margin\"><p><img loading=\"lazy\" decoding=\"async\" class=\"digit-img alignright wp-image-28688 size-full\" src=\"https:\/\/ostecit.com\/fr\/wp-content\/uploads\/sites\/2\/2024\/06\/project-image-opptions-01-scaled.jpg\" alt=\"\" width=\"2309\" height=\"1299\" \/><\/p>\n<p><span class=\"digit-text\">Transformer pour mieux g\u00e9rer les ressources humaines<\/span><\/p>\n<p><span class=\"digit-cta-more\"><a href=\"\/fr\/transformer-pour-mieux-gerer-les-ressources-humaines\/\">En Savoir Plus \u2192<\/a><\/span><\/p>\n<\/div>[vc_empty_space height=&#8221;60px&#8221;]<\/div><\/div><\/div><\/div><div class=\"vc_row wpb_row vc_inner vc_row-fluid\"><div class=\"wpb_column vc_column_container vc_col-sm-12  col-xs-mobile-fullwidth\"><div class=\"vc_column-inner \"><div class=\"wpb_wrapper\">[vc_empty_space height=&#8221;30px&#8221;]<div class=\"digit-box-container teal-back last-paragraph-no-margin\"><p><img loading=\"lazy\" decoding=\"async\" class=\"digit-img alignright wp-image-28645 size-full\" src=\"https:\/\/ostecit.com\/fr\/wp-content\/uploads\/sites\/2\/2024\/07\/Telco-1-scaled.jpg\" alt=\"\" width=\"930\" height=\"558\" \/><\/p>\n<p><span class=\"digit-text\">Transformer le r\u00e9seau de centres de donn\u00e9es de un fournisseur mondial de t\u00e9l\u00e9communications pour atteindre l\u2019excellence op\u00e9rationnelle et la productivit\u00e9<\/span><\/p>\n<p><span class=\"digit-cta-more\"><a href=\"\/fr\/transformer-le-reseau-de-centres-de-donnees-de-un-fournisseur-mondial-de-telecommunications-pour-atteindre-lexcellence-operationnelle-et-la-productivite\/\">En Savoir Plus \u2192<\/a><\/span><\/p>\n<\/div>[vc_empty_space height=&#8221;60px&#8221;]<\/div><\/div><\/div><\/div>[vc_empty_space height=&#8221;80px&#8221;]<\/div><\/div><\/div><\/section><div class=\"vc_row-full-width vc_clearfix\"><\/div>\n<\/section>","protected":false},"excerpt":{"rendered":"[vc_empty_space height=\"220px\"][vc_empty_space height=\"60px\"][vc_custom_heading text=\"Transformation Num\u00e9rique\" font_container=\"tag:h2|font_size:62px|text_align:left|color:%23ffffff|line_height:80px\" google_fonts=\"font_family:Roboto%3A100%2C100italic%2C300%2C300italic%2Cregular%2Citalic%2C500%2C500italic%2C700%2C700italic%2C900%2C900italic|font_style:500%20bold%20regular%3A500%3Anormal\" el_class=\"poppins-font no-margins no-padding weight-500 free-trial-button\" css=\".vc_custom_1718022937034{border-top-width: 0px !important;border-right-width: 0px !important;border-bottom-width: 0px !important;border-left-width: 0px !important;border-left-style: none !important;border-right-style: none !important;border-top-style: none !important;border-bottom-style: none !important;}\"][vc_custom_heading text=\"Responsabiliser les institutions gr\u00e2ce \u00e0 la transformation num\u00e9rique\" font_container=\"tag:p|font_size:27px|text_align:left|color:%23ffffff|line_height:50px\" google_fonts=\"font_family:Roboto%3A100%2C100italic%2C300%2C300italic%2Cregular%2Citalic%2C500%2C500italic%2C700%2C700italic%2C900%2C900italic|font_style:300%20light%20regular%3A300%3Anormal\"][vc_empty_space height=\"60px\"][vc_empty_space height=\"50px\"][vc_empty_space height=\"40px\"][vc_empty_space height=\"60px\"] Transformer pour parvenir \u00e0 une meilleure int\u00e9gration entre les minist\u00e8res, d\u00e9partements et agences pour le gouvernement du Ghana En Savoir Plus \u2192 [vc_empty_space height=\"60px\"][vc_empty_space height=\"30px\"] Transformer l'infrastructure informatique pour permettre la croissance et l'innovation pour une banque centrale En Savoir Plus \u2192 [vc_empty_space height=\"60px\"][vc_empty_space height=\"30px\"] Transformer pour mieux g\u00e9rer les ressources humaines En Savoir Plus \u2192 [vc_empty_space height=\"60px\"][vc_empty_space height=\"30px\"] Transformer le r\u00e9seau de centres de donn\u00e9es de un fournisseur mondial de t\u00e9l\u00e9communications pour atteindre l\u2019excellence op\u00e9rationnelle et la productivit\u00e9 En Savoir Plus \u2192 [vc_empty_space height=\"60px\"][vc_empty_space height=\"80px\"]","protected":false},"author":1,"featured_media":0,"parent":0,"menu_order":0,"comment_status":"closed","ping_status":"closed","template":"","meta":{"footnotes":""},"_links":{"self":[{"href":"https:\/\/ostecit.com\/fr\/wp-json\/wp\/v2\/pages\/28724"}],"collection":[{"href":"https:\/\/ostecit.com\/fr\/wp-json\/wp\/v2\/pages"}],"about":[{"href":"https:\/\/ostecit.com\/fr\/wp-json\/wp\/v2\/types\/page"}],"author":[{"embeddable":true,"href":"https:\/\/ostecit.com\/fr\/wp-json\/wp\/v2\/users\/1"}],"replies":[{"embeddable":true,"href":"https:\/\/ostecit.com\/fr\/wp-json\/wp\/v2\/comments?post=28724"}],"version-history":[{"count":12,"href":"https:\/\/ostecit.com\/fr\/wp-json\/wp\/v2\/pages\/28724\/revisions"}],"predecessor-version":[{"id":28770,"href":"https:\/\/ostecit.com\/fr\/wp-json\/wp\/v2\/pages\/28724\/revisions\/28770"}],"wp:attachment":[{"href":"https:\/\/ostecit.com\/fr\/wp-json\/wp\/v2\/media?parent=28724"}],"curies":[{"name":"wp","href":"https:\/\/api.w.org\/{rel}","templated":true}]}}