{"id":28731,"date":"2024-06-10T17:11:29","date_gmt":"2024-06-10T17:11:29","guid":{"rendered":"https:\/\/ostecit.com\/fr\/?page_id=28731"},"modified":"2024-06-11T14:28:23","modified_gmt":"2024-06-11T14:28:23","slug":"transformer-pour-mieux-gerer-les-ressources-humaines","status":"publish","type":"page","link":"https:\/\/ostecit.com\/fr\/transformer-pour-mieux-gerer-les-ressources-humaines\/","title":{"rendered":"Transformer pour mieux g\u00e9rer les ressources humaines"},"content":{"rendered":"<section class=\"wpb-content-wrapper\"><section data-vc-full-width=\"true\" data-vc-full-width-init=\"false\" class=\"vc_row wpb_row vc_row-fluid no-top-bottom-padding vc_custom_1716637247708 position-relative overflow-visible vc_row-has-fill pofo-stretch-content pofo-stretch-row-container\"><div class=\"wpb_column vc_column_container vc_col-sm-12  col-xs-mobile-fullwidth\"><div class=\"vc_column-inner \"><div class=\"wpb_wrapper\">[vc_empty_space height=&#8221;200px&#8221;]<\/div><\/div><\/div><\/section><div class=\"vc_row-full-width vc_clearfix\"><\/div><section data-vc-full-width=\"true\" data-vc-full-width-init=\"false\" class=\"vc_row wpb_row vc_row-fluid no-top-bottom-padding home-services-box-section vc_custom_1716637559308 vc_row-has-fill pofo-stretch-content pofo-stretch-row-container\"><div class=\"wpb_column vc_column_container vc_col-sm-2  col-xs-mobile-fullwidth\"><div class=\"vc_column-inner \"><div class=\"wpb_wrapper\">[vc_empty_space height=&#8221;40px&#8221;]<\/div><\/div><\/div><div class=\"wpb_column vc_column_container vc_col-sm-8  col-xs-mobile-fullwidth\"><div class=\"vc_column-inner \"><div class=\"wpb_wrapper\">[vc_empty_space height=&#8221;40px&#8221;][vc_custom_heading text=&#8221;Transformer pour mieux g\u00e9rer les ressources humaines&#8221; font_container=&#8221;tag:h2|font_size:38px|text_align:left|color:%23000000|line_height:45px&#8221; google_fonts=&#8221;font_family:Roboto%3A100%2C100italic%2C300%2C300italic%2Cregular%2Citalic%2C500%2C500italic%2C700%2C700italic%2C900%2C900italic|font_style:500%20bold%20regular%3A500%3Anormal&#8221;]<div class=\"poppins-font last-paragraph-no-margin\"><p>Les co\u00fbts des ressources humaines (RH) (paie) constituent le poste de co\u00fbt le plus important pour de nombreux pays du monde. La gestion des ressources humaines reste l&#8217;un des domaines les plus complexes pour les gouvernements, employant des centaines de milliers de personnes dans divers minist\u00e8res, agences et d\u00e9partements.<\/p>\n<\/div>[vc_empty_space height=&#8221;10px&#8221;]<div class=\"poppins-font last-paragraph-no-margin\"><p>Les d\u00e9fis auxquels sont confront\u00e9s les gouvernements et les grandes institutions sont les suivants:<\/p>\n<ul class=\"fa-ul\">\n<li><i class=\"fa-solid fa-wand-magic-sparkles\" style=\"margin-right: 10px;\"><\/i>La qualit\u00e9 des d\u00e9cisions prises avec des donn\u00e9es incompl\u00e8tes.<\/li>\n<li><i class=\"fa-solid fa-wand-magic-sparkles\" style=\"margin-right: 10px;\"><\/i>La collecte, l\u2019analyse et le stockage de donn\u00e9es et d&#8217;informations pour soutenir la gestion des ressources humaines et de la paie.<\/li>\n<\/ul>\n<\/div>[vc_single_image image=&#8221;28732&#8243; img_size=&#8221;full&#8221;][vc_empty_space height=&#8221;20px&#8221;][vc_separator border_width=&#8221;2&#8243;][vc_empty_space height=&#8221;20px&#8221;]<div class=\"poppins-font last-paragraph-no-margin\"><p>Ostec travaille avec les gouvernements \u00e0 travers l&#8217;Afrique pour transformer les processus RH en introduisant la technologie et les meilleures pratiques pour relever les d\u00e9fis complexes de la gestion des RH et am\u00e9liorer les relations avec les employ\u00e9s.<\/p>\n<p>Ostec a mis en \u0153uvre Oracle HRMIS pour les gouvernements de l&#8217;Afrique de l&#8217;ouest et l\u2019Afrique Australe avec l\u2019int\u00e9gration. Dans les syst\u00e8mes budg\u00e9taires et financiers, une gestion RH typique d&#8217;Ostec garantit, gr\u00e2ce \u00e0 son engagement en mati\u00e8re de transformation, l&#8217;impl\u00e9mentation des fonctions suivantes des ressources humaines:<\/p>\n<ul class=\"fa-ul\" style=\"margin-top: 10px;\">\n<li style=\"list-style-type: none;\">\n<ul class=\"fa-ul\" style=\"margin-top: 10px;\">\n<li><i class=\"fa-solid fa-wand-magic-sparkles\" style=\"margin-right: 10px;\"><\/i>Recrutement et s\u00e9lection<\/li>\n<li><i class=\"fa-solid fa-wand-magic-sparkles\" style=\"margin-right: 10px;\"><\/i>Gestion du profil des employ\u00e9s<\/li>\n<li><i class=\"fa-solid fa-wand-magic-sparkles\" style=\"margin-right: 10px;\"><\/i>Gestion de l&#8217;\u00e9tablissement des employ\u00e9s<\/li>\n<li><i class=\"fa-solid fa-wand-magic-sparkles\" style=\"margin-right: 10px;\"><\/i>Gestion des co\u00fbts des employ\u00e9s et int\u00e9gration avec le syst\u00e8me budg\u00e9taire<\/li>\n<li><i class=\"fa-solid fa-wand-magic-sparkles\" style=\"margin-right: 10px;\"><\/i>Mutations, affectations, promotions, r\u00e9int\u00e9grations et cessation d&#8217;emploi (cessation d&#8217;emploi) dans la fonction publique<\/li>\n<li><i class=\"fa-solid fa-wand-magic-sparkles\" style=\"margin-right: 10px;\"><\/i>Gestion des cong\u00e9s<\/li>\n<li><i class=\"fa-solid fa-wand-magic-sparkles\" style=\"margin-right: 10px;\"><\/i>Gestion du rendement<\/li>\n<li><i class=\"fa-solid fa-wand-magic-sparkles\" style=\"margin-right: 10px;\"><\/i>Formation et perfectionnement<\/li>\n<li><i class=\"fa-solid fa-wand-magic-sparkles\" style=\"margin-right: 10px;\"><\/i>Planification de la rel\u00e8ve<\/li>\n<\/ul>\n<\/li>\n<\/ul>\n<\/div>[vc_empty_space height=&#8221;80px&#8221;]<\/div><\/div><\/div><div class=\"wpb_column vc_column_container vc_col-sm-2  col-xs-mobile-fullwidth\"><div class=\"vc_column-inner \"><div class=\"wpb_wrapper\">[vc_empty_space height=&#8221;40px&#8221;]<\/div><\/div><\/div><\/section><div class=\"vc_row-full-width vc_clearfix\"><\/div>\n<\/section>","protected":false},"excerpt":{"rendered":"[vc_empty_space height=\"200px\"][vc_empty_space height=\"40px\"][vc_empty_space height=\"40px\"][vc_custom_heading text=\"Transformer pour mieux g\u00e9rer les ressources humaines\" font_container=\"tag:h2|font_size:38px|text_align:left|color:%23000000|line_height:45px\" google_fonts=\"font_family:Roboto%3A100%2C100italic%2C300%2C300italic%2Cregular%2Citalic%2C500%2C500italic%2C700%2C700italic%2C900%2C900italic|font_style:500%20bold%20regular%3A500%3Anormal\"]Les co\u00fbts des ressources humaines (RH) (paie) constituent le poste de co\u00fbt le plus important pour de nombreux pays du monde. La gestion des ressources humaines reste l'un des domaines les plus complexes pour les gouvernements, employant des centaines de milliers de personnes dans divers minist\u00e8res, agences et d\u00e9partements. [vc_empty_space height=\"10px\"]Les d\u00e9fis auxquels sont confront\u00e9s les gouvernements et les grandes institutions sont les suivants: La qualit\u00e9 des d\u00e9cisions prises avec des donn\u00e9es incompl\u00e8tes. La collecte, l\u2019analyse et le stockage de donn\u00e9es et d'informations pour soutenir la gestion des ressources humaines et de la paie. [vc_single_image image=\"28732\" img_size=\"full\"][vc_empty_space height=\"20px\"][vc_separator border_width=\"2\"][vc_empty_space height=\"20px\"]Ostec travaille avec les gouvernements \u00e0 travers l'Afrique pour transformer les processus RH en introduisant la technologie et les meilleures pratiques pour relever les d\u00e9fis complexes de la gestion des RH et am\u00e9liorer les relations avec les employ\u00e9s. Ostec a mis en \u0153uvre Oracle HRMIS pour les gouvernements de l'Afrique de l'ouest et l\u2019Afrique Australe avec l\u2019int\u00e9gration. Dans les syst\u00e8mes budg\u00e9taires et financiers, une gestion RH typique d'Ostec garantit, gr\u00e2ce \u00e0 son engagement en mati\u00e8re de transformation, l'impl\u00e9mentation des fonctions suivantes des ressources humaines: Recrutement et s\u00e9lection Gestion du...","protected":false},"author":1,"featured_media":0,"parent":0,"menu_order":0,"comment_status":"closed","ping_status":"closed","template":"","meta":{"footnotes":""},"_links":{"self":[{"href":"https:\/\/ostecit.com\/fr\/wp-json\/wp\/v2\/pages\/28731"}],"collection":[{"href":"https:\/\/ostecit.com\/fr\/wp-json\/wp\/v2\/pages"}],"about":[{"href":"https:\/\/ostecit.com\/fr\/wp-json\/wp\/v2\/types\/page"}],"author":[{"embeddable":true,"href":"https:\/\/ostecit.com\/fr\/wp-json\/wp\/v2\/users\/1"}],"replies":[{"embeddable":true,"href":"https:\/\/ostecit.com\/fr\/wp-json\/wp\/v2\/comments?post=28731"}],"version-history":[{"count":10,"href":"https:\/\/ostecit.com\/fr\/wp-json\/wp\/v2\/pages\/28731\/revisions"}],"predecessor-version":[{"id":28748,"href":"https:\/\/ostecit.com\/fr\/wp-json\/wp\/v2\/pages\/28731\/revisions\/28748"}],"wp:attachment":[{"href":"https:\/\/ostecit.com\/fr\/wp-json\/wp\/v2\/media?parent=28731"}],"curies":[{"name":"wp","href":"https:\/\/api.w.org\/{rel}","templated":true}]}}