{"id":28760,"date":"2024-07-15T06:06:03","date_gmt":"2024-07-15T06:06:03","guid":{"rendered":"https:\/\/ostecit.com\/fr\/transformer-pour-parvenir-a-une-meilleure-integration-entre-les-ministeres-departements-et-agences-pour-le-gouvernement-du-ghana-copy\/"},"modified":"2024-07-16T16:17:28","modified_gmt":"2024-07-16T16:17:28","slug":"transformer-linfrastructure-informatique-pour-permettre-la-croissance-et-linnovation-pour-une-banque-centrale","status":"publish","type":"page","link":"https:\/\/ostecit.com\/fr\/transformer-linfrastructure-informatique-pour-permettre-la-croissance-et-linnovation-pour-une-banque-centrale\/","title":{"rendered":"Transformer l&#8217;infrastructure informatique pour permettre la croissance et l&#8217;innovation pour une banque centrale"},"content":{"rendered":"<section class=\"wpb-content-wrapper\"><section data-vc-full-width=\"true\" data-vc-full-width-init=\"false\" class=\"vc_row wpb_row vc_row-fluid no-top-bottom-padding vc_custom_1716637247708 position-relative overflow-visible vc_row-has-fill pofo-stretch-content pofo-stretch-row-container\"><div class=\"wpb_column vc_column_container vc_col-sm-12  col-xs-mobile-fullwidth\"><div class=\"vc_column-inner \"><div class=\"wpb_wrapper\">[vc_empty_space height=&#8221;200px&#8221;]<\/div><\/div><\/div><\/section><div class=\"vc_row-full-width vc_clearfix\"><\/div><section data-vc-full-width=\"true\" data-vc-full-width-init=\"false\" class=\"vc_row wpb_row vc_row-fluid no-top-bottom-padding home-services-box-section vc_custom_1716637559308 vc_row-has-fill pofo-stretch-content pofo-stretch-row-container\"><div class=\"wpb_column vc_column_container vc_col-sm-2  col-xs-mobile-fullwidth\"><div class=\"vc_column-inner \"><div class=\"wpb_wrapper\">[vc_empty_space height=&#8221;40px&#8221;]<\/div><\/div><\/div><div class=\"wpb_column vc_column_container vc_col-sm-8  col-xs-mobile-fullwidth\"><div class=\"vc_column-inner \"><div class=\"wpb_wrapper\">[vc_empty_space height=&#8221;40px&#8221;][vc_custom_heading text=&#8221;Transformer l&#8217;infrastructure informatique pour permettre la croissance et l&#8217;innovation pour une banque centrale&#8221; font_container=&#8221;tag:h2|font_size:38px|text_align:left|color:%23000000|line_height:45px&#8221; google_fonts=&#8221;font_family:Roboto%3A100%2C100italic%2C300%2C300italic%2Cregular%2Citalic%2C500%2C500italic%2C700%2C700italic%2C900%2C900italic|font_style:500%20bold%20regular%3A500%3Anormal&#8221;]<div class=\"poppins-font last-paragraph-no-margin\"><p>L&#8217;institution financi\u00e8re a \u00e9t\u00e9 confront\u00e9e \u00e0 des d\u00e9fis importants en raison d&#8217;une infrastructure informatique fragment\u00e9e, avec des donn\u00e9es dispers\u00e9es sur plusieurs serveurs et unit\u00e9s de stockage. Cette configuration a entrav\u00e9 l\u2019\u00e9volutivit\u00e9, la r\u00e9activit\u00e9 et l\u2019efficacit\u00e9 op\u00e9rationnelle. Les mises \u00e0 niveau fr\u00e9quentes du micrologiciel n\u00e9cessitaient des arr\u00eats, perturbant ainsi les op\u00e9rations commerciales et la fourniture de services.<\/p>\n<\/div>[vc_empty_space height=&#8221;20px&#8221;][vc_single_image image=&#8221;28754&#8243; img_size=&#8221;full&#8221;][vc_empty_space height=&#8221;20px&#8221;]<div class=\"poppins-font last-paragraph-no-margin\"><p>Ostec s&#8217;est associ\u00e9 \u00e0 l&#8217;institution financi\u00e8re pour mettre en \u0153uvre une strat\u00e9gie de transformation num\u00e9rique centr\u00e9e sur l&#8217;infrastructure hyperconverg\u00e9e (HCI). Cette solution unifiait les ressources informatiques, de stockage et de r\u00e9seau en un syst\u00e8me unique et \u00e9volutif. La consolidation a \u00e9limin\u00e9 les inefficacit\u00e9s et r\u00e9duit le besoin d\u2019arr\u00eats fr\u00e9quents, garantissant ainsi la continuit\u00e9 des op\u00e9rations.<\/p>\n<\/div>[vc_empty_space height=&#8221;20px&#8221;][vc_separator border_width=&#8221;2&#8243;][vc_empty_space height=&#8221;20px&#8221;]<div class=\"poppins-font last-paragraph-no-margin\"><p>Le d\u00e9ploiement de HCI a apport\u00e9 plusieurs avantages transformateurs. L&#8217;institution a connu des temps d&#8217;arr\u00eat minimes, les op\u00e9rations se poursuivant de mani\u00e8re transparente m\u00eame en cas de panne d&#8217;un n\u0153ud de calcul. Cela garantissait un service ininterrompu pour les utilisateurs finaux, am\u00e9liorant consid\u00e9rablement la fiabilit\u00e9 par rapport \u00e0 l&#8217;infrastructure existante pr\u00e9c\u00e9dente.<\/p>\n<p>De plus, l&#8217;adoption de l&#8217;HCI a entra\u00een\u00e9 une r\u00e9duction substantielle de l&#8217;espace rack et des unit\u00e9s de stockage, r\u00e9duisant ainsi la consommation d&#8217;\u00e9nergie et la production de chaleur. Ces gains d\u2019efficacit\u00e9 \u00e9taient conformes aux objectifs de durabilit\u00e9 de l\u2019institution et ont permis de r\u00e9aliser des \u00e9conomies. L&#8217;infrastructure \u00e9volutive a permis \u00e0 l&#8217;institution de s&#8217;adapter rapidement aux demandes commerciales croissantes et aux futurs progr\u00e8s technologiques.<\/p>\n<p>La mise en \u0153uvre par Ostec de l\u2019infrastructure hyperconverg\u00e9e a \u00e9t\u00e9 un \u00e9l\u00e9ment crucial du parcours de transformation num\u00e9rique de l\u2019institution financi\u00e8re. En modernisant et en unifiant l&#8217;infrastructure informatique, Ostec a non seulement r\u00e9solu les d\u00e9fis existants, mais a \u00e9galement positionn\u00e9 l&#8217;institution pour une croissance et une innovation futures.<\/p>\n<p>Avec la mise en \u0153uvre de HCI, un syst\u00e8me unifi\u00e9 et centralis\u00e9 a \u00e9t\u00e9 cr\u00e9\u00e9 qui automatise les configurations, la surveillance et les mises \u00e0 niveau transparentes permettant un d\u00e9pannage plus rapide et une intervention manuelle minimis\u00e9e. Cela a conduit \u00e0 des op\u00e9rations plus fiables et efficaces et a \u00e9galement dot\u00e9 l&#8217;\u00e9quipe informatique de comp\u00e9tences am\u00e9lior\u00e9es lui permettant de se concentrer sur des initiatives plus strat\u00e9giques.<\/p>\n<\/div>[vc_empty_space height=&#8221;80px&#8221;]<\/div><\/div><\/div><div class=\"wpb_column vc_column_container vc_col-sm-2  col-xs-mobile-fullwidth\"><div class=\"vc_column-inner \"><div class=\"wpb_wrapper\">[vc_empty_space height=&#8221;40px&#8221;]<\/div><\/div><\/div><\/section><div class=\"vc_row-full-width vc_clearfix\"><\/div>\n<\/section>","protected":false},"excerpt":{"rendered":"[vc_empty_space height=\"200px\"][vc_empty_space height=\"40px\"][vc_empty_space height=\"40px\"][vc_custom_heading text=\"Transformer l'infrastructure informatique pour permettre la croissance et l'innovation pour une banque centrale\" font_container=\"tag:h2|font_size:38px|text_align:left|color:%23000000|line_height:45px\" google_fonts=\"font_family:Roboto%3A100%2C100italic%2C300%2C300italic%2Cregular%2Citalic%2C500%2C500italic%2C700%2C700italic%2C900%2C900italic|font_style:500%20bold%20regular%3A500%3Anormal\"]L'institution financi\u00e8re a \u00e9t\u00e9 confront\u00e9e \u00e0 des d\u00e9fis importants en raison d'une infrastructure informatique fragment\u00e9e, avec des donn\u00e9es dispers\u00e9es sur plusieurs serveurs et unit\u00e9s de stockage. Cette configuration a entrav\u00e9 l\u2019\u00e9volutivit\u00e9, la r\u00e9activit\u00e9 et l\u2019efficacit\u00e9 op\u00e9rationnelle. Les mises \u00e0 niveau fr\u00e9quentes du micrologiciel n\u00e9cessitaient des arr\u00eats, perturbant ainsi les op\u00e9rations commerciales et la fourniture de services. [vc_empty_space height=\"20px\"][vc_single_image image=\"28754\" img_size=\"full\"][vc_empty_space height=\"20px\"]Ostec s'est associ\u00e9 \u00e0 l'institution financi\u00e8re pour mettre en \u0153uvre une strat\u00e9gie de transformation num\u00e9rique centr\u00e9e sur l'infrastructure hyperconverg\u00e9e (HCI). Cette solution unifiait les ressources informatiques, de stockage et de r\u00e9seau en un syst\u00e8me unique et \u00e9volutif. La consolidation a \u00e9limin\u00e9 les inefficacit\u00e9s et r\u00e9duit le besoin d\u2019arr\u00eats fr\u00e9quents, garantissant ainsi la continuit\u00e9 des op\u00e9rations. [vc_empty_space height=\"20px\"][vc_separator border_width=\"2\"][vc_empty_space height=\"20px\"]Le d\u00e9ploiement de HCI a apport\u00e9 plusieurs avantages transformateurs. L'institution a connu des temps d'arr\u00eat minimes, les op\u00e9rations se poursuivant de mani\u00e8re transparente m\u00eame en cas de panne d'un n\u0153ud de calcul. Cela garantissait un service ininterrompu pour les utilisateurs finaux, am\u00e9liorant consid\u00e9rablement la fiabilit\u00e9 par rapport \u00e0 l'infrastructure existante pr\u00e9c\u00e9dente. De plus, l'adoption de l'HCI a entra\u00een\u00e9 une r\u00e9duction substantielle de l'espace rack...","protected":false},"author":1,"featured_media":0,"parent":0,"menu_order":0,"comment_status":"closed","ping_status":"closed","template":"","meta":{"footnotes":""},"_links":{"self":[{"href":"https:\/\/ostecit.com\/fr\/wp-json\/wp\/v2\/pages\/28760"}],"collection":[{"href":"https:\/\/ostecit.com\/fr\/wp-json\/wp\/v2\/pages"}],"about":[{"href":"https:\/\/ostecit.com\/fr\/wp-json\/wp\/v2\/types\/page"}],"author":[{"embeddable":true,"href":"https:\/\/ostecit.com\/fr\/wp-json\/wp\/v2\/users\/1"}],"replies":[{"embeddable":true,"href":"https:\/\/ostecit.com\/fr\/wp-json\/wp\/v2\/comments?post=28760"}],"version-history":[{"count":3,"href":"https:\/\/ostecit.com\/fr\/wp-json\/wp\/v2\/pages\/28760\/revisions"}],"predecessor-version":[{"id":28773,"href":"https:\/\/ostecit.com\/fr\/wp-json\/wp\/v2\/pages\/28760\/revisions\/28773"}],"wp:attachment":[{"href":"https:\/\/ostecit.com\/fr\/wp-json\/wp\/v2\/media?parent=28760"}],"curies":[{"name":"wp","href":"https:\/\/api.w.org\/{rel}","templated":true}]}}