{"id":28764,"date":"2024-07-15T06:11:12","date_gmt":"2024-07-15T06:11:12","guid":{"rendered":"https:\/\/ostecit.com\/fr\/transformer-linfrastructure-informatique-pour-permettre-la-croissance-et-linnovation-pour-une-banque-centrale-copy\/"},"modified":"2024-07-16T16:22:19","modified_gmt":"2024-07-16T16:22:19","slug":"transformer-le-reseau-de-centres-de-donnees-de-un-fournisseur-mondial-de-telecommunications-pour-atteindre-lexcellence-operationnelle-et-la-productivite","status":"publish","type":"page","link":"https:\/\/ostecit.com\/fr\/transformer-le-reseau-de-centres-de-donnees-de-un-fournisseur-mondial-de-telecommunications-pour-atteindre-lexcellence-operationnelle-et-la-productivite\/","title":{"rendered":"Transformer le r\u00e9seau de centres de donn\u00e9es de un fournisseur mondial de t\u00e9l\u00e9communications pour atteindre l\u2019excellence op\u00e9rationnelle et la productivit\u00e9"},"content":{"rendered":"<section class=\"wpb-content-wrapper\"><section data-vc-full-width=\"true\" data-vc-full-width-init=\"false\" class=\"vc_row wpb_row vc_row-fluid no-top-bottom-padding vc_custom_1716637247708 position-relative overflow-visible vc_row-has-fill pofo-stretch-content pofo-stretch-row-container\"><div class=\"wpb_column vc_column_container vc_col-sm-12  col-xs-mobile-fullwidth\"><div class=\"vc_column-inner \"><div class=\"wpb_wrapper\">[vc_empty_space height=&#8221;200px&#8221;]<\/div><\/div><\/div><\/section><div class=\"vc_row-full-width vc_clearfix\"><\/div><section data-vc-full-width=\"true\" data-vc-full-width-init=\"false\" class=\"vc_row wpb_row vc_row-fluid no-top-bottom-padding home-services-box-section vc_custom_1716637559308 vc_row-has-fill pofo-stretch-content pofo-stretch-row-container\"><div class=\"wpb_column vc_column_container vc_col-sm-2  col-xs-mobile-fullwidth\"><div class=\"vc_column-inner \"><div class=\"wpb_wrapper\">[vc_empty_space height=&#8221;40px&#8221;]<\/div><\/div><\/div><div class=\"wpb_column vc_column_container vc_col-sm-8  col-xs-mobile-fullwidth\"><div class=\"vc_column-inner \"><div class=\"wpb_wrapper\">[vc_empty_space height=&#8221;40px&#8221;][vc_custom_heading text=&#8221;Transformer le r\u00e9seau de centres de donn\u00e9es de un fournisseur mondial de t\u00e9l\u00e9communications pour atteindre l\u2019excellence op\u00e9rationnelle et la productivit\u00e9&#8221; font_container=&#8221;tag:h2|font_size:38px|text_align:left|color:%23000000|line_height:45px&#8221; google_fonts=&#8221;font_family:Roboto%3A100%2C100italic%2C300%2C300italic%2Cregular%2Citalic%2C500%2C500italic%2C700%2C700italic%2C900%2C900italic|font_style:500%20bold%20regular%3A500%3Anormal&#8221;]<div class=\"poppins-font last-paragraph-no-margin\"><p>L&#8217;entreprise de t\u00e9l\u00e9communications a \u00e9t\u00e9 confront\u00e9e au d\u00e9fi de remplacer une infrastructure r\u00e9seau obsol\u00e8te et des configurations complexes. L&#8217;infrastructure existante manquait de visibilit\u00e9, ce qui rendait difficile la gestion des services m\u00e9tiers, la prise en charge de la reprise apr\u00e8s sinistre et la gestion efficace des activit\u00e9s du centre de donn\u00e9es.<\/p>\n<\/div>[vc_empty_space height=&#8221;20px&#8221;][vc_single_image image=&#8221;28755&#8243; img_size=&#8221;full&#8221;][vc_empty_space height=&#8221;20px&#8221;]<div class=\"poppins-font last-paragraph-no-margin\"><p>Ostec a mis en \u0153uvre l&#8217;infrastructure centr\u00e9e sur les applications (ACI) de Cisco dans le cadre de la strat\u00e9gie de transformation num\u00e9rique de l&#8217;organisation. ACI est une solution compl\u00e8te de r\u00e9seau d\u00e9fini par logiciel (SDN) qui simplifie, optimise et acc\u00e9l\u00e8re le d\u00e9ploiement et la gouvernance de l&#8217;infrastructure, comblant ainsi le foss\u00e9 entre l&#8217;entreprise et l&#8217;informatique.<\/p>\n<\/div>[vc_empty_space height=&#8221;20px&#8221;][vc_separator border_width=&#8221;2&#8243;][vc_empty_space height=&#8221;20px&#8221;]<div class=\"poppins-font last-paragraph-no-margin\"><p>La mise en \u0153uvre de l&#8217;ACI a fourni une visibilit\u00e9 et une surveillance de la couche application, rendant les configurations r\u00e9seau, les r\u00e8gles de s\u00e9curit\u00e9 et les politiques beaucoup plus claires. Le d\u00e9ploiement a permis un d\u00e9ploiement et une configuration r\u00e9seau enti\u00e8rement automatis\u00e9s, rendant la configuration initiale plus rapide et s&#8217;adaptant efficacement aux changements dynamiques.<\/p>\n<p>Le d\u00e9ploiement d&#8217;ACI a apport\u00e9 des am\u00e9liorations significatives, notamment l&#8217;absence de temps d&#8217;arr\u00eat, une mise sur le march\u00e9 plus courte et un d\u00e9pannage plus facile. Les d\u00e9lais de provisionnement de la connectivit\u00e9 r\u00e9seau ont \u00e9t\u00e9 r\u00e9duits de 10 \u00e0 20 jours \u00e0 moins d&#8217;une heure, et l&#8217;\u00e9quipe pouvait d\u00e9sormais maintenir et apporter des modifications sur 20 \u00e0 30 machines en un jour ou deux.<\/p>\n<p>Le projet a \u00e9galement contribu\u00e9 \u00e0 la croissance professionnelle de l&#8217;\u00e9quipe informatique, ce qui en fait l&#8217;une des premi\u00e8res au Ghana \u00e0 utiliser ACI. Cette exp\u00e9rience avec une technologie sup\u00e9rieure a renforc\u00e9 leurs comp\u00e9tences et leurs perspectives de carri\u00e8re, ajoutant ainsi une valeur la fois \u00e0 l&#8217;entreprise et \u00e0 leur d\u00e9veloppement professionnel.<\/p>\n<p>La mise en \u0153uvre par Ostec de Cisco ACI a transform\u00e9 l&#8217;infrastructure informatique de Telecel, am\u00e9liorant ainsi la transparence, l&#8217;efficacit\u00e9 et l&#8217;\u00e9volutivit\u00e9.<\/p>\n<p>Avec la mise en \u0153uvre d&#8217;ACI, la soci\u00e9t\u00e9 de t\u00e9l\u00e9communications a mis en place un syst\u00e8me centralis\u00e9 et automatis\u00e9 pour les configurations, la surveillance et la gestion de la s\u00e9curit\u00e9 du r\u00e9seau. Cela a r\u00e9duit les interventions manuelles, am\u00e9lior\u00e9 la vitesse de d\u00e9pannage et conduit \u00e0 des op\u00e9rations plus efficaces et plus fiables. De plus, cela a permis \u00e0 l&#8217;\u00e9quipe informatique de se concentrer sur des initiatives strat\u00e9giques, am\u00e9liorant ainsi ses comp\u00e9tences et son \u00e9volution professionnelle.<\/p>\n<\/div>[vc_empty_space height=&#8221;80px&#8221;]<\/div><\/div><\/div><div class=\"wpb_column vc_column_container vc_col-sm-2  col-xs-mobile-fullwidth\"><div class=\"vc_column-inner \"><div class=\"wpb_wrapper\">[vc_empty_space height=&#8221;40px&#8221;]<\/div><\/div><\/div><\/section><div class=\"vc_row-full-width vc_clearfix\"><\/div>\n<\/section>","protected":false},"excerpt":{"rendered":"[vc_empty_space height=\"200px\"][vc_empty_space height=\"40px\"][vc_empty_space height=\"40px\"][vc_custom_heading text=\"Transformer le r\u00e9seau de centres de donn\u00e9es de un fournisseur mondial de t\u00e9l\u00e9communications pour atteindre l\u2019excellence op\u00e9rationnelle et la productivit\u00e9\" font_container=\"tag:h2|font_size:38px|text_align:left|color:%23000000|line_height:45px\" google_fonts=\"font_family:Roboto%3A100%2C100italic%2C300%2C300italic%2Cregular%2Citalic%2C500%2C500italic%2C700%2C700italic%2C900%2C900italic|font_style:500%20bold%20regular%3A500%3Anormal\"]L'entreprise de t\u00e9l\u00e9communications a \u00e9t\u00e9 confront\u00e9e au d\u00e9fi de remplacer une infrastructure r\u00e9seau obsol\u00e8te et des configurations complexes. L'infrastructure existante manquait de visibilit\u00e9, ce qui rendait difficile la gestion des services m\u00e9tiers, la prise en charge de la reprise apr\u00e8s sinistre et la gestion efficace des activit\u00e9s du centre de donn\u00e9es. [vc_empty_space height=\"20px\"][vc_single_image image=\"28755\" img_size=\"full\"][vc_empty_space height=\"20px\"]Ostec a mis en \u0153uvre l'infrastructure centr\u00e9e sur les applications (ACI) de Cisco dans le cadre de la strat\u00e9gie de transformation num\u00e9rique de l'organisation. ACI est une solution compl\u00e8te de r\u00e9seau d\u00e9fini par logiciel (SDN) qui simplifie, optimise et acc\u00e9l\u00e8re le d\u00e9ploiement et la gouvernance de l'infrastructure, comblant ainsi le foss\u00e9 entre l'entreprise et l'informatique. [vc_empty_space height=\"20px\"][vc_separator border_width=\"2\"][vc_empty_space height=\"20px\"]La mise en \u0153uvre de l'ACI a fourni une visibilit\u00e9 et une surveillance de la couche application, rendant les configurations r\u00e9seau, les r\u00e8gles de s\u00e9curit\u00e9 et les politiques beaucoup plus claires. Le d\u00e9ploiement a permis un d\u00e9ploiement et une configuration r\u00e9seau enti\u00e8rement automatis\u00e9s, rendant la configuration initiale plus rapide et s'adaptant efficacement aux changements dynamiques. Le d\u00e9ploiement d'ACI a apport\u00e9 des am\u00e9liorations...","protected":false},"author":1,"featured_media":0,"parent":0,"menu_order":0,"comment_status":"closed","ping_status":"closed","template":"","meta":{"footnotes":""},"_links":{"self":[{"href":"https:\/\/ostecit.com\/fr\/wp-json\/wp\/v2\/pages\/28764"}],"collection":[{"href":"https:\/\/ostecit.com\/fr\/wp-json\/wp\/v2\/pages"}],"about":[{"href":"https:\/\/ostecit.com\/fr\/wp-json\/wp\/v2\/types\/page"}],"author":[{"embeddable":true,"href":"https:\/\/ostecit.com\/fr\/wp-json\/wp\/v2\/users\/1"}],"replies":[{"embeddable":true,"href":"https:\/\/ostecit.com\/fr\/wp-json\/wp\/v2\/comments?post=28764"}],"version-history":[{"count":3,"href":"https:\/\/ostecit.com\/fr\/wp-json\/wp\/v2\/pages\/28764\/revisions"}],"predecessor-version":[{"id":28774,"href":"https:\/\/ostecit.com\/fr\/wp-json\/wp\/v2\/pages\/28764\/revisions\/28774"}],"wp:attachment":[{"href":"https:\/\/ostecit.com\/fr\/wp-json\/wp\/v2\/media?parent=28764"}],"curies":[{"name":"wp","href":"https:\/\/api.w.org\/{rel}","templated":true}]}}