{"id":28813,"date":"2025-08-22T09:33:52","date_gmt":"2025-08-22T09:33:52","guid":{"rendered":"https:\/\/ostecit.com\/fr\/?page_id=28813"},"modified":"2025-08-22T09:41:50","modified_gmt":"2025-08-22T09:41:50","slug":"politique-anti-corruption","status":"publish","type":"page","link":"https:\/\/ostecit.com\/fr\/politique-anti-corruption\/","title":{"rendered":"Politique Anti-corruption"},"content":{"rendered":"<section class=\"wpb-content-wrapper\"><section class=\"vc_row wpb_row vc_row-fluid  vc_custom_1510651119539 wow none pofo-row-responsive-69df42064b44b\"><div class=\"wpb_column vc_column_container vc_col-sm-12  col-xs-mobile-fullwidth\"><div class=\"vc_column-inner \"><div class=\"wpb_wrapper\">[vc_empty_space height=&#8221;80px&#8221;]<div class=\"last-paragraph-no-margin\"><h1>Politique Anti-corruption<\/h1>\n<p>Nous pensons qu\u2019une entreprise b\u00e2tie sur l\u2019int\u00e9grit\u00e9 est une entreprise solide. C&#8217;est pourquoi Ostec Limited applique une politique de<strong> tol\u00e9rance z\u00e9ro \u00e0 l&#8217;\u00e9gard de la corruption<\/strong> sous toutes ses formes.<\/p>\n<p>Cette politique s&#8217;applique \u00e0 tous ceux qui travaillent avec nous, de nos employ\u00e9s et dirigeants \u00e0 nos sous-traitants et partenaires. Notre objectif est de garantir que toutes nos activit\u00e9s sont men\u00e9es selon les normes \u00e9thiques les plus \u00e9lev\u00e9es, en totale conformit\u00e9 avec les lois anti-corruption du monde entier.<\/p>\n<p>Pour y parvenir, nous nous engageons \u00e0 :<\/p>\n<ul>\n<li><strong>\u00c9tablir la norme<\/strong>: Nos dirigeants se consacrent \u00e0 montrer l\u2019exemple et \u00e0 promouvoir une culture d\u2019honn\u00eatet\u00e9 et de transparence.<\/li>\n<li><strong>Pr\u00e9vention de la corruption<\/strong>: Nous avons \u00e9tabli des directives claires et des contr\u00f4les internes robustes pour pr\u00e9venir et d\u00e9tecter toute forme de corruption, de fraude ou d&#8217;autres activit\u00e9s de corruption.<\/li>\n<li><strong>V\u00e9rification approfondie<\/strong>: nous effectuons une v\u00e9rification pr\u00e9alable approfondie de tous nos partenaires tiers pour nous assurer qu&#8217;ils partagent notre engagement envers des pratiques \u00e9thiques.<\/li>\n<li><strong>Autonomiser notre \u00e9quipe<\/strong> : nous proposons des formations r\u00e9guli\u00e8res pour nous assurer que chacun comprend son r\u00f4le dans la pr\u00e9vention de la corruption et sait comment signaler ses pr\u00e9occupations en toute s\u00e9curit\u00e9 et confidentialit\u00e9, sans crainte de repr\u00e9sailles.<\/li>\n<\/ul>\n<p>En respectant cette politique, nous prot\u00e9geons notre entreprise, nos parties prenantes et les communaut\u00e9s que nous servons.<\/p>\n<p>Cordialement,<\/p>\n<p>Jonathan Tawiah<\/p>\n<div>\n<p><strong>CEO<\/strong><\/p>\n<\/div>\n<div><strong>Date<\/strong>: 15<sup>th<\/sup> March 2025<\/div>\n<p><strong><img loading=\"lazy\" decoding=\"async\" class=\"alignleft wp-image-26568\" src=\"https:\/\/ostecit.com\/fr\/wp-content\/uploads\/\/2021\/10\/jt-signature-150x150.png\" alt=\"\" width=\"100\" height=\"57\" \/><\/strong><\/p>\n<div>\n<p>&nbsp;<\/p>\n<p>&nbsp;<\/p>\n<p>&nbsp;<\/p>\n<\/div>\n<div><\/div>\n<\/div><\/div><\/div><\/div><\/section>\n<\/section>","protected":false},"excerpt":{"rendered":"[vc_empty_space height=\"80px\"]Politique Anti-corruption Nous pensons qu\u2019une entreprise b\u00e2tie sur l\u2019int\u00e9grit\u00e9 est une entreprise solide. C'est pourquoi Ostec Limited applique une politique de tol\u00e9rance z\u00e9ro \u00e0 l'\u00e9gard de la corruption sous toutes ses formes. Cette politique s'applique \u00e0 tous ceux qui travaillent avec nous, de nos employ\u00e9s et dirigeants \u00e0 nos sous-traitants et partenaires. Notre objectif est de garantir que toutes nos activit\u00e9s sont men\u00e9es selon les normes \u00e9thiques les plus \u00e9lev\u00e9es, en totale conformit\u00e9 avec les lois anti-corruption du monde entier. Pour y parvenir, nous nous engageons \u00e0 : \u00c9tablir la norme: Nos dirigeants se consacrent \u00e0 montrer l\u2019exemple et \u00e0 promouvoir une culture d\u2019honn\u00eatet\u00e9 et de transparence. Pr\u00e9vention de la corruption: Nous avons \u00e9tabli des directives claires et des contr\u00f4les internes robustes pour pr\u00e9venir et d\u00e9tecter toute forme de corruption, de fraude ou d'autres activit\u00e9s de corruption. V\u00e9rification approfondie: nous effectuons une v\u00e9rification pr\u00e9alable approfondie de tous nos partenaires tiers pour nous assurer qu'ils partagent notre engagement envers des pratiques \u00e9thiques. Autonomiser notre \u00e9quipe : nous proposons des formations r\u00e9guli\u00e8res pour nous assurer que chacun comprend son r\u00f4le dans la pr\u00e9vention de la corruption et sait comment signaler ses pr\u00e9occupations en toute s\u00e9curit\u00e9 et confidentialit\u00e9, sans crainte de repr\u00e9sailles....","protected":false},"author":1,"featured_media":0,"parent":0,"menu_order":0,"comment_status":"closed","ping_status":"closed","template":"","meta":{"footnotes":""},"_links":{"self":[{"href":"https:\/\/ostecit.com\/fr\/wp-json\/wp\/v2\/pages\/28813"}],"collection":[{"href":"https:\/\/ostecit.com\/fr\/wp-json\/wp\/v2\/pages"}],"about":[{"href":"https:\/\/ostecit.com\/fr\/wp-json\/wp\/v2\/types\/page"}],"author":[{"embeddable":true,"href":"https:\/\/ostecit.com\/fr\/wp-json\/wp\/v2\/users\/1"}],"replies":[{"embeddable":true,"href":"https:\/\/ostecit.com\/fr\/wp-json\/wp\/v2\/comments?post=28813"}],"version-history":[{"count":1,"href":"https:\/\/ostecit.com\/fr\/wp-json\/wp\/v2\/pages\/28813\/revisions"}],"predecessor-version":[{"id":28814,"href":"https:\/\/ostecit.com\/fr\/wp-json\/wp\/v2\/pages\/28813\/revisions\/28814"}],"wp:attachment":[{"href":"https:\/\/ostecit.com\/fr\/wp-json\/wp\/v2\/media?parent=28813"}],"curies":[{"name":"wp","href":"https:\/\/api.w.org\/{rel}","templated":true}]}}